{"id":774481,"date":"2025-08-29T01:37:57","date_gmt":"2025-08-28T22:37:57","guid":{"rendered":"https:\/\/roveyayinevi.com.tr\/index.php\/urun\/ruhun-uyanisi\/"},"modified":"2026-04-15T03:39:54","modified_gmt":"2026-04-15T00:39:54","slug":"ruhun-uyanisi","status":"publish","type":"product","link":"https:\/\/roveyayinevi.com.tr\/index.php\/urun\/ruhun-uyanisi\/","title":{"rendered":"Ruhun Uyan\u0131\u015f\u0131"},"content":{"rendered":"<p>Bazen ne hissetti\u011fini bile tarif edemezsin&#8230; Yorulmu\u015fsundur, unutmuyorsundur. Ama bir yerin hala umutla at\u0131yordur. Bu kitap, tam oraya dokunmak i\u00e7in yaz\u0131ld\u0131. Kalbinde sessizce bekleyen o sesi Yeniden duyman i\u00e7in&#8230;       Sayfalar\u0131 \u00e7evirdik\u00e7e Belki sustuklar\u0131n\u0131 hat\u0131rlayacaks\u0131n, Belki g\u00f6zlerin dolacak, Belki sadece derin bir &#8220;oh&#8221; diyeceksin i\u00e7inden.   Ama \u015funu bil: Bu kitap seni de\u011fi\u015ftirmeye \u00e7al\u0131\u015fmayacak. Sadece sana kendini hat\u0131rlatacak.   Ve belki de uzun zaman sonra ilk defa &#8220;Ben h\u00e2l\u00e2 buraday\u0131m&#8221; diyeceksin, Sessiz ama kararl\u0131. Bu kitap sana bir \u015fey anlatmaz. Sadece seninle konu\u015fur, Ve belki&#8230; Hi\u00e7 kimsenin s\u00f6yleyemedi\u011fi \u015feyleri f\u0131s\u0131ldar. <\/p>\n","protected":false},"excerpt":{"rendered":"<p>Bazen ne hissetti\u011fini bile tarif edemezsin&#8230; Yorulmu\u015fsundur, unutmuyorsundur. Ama bir yerin hala umutla at\u0131yordur. Bu kitap, tam oraya dokunmak i\u00e7in yaz\u0131ld\u0131. Kalbinde sessizce bekleyen o sesi<span class=\"excerpt-hellip\"> [\u2026]<\/span><\/p>\n","protected":false},"featured_media":0,"template":"","meta":{"_monsterinsights_skip_tracking":false,"_monsterinsights_sitenote_active":false,"_monsterinsights_sitenote_note":"","_monsterinsights_sitenote_category":0},"product_brand":[],"product_cat":[12364,12376],"product_tag":[],"class_list":{"0":"post-774481","1":"product","2":"type-product","3":"status-publish","5":"product_cat-genel-konular","6":"product_cat-kisisel-gelisim","7":"pa_cilt-ciltsiz","8":"pa_tur-kitap","9":"pa_yayinevi-gulnar-yayinlari","10":"pa_yazar-nur-inci-sovukpinar","12":"first","13":"instock","14":"sale","15":"shipping-taxable","16":"purchasable","17":"product-type-simple"},"_links":{"self":[{"href":"https:\/\/roveyayinevi.com.tr\/index.php\/wp-json\/wp\/v2\/product\/774481","targetHints":{"allow":["GET"]}}],"collection":[{"href":"https:\/\/roveyayinevi.com.tr\/index.php\/wp-json\/wp\/v2\/product"}],"about":[{"href":"https:\/\/roveyayinevi.com.tr\/index.php\/wp-json\/wp\/v2\/types\/product"}],"wp:attachment":[{"href":"https:\/\/roveyayinevi.com.tr\/index.php\/wp-json\/wp\/v2\/media?parent=774481"}],"wp:term":[{"taxonomy":"product_brand","embeddable":true,"href":"https:\/\/roveyayinevi.com.tr\/index.php\/wp-json\/wp\/v2\/product_brand?post=774481"},{"taxonomy":"product_cat","embeddable":true,"href":"https:\/\/roveyayinevi.com.tr\/index.php\/wp-json\/wp\/v2\/product_cat?post=774481"},{"taxonomy":"product_tag","embeddable":true,"href":"https:\/\/roveyayinevi.com.tr\/index.php\/wp-json\/wp\/v2\/product_tag?post=774481"}],"curies":[{"name":"wp","href":"https:\/\/api.w.org\/{rel}","templated":true}]}}