{"id":774480,"date":"2025-08-29T01:37:55","date_gmt":"2025-08-28T22:37:55","guid":{"rendered":"https:\/\/roveyayinevi.com.tr\/index.php\/urun\/cocukta-dini-duygunun-tesekkulu\/"},"modified":"2026-04-15T03:39:54","modified_gmt":"2026-04-15T00:39:54","slug":"cocukta-dini-duygunun-tesekkulu","status":"publish","type":"product","link":"https:\/\/roveyayinevi.com.tr\/index.php\/urun\/cocukta-dini-duygunun-tesekkulu\/","title":{"rendered":"\u00c7ocukta Dini Duygunun Te\u015fekk\u00fcl\u00fc"},"content":{"rendered":"<p>\u00c7ocukluk d\u00f6nemindeki dini \u00f6\u011frenmelerimizin b\u00fcy\u00fck \u00e7o\u011funlu\u011funun psikolojik bir temeli vard\u0131r. Duygular\u0131n etken oldu\u011fu erken \u00e7ocukluk d\u00f6neminde, dini duygunun geli\u015fimi de psikolojik atmosferle ili\u015fkilidir.  Bu nedenle evrensel bir temeli olan dini duygunun sa\u011fl\u0131kl\u0131 geli\u015fimi, \u00f6zellikle psikolojik olarak ruh sa\u011fl\u0131\u011f\u0131 yerinde olan bir anne babayla m\u00fcmk\u00fcnd\u00fcr.   O halde yeti\u015fkin bir bireyin dini, o bireyin erken \u00e7ocukluk d\u00f6neminde \u015fekillendi\u011finden \u00f6ncelikle anne babalar\u0131n ve e\u011fitimcilerin \u201c\u00c7ocukta Dini Duygunun Te\u015fekk\u00fcl\u00fc\u201dne ayr\u0131 bir \u00f6nem vermeleri gerekmektedir. <\/p>\n","protected":false},"excerpt":{"rendered":"<p>\u00c7ocukluk d\u00f6nemindeki dini \u00f6\u011frenmelerimizin b\u00fcy\u00fck \u00e7o\u011funlu\u011funun psikolojik bir temeli vard\u0131r. Duygular\u0131n etken oldu\u011fu erken \u00e7ocukluk d\u00f6neminde, dini duygunun geli\u015fimi de psikolojik atmosferle ili\u015fkilidir. Bu nedenle evrensel<span class=\"excerpt-hellip\"> [\u2026]<\/span><\/p>\n","protected":false},"featured_media":0,"template":"","meta":{"_monsterinsights_skip_tracking":false,"_monsterinsights_sitenote_active":false,"_monsterinsights_sitenote_note":"","_monsterinsights_sitenote_category":0},"product_brand":[],"product_cat":[12357],"product_tag":[],"class_list":{"0":"post-774480","1":"product","2":"type-product","3":"status-publish","5":"product_cat-psikoloji","6":"pa_cilt-ciltsiz","7":"pa_tur-kitap","8":"pa_yayinevi-gulnar-yayinlari","9":"pa_yazar-ali-baz-bilici","11":"first","12":"instock","13":"sale","14":"shipping-taxable","15":"purchasable","16":"product-type-simple"},"_links":{"self":[{"href":"https:\/\/roveyayinevi.com.tr\/index.php\/wp-json\/wp\/v2\/product\/774480","targetHints":{"allow":["GET"]}}],"collection":[{"href":"https:\/\/roveyayinevi.com.tr\/index.php\/wp-json\/wp\/v2\/product"}],"about":[{"href":"https:\/\/roveyayinevi.com.tr\/index.php\/wp-json\/wp\/v2\/types\/product"}],"wp:attachment":[{"href":"https:\/\/roveyayinevi.com.tr\/index.php\/wp-json\/wp\/v2\/media?parent=774480"}],"wp:term":[{"taxonomy":"product_brand","embeddable":true,"href":"https:\/\/roveyayinevi.com.tr\/index.php\/wp-json\/wp\/v2\/product_brand?post=774480"},{"taxonomy":"product_cat","embeddable":true,"href":"https:\/\/roveyayinevi.com.tr\/index.php\/wp-json\/wp\/v2\/product_cat?post=774480"},{"taxonomy":"product_tag","embeddable":true,"href":"https:\/\/roveyayinevi.com.tr\/index.php\/wp-json\/wp\/v2\/product_tag?post=774480"}],"curies":[{"name":"wp","href":"https:\/\/api.w.org\/{rel}","templated":true}]}}