{"id":774479,"date":"2025-08-29T01:37:54","date_gmt":"2025-08-28T22:37:54","guid":{"rendered":"https:\/\/roveyayinevi.com.tr\/index.php\/urun\/iman-islam-ve-kuran-cep-boy\/"},"modified":"2026-04-15T03:39:53","modified_gmt":"2026-04-15T00:39:53","slug":"iman-islam-ve-kuran-cep-boy","status":"publish","type":"product","link":"https:\/\/roveyayinevi.com.tr\/index.php\/urun\/iman-islam-ve-kuran-cep-boy\/","title":{"rendered":"\u0130man, \u0130slam ve Kur&#8217;an (Cep Boy)"},"content":{"rendered":"<p>Bu kitap sizlerin y\u00fcce dinimiz \u0130slamiyeti, iman\u0131 ve Kur\u2019an\u2019\u0131 en kolay \u015fekilde \u00f6\u011frenmeniz ve ya\u015faman\u0131z i\u00e7in yaz\u0131ld\u0131. Allah\u2019a samimi bir kul, O\u2019nun Habibi Edibi Hz. Muhammed\u2019e (s.a.v.) tam ba\u011fl\u0131 bir \u00fcmmet, vatan\u0131na, milletine ve b\u00fcy\u00fck insanl\u0131k ailesine faydal\u0131 bir insan olarak Cennet yolcusu olman\u0131z i\u00e7in yaz\u0131ld\u0131. Kitab\u0131 okuyup hayat\u0131na hayat yapanlar in\u015faallah Cennet yolcusu olurlar. G\u00fcn\u00fcm\u00fcz insan\u0131na asr-\u0131 saadet\u2019ten tatl\u0131 bir esinti, s\u0131cac\u0131k ve kutlu bir mesaj olsun diye kaleme al\u0131nan bu kitap kolay ve h\u0131zl\u0131 okunur bir eserdir ve Sevgili Peygamberimizin (s.a.v.) m\u00fcstakim hayat \u00e7izgisini zaman-\u0131 haz\u0131ra yani \u015fimdi ve buradaya ta\u015f\u0131ma ad\u0131na m\u00fchim bir g\u00f6revi eda ediyor. Benimse tek bir gayem var. O gayem de sadece ve sadece Hz. Allah\u2019\u0131n (Celle Celal\u00fch\u00fc) r\u0131zas\u0131d\u0131r. Hay\u0131rl\u0131, bereketli, feyizli ve mutlu okumalar dilerim. H\u00fcrmetlerimle\u2026 Said ERDEML\u0130 <\/p>\n","protected":false},"excerpt":{"rendered":"<p>Bu kitap sizlerin y\u00fcce dinimiz \u0130slamiyeti, iman\u0131 ve Kur\u2019an\u2019\u0131 en kolay \u015fekilde \u00f6\u011frenmeniz ve ya\u015faman\u0131z i\u00e7in yaz\u0131ld\u0131. Allah\u2019a samimi bir kul, O\u2019nun Habibi Edibi Hz. Muhammed\u2019e<span class=\"excerpt-hellip\"> [\u2026]<\/span><\/p>\n","protected":false},"featured_media":0,"template":"","meta":{"_monsterinsights_skip_tracking":false,"_monsterinsights_sitenote_active":false,"_monsterinsights_sitenote_note":"","_monsterinsights_sitenote_category":0},"product_brand":[],"product_cat":[12718,12719],"product_tag":[],"class_list":{"0":"post-774479","1":"product","2":"type-product","3":"status-publish","5":"product_cat-din","6":"product_cat-islam","7":"pa_cilt-ciltsiz","8":"pa_tur-kitap","9":"pa_yayinevi-doksan-dokuz-yayinlari","10":"pa_yazar-said-erdemli","12":"first","13":"instock","14":"sale","15":"shipping-taxable","16":"purchasable","17":"product-type-simple"},"_links":{"self":[{"href":"https:\/\/roveyayinevi.com.tr\/index.php\/wp-json\/wp\/v2\/product\/774479","targetHints":{"allow":["GET"]}}],"collection":[{"href":"https:\/\/roveyayinevi.com.tr\/index.php\/wp-json\/wp\/v2\/product"}],"about":[{"href":"https:\/\/roveyayinevi.com.tr\/index.php\/wp-json\/wp\/v2\/types\/product"}],"wp:attachment":[{"href":"https:\/\/roveyayinevi.com.tr\/index.php\/wp-json\/wp\/v2\/media?parent=774479"}],"wp:term":[{"taxonomy":"product_brand","embeddable":true,"href":"https:\/\/roveyayinevi.com.tr\/index.php\/wp-json\/wp\/v2\/product_brand?post=774479"},{"taxonomy":"product_cat","embeddable":true,"href":"https:\/\/roveyayinevi.com.tr\/index.php\/wp-json\/wp\/v2\/product_cat?post=774479"},{"taxonomy":"product_tag","embeddable":true,"href":"https:\/\/roveyayinevi.com.tr\/index.php\/wp-json\/wp\/v2\/product_tag?post=774479"}],"curies":[{"name":"wp","href":"https:\/\/api.w.org\/{rel}","templated":true}]}}