{"id":774476,"date":"2025-08-29T01:36:58","date_gmt":"2025-08-28T22:36:58","guid":{"rendered":"https:\/\/roveyayinevi.com.tr\/index.php\/urun\/islam-hakkinda-soru-yorum\/"},"modified":"2026-04-15T03:39:50","modified_gmt":"2026-04-15T00:39:50","slug":"islam-hakkinda-soru-yorum","status":"publish","type":"product","link":"https:\/\/roveyayinevi.com.tr\/index.php\/urun\/islam-hakkinda-soru-yorum\/","title":{"rendered":"\u0130slam Hakk\u0131nda Soru-Yorum"},"content":{"rendered":"<p>Bug\u00fcn ba\u015fta \u0130slam alemi olmak \u00fczere Bat\u0131\u2019s\u0131yla Do\u011fu\u2019suyla d\u00fcnya insan\u0131n\u0131n inan\u00e7 ve ahlaki a\u00e7\u0131dan \u00e7ok ciddi gailelerle bo\u011fu\u015ftu\u011fu ve o nispette \u00e7ok ciddi bir aray\u0131\u015f\u0131n e\u015fi\u011finde oldu\u011funa inan\u0131yorum. Hele sapk\u0131n e\u011filim ve d\u00fc\u015f\u00fcncelerin a\u00e7\u0131k\u00e7a hem de sald\u0131rgan bir dille savunuldu\u011funu ibretle g\u00f6r\u00fcyorum. Onun i\u00e7in hakka hak etti\u011fini acilen iade etmenin zaman\u0131 geldi de ge\u00e7iyor diye d\u00fc\u015f\u00fcn\u00fcyorum. Evet, M\u00fcsl\u00fcman\u0131m diyen temsil etti\u011fi de\u011ferleri \u00e7ok daha g\u00fc\u00e7l\u00fc ve a\u00e7\u0131k bir dille ifade etmesi gerekmektedir. Di\u011fer bir tabirle evrensel bir kimli\u011fe haiz olan \u0130slamiyet\u2019in rabb\u00e2nili\u011fi hakk\u0131nda olas\u0131 ta\u2019n ve ithamlar\u0131 bertaraf etmek M\u00fcsl\u00fcman\u0131m diyen her bir ferdin vazifesi olsa gerektir. Aksi takdirde, \u0130slamiyet\u2019in vahiy mahsul\u00fc de\u011fil de herhangi felsef\u00ee ak\u0131m ve ideoloji gibi, g\u00fcn\u00fcn muteber d\u00fc\u015f\u00fcnce ve kaynaklar\u0131ndan istifade edilerek ihdas edildi\u011fi dolay\u0131s\u0131yla zamanla revizeye ihtiya\u00e7 duyaca\u011f\u0131 zu\u2019m edilecektir. Ve inan\u0131yorum ki Kur\u2019\u00e2n\u2019\u0131n ve onu beyan eden hadislerin ortaya koydu\u011fu de\u011ferler k\u0131yamete kadar her zaman dilimine hitap edebilecek evrensel \u00f6zelli\u011fe sahip. Sorun, bu de\u011ferleri birilerinin karihas\u0131na havale ile ger\u00e7e\u011finden sapt\u0131rma veya \u201ceskiler\/b\u00fcy\u00fckler b\u00f6yle buyurmu\u015f\u201dun tesiri alt\u0131nda mahalle bask\u0131s\u0131 ile akl\u0131 onlar\u0131n yorumlar\u0131na tabi k\u0131lma. Zira zaman ilerledik\u00e7e, sorunlar\u0131 da ilerliyor. Ve o sorunlar hakl\u0131-haks\u0131z demagojik sorulara d\u00f6n\u00fc\u015f\u00fcp inan\u00e7lar\u0131 sarsabiliyor. <\/p>\n","protected":false},"excerpt":{"rendered":"<p>Bug\u00fcn ba\u015fta \u0130slam alemi olmak \u00fczere Bat\u0131\u2019s\u0131yla Do\u011fu\u2019suyla d\u00fcnya insan\u0131n\u0131n inan\u00e7 ve ahlaki a\u00e7\u0131dan \u00e7ok ciddi gailelerle bo\u011fu\u015ftu\u011fu ve o nispette \u00e7ok ciddi bir aray\u0131\u015f\u0131n e\u015fi\u011finde<span class=\"excerpt-hellip\"> [\u2026]<\/span><\/p>\n","protected":false},"featured_media":0,"template":"","meta":{"_monsterinsights_skip_tracking":false,"_monsterinsights_sitenote_active":false,"_monsterinsights_sitenote_note":"","_monsterinsights_sitenote_category":0},"product_brand":[],"product_cat":[12718,12719],"product_tag":[],"class_list":{"0":"post-774476","1":"product","2":"type-product","3":"status-publish","5":"product_cat-din","6":"product_cat-islam","7":"pa_cilt-ciltsiz","8":"pa_tur-kitap","9":"pa_yayinevi-gulnar-yayinlari","10":"pa_yazar-ali-cuneyt-eren","12":"first","13":"instock","14":"sale","15":"shipping-taxable","16":"purchasable","17":"product-type-simple"},"_links":{"self":[{"href":"https:\/\/roveyayinevi.com.tr\/index.php\/wp-json\/wp\/v2\/product\/774476","targetHints":{"allow":["GET"]}}],"collection":[{"href":"https:\/\/roveyayinevi.com.tr\/index.php\/wp-json\/wp\/v2\/product"}],"about":[{"href":"https:\/\/roveyayinevi.com.tr\/index.php\/wp-json\/wp\/v2\/types\/product"}],"wp:attachment":[{"href":"https:\/\/roveyayinevi.com.tr\/index.php\/wp-json\/wp\/v2\/media?parent=774476"}],"wp:term":[{"taxonomy":"product_brand","embeddable":true,"href":"https:\/\/roveyayinevi.com.tr\/index.php\/wp-json\/wp\/v2\/product_brand?post=774476"},{"taxonomy":"product_cat","embeddable":true,"href":"https:\/\/roveyayinevi.com.tr\/index.php\/wp-json\/wp\/v2\/product_cat?post=774476"},{"taxonomy":"product_tag","embeddable":true,"href":"https:\/\/roveyayinevi.com.tr\/index.php\/wp-json\/wp\/v2\/product_tag?post=774476"}],"curies":[{"name":"wp","href":"https:\/\/api.w.org\/{rel}","templated":true}]}}