{"id":774475,"date":"2025-08-29T01:36:47","date_gmt":"2025-08-28T22:36:47","guid":{"rendered":"https:\/\/roveyayinevi.com.tr\/index.php\/urun\/belgelerle-mhp-tarihi\/"},"modified":"2026-04-15T03:39:49","modified_gmt":"2026-04-15T00:39:49","slug":"belgelerle-mhp-tarihi","status":"publish","type":"product","link":"https:\/\/roveyayinevi.com.tr\/index.php\/urun\/belgelerle-mhp-tarihi\/","title":{"rendered":"Belgelerle Mhp Tarihi"},"content":{"rendered":"<p>Devletin kutsal, insan\u0131n \u00f6nemsiz say\u0131ld\u0131\u011f\u0131 toplumlarda g\u00fcnahlar\u0131 bayraklar\u0131n arkas\u0131na gizlemek kolayd\u0131r. Birilerini hain ilan etmeniz, birlik ve beraberlikten s\u00f6z eden y\u00fcksek sesli nutuklar atman\u0131z yeterli. \u00dcstelik o geni\u015f me\u015fruiyet alan\u0131n\u0131zda zaten insanlardan, \u201ciyi oldu da geberdi\u201d diye s\u00f6z ediliyorsa\u2026 K\u00fc\u00e7\u00fck yalanlarla \u00f6l\u00fcmler me\u015fru say\u0131l\u0131yor, normalle\u015ftiriliyorsa. Kitaptaki ba\u015fl\u0131klar, haberler, yaz\u0131lar, a\u00e7\u0131klamalar g\u00f6steriyor ki \u00dclk\u00fc Ocaklar\u0131 ve MHP, herkesin bildi\u011fi ancak s\u0131r sayd\u0131\u011f\u0131 hakikatlerin tam ortas\u0131ndad\u0131r.Kontrgerilla vard\u0131r ve derin devlet denilen, g\u00f6r\u00fcnen devletle etle t\u0131rnak gibi b\u00fct\u00fcnle\u015fmi\u015f yap\u0131n\u0131n gizlenemez aparatlar\u0131d\u0131r. Bununla m\u00fccadele etmek, \u201ctemiz eller\u201d slogan\u0131yla a\u00e7\u0131lan \u00fc\u00e7 be\u015f soru\u015fturmayla bu yap\u0131y\u0131 yenmek m\u00fcmk\u00fcn m\u00fc? De\u011fil elbette. Ancak yine de m\u00fccadele \u015fart. Zira m\u00fccadele etmedi\u011finizde \u00f6zg\u00fcr ve e\u015fit bir toplumdan s\u00f6z etmeyi b\u0131rak\u0131n, b\u00f6yle bir \u00fclkeyi hayal etmek bile imk\u00e2ns\u0131z\u2026 \u0130bretle okuyun kitab\u0131, b\u00f6yle oldu\u011funu a\u00e7\u0131k ve se\u00e7ik bi\u00e7imde g\u00f6receksiniz\u2026 <\/p>\n","protected":false},"excerpt":{"rendered":"<p>Devletin kutsal, insan\u0131n \u00f6nemsiz say\u0131ld\u0131\u011f\u0131 toplumlarda g\u00fcnahlar\u0131 bayraklar\u0131n arkas\u0131na gizlemek kolayd\u0131r. Birilerini hain ilan etmeniz, birlik ve beraberlikten s\u00f6z eden y\u00fcksek sesli nutuklar atman\u0131z yeterli. \u00dcstelik<span class=\"excerpt-hellip\"> [\u2026]<\/span><\/p>\n","protected":false},"featured_media":0,"template":"","meta":{"_monsterinsights_skip_tracking":false,"_monsterinsights_sitenote_active":false,"_monsterinsights_sitenote_note":"","_monsterinsights_sitenote_category":0},"product_brand":[],"product_cat":[13835],"product_tag":[],"class_list":{"0":"post-774475","1":"product","2":"type-product","3":"status-publish","5":"product_cat-cok-satanlar","6":"pa_cilt-ciltsiz","7":"pa_tur-kitap","8":"pa_yayinevi-sol-kultur","9":"pa_yazar-ozay-goztepe","11":"first","12":"instock","13":"sale","14":"shipping-taxable","15":"purchasable","16":"product-type-simple"},"_links":{"self":[{"href":"https:\/\/roveyayinevi.com.tr\/index.php\/wp-json\/wp\/v2\/product\/774475","targetHints":{"allow":["GET"]}}],"collection":[{"href":"https:\/\/roveyayinevi.com.tr\/index.php\/wp-json\/wp\/v2\/product"}],"about":[{"href":"https:\/\/roveyayinevi.com.tr\/index.php\/wp-json\/wp\/v2\/types\/product"}],"wp:attachment":[{"href":"https:\/\/roveyayinevi.com.tr\/index.php\/wp-json\/wp\/v2\/media?parent=774475"}],"wp:term":[{"taxonomy":"product_brand","embeddable":true,"href":"https:\/\/roveyayinevi.com.tr\/index.php\/wp-json\/wp\/v2\/product_brand?post=774475"},{"taxonomy":"product_cat","embeddable":true,"href":"https:\/\/roveyayinevi.com.tr\/index.php\/wp-json\/wp\/v2\/product_cat?post=774475"},{"taxonomy":"product_tag","embeddable":true,"href":"https:\/\/roveyayinevi.com.tr\/index.php\/wp-json\/wp\/v2\/product_tag?post=774475"}],"curies":[{"name":"wp","href":"https:\/\/api.w.org\/{rel}","templated":true}]}}