{"id":774474,"date":"2025-08-29T01:36:26","date_gmt":"2025-08-28T22:36:26","guid":{"rendered":"https:\/\/roveyayinevi.com.tr\/index.php\/urun\/vergi-hukuku-ve-turk-vergi-sistemi-3\/"},"modified":"2026-04-15T03:39:48","modified_gmt":"2026-04-15T00:39:48","slug":"vergi-hukuku-ve-turk-vergi-sistemi-3","status":"publish","type":"product","link":"https:\/\/roveyayinevi.com.tr\/index.php\/urun\/vergi-hukuku-ve-turk-vergi-sistemi-3\/","title":{"rendered":"Vergi Hukuku ve T\u00fcrk Vergi Sistemi"},"content":{"rendered":"<p>Vergi Hukuku ve T\u00fcrk Vergi Sistemi, devletin mali g\u00fcc\u00fcn\u00fc olu\u015fturan vergi d\u00fczeninin hem hukuki temellerini hem de T\u00fcrkiye\u2019deki uygulama esaslar\u0131n\u0131 kapsaml\u0131 bir \u015fekilde ele almaktad\u0131r. Kitap, vergi hukukunun anayasa, idare ve ceza hukuku gibi di\u011fer hukuk dallar\u0131yla olan ili\u015fkisini a\u00e7\u0131klarken, vergi kanunlar\u0131n\u0131n uygulanma bi\u00e7imlerini, yorum y\u00f6ntemlerini ve k\u0131yas yasa\u011f\u0131n\u0131 detayland\u0131r\u0131r. Vergilendirme s\u00fcreci, m\u00fckellefin hak ve y\u00fck\u00fcml\u00fcl\u00fckleri, belge d\u00fczeni ve amortisman gibi teknik konular sistematik bi\u00e7imde i\u015flenmi\u015ftir. Ayr\u0131ca, gelir vergisi, kurumlar vergisi, KDV, \u00d6TV, damga vergisi gibi T\u00fcrk vergi sisteminde yer alan temel vergi t\u00fcrleri hem teorik hem uygulamal\u0131 y\u00f6nleriyle aktar\u0131lm\u0131\u015ft\u0131r. Hukuk \u00f6\u011frencilerinden maliye uzmanlar\u0131na kadar geni\u015f bir kitleye hitap eden bu eser, ayn\u0131 zamanda Gelir \u0130daresi Ba\u015fkanl\u0131\u011f\u0131\u2019n\u0131n yap\u0131s\u0131, vergi sorumlulu\u011fu ve vergi su\u00e7lar\u0131 gibi g\u00fcncel konulara da \u0131\u015f\u0131k tutmaktad\u0131r. Vergi hukukunun temel ilkelerini anlayarak T\u00fcrkiye\u2019deki vergi sistemine dair kapsaml\u0131 bir bak\u0131\u015f kazanmak isteyenler i\u00e7in vazge\u00e7ilmez bir kaynakt\u0131r. <\/p>\n","protected":false},"excerpt":{"rendered":"<p>Vergi Hukuku ve T\u00fcrk Vergi Sistemi, devletin mali g\u00fcc\u00fcn\u00fc olu\u015fturan vergi d\u00fczeninin hem hukuki temellerini hem de T\u00fcrkiye\u2019deki uygulama esaslar\u0131n\u0131 kapsaml\u0131 bir \u015fekilde ele almaktad\u0131r. Kitap,<span class=\"excerpt-hellip\"> [\u2026]<\/span><\/p>\n","protected":false},"featured_media":0,"template":"","meta":{"_monsterinsights_skip_tracking":false,"_monsterinsights_sitenote_active":false,"_monsterinsights_sitenote_note":"","_monsterinsights_sitenote_category":0},"product_brand":[],"product_cat":[15350,17583],"product_tag":[],"class_list":{"0":"post-774474","1":"product","2":"type-product","3":"status-publish","5":"product_cat-hukuk","6":"product_cat-kanun-ve-uygulama-kitaplari","7":"pa_cilt-ciltsiz","8":"pa_tur-kitap","9":"pa_yayinevi-gulnar-yayinlari","10":"pa_yazar-emin-ergun-selcuk","12":"first","13":"instock","14":"sale","15":"shipping-taxable","16":"purchasable","17":"product-type-simple"},"_links":{"self":[{"href":"https:\/\/roveyayinevi.com.tr\/index.php\/wp-json\/wp\/v2\/product\/774474","targetHints":{"allow":["GET"]}}],"collection":[{"href":"https:\/\/roveyayinevi.com.tr\/index.php\/wp-json\/wp\/v2\/product"}],"about":[{"href":"https:\/\/roveyayinevi.com.tr\/index.php\/wp-json\/wp\/v2\/types\/product"}],"wp:attachment":[{"href":"https:\/\/roveyayinevi.com.tr\/index.php\/wp-json\/wp\/v2\/media?parent=774474"}],"wp:term":[{"taxonomy":"product_brand","embeddable":true,"href":"https:\/\/roveyayinevi.com.tr\/index.php\/wp-json\/wp\/v2\/product_brand?post=774474"},{"taxonomy":"product_cat","embeddable":true,"href":"https:\/\/roveyayinevi.com.tr\/index.php\/wp-json\/wp\/v2\/product_cat?post=774474"},{"taxonomy":"product_tag","embeddable":true,"href":"https:\/\/roveyayinevi.com.tr\/index.php\/wp-json\/wp\/v2\/product_tag?post=774474"}],"curies":[{"name":"wp","href":"https:\/\/api.w.org\/{rel}","templated":true}]}}