{"id":774473,"date":"2025-08-29T01:35:56","date_gmt":"2025-08-28T22:35:56","guid":{"rendered":"https:\/\/roveyayinevi.com.tr\/index.php\/urun\/siyasal-iletisim-alacakaranligin-iki-atlisi-siyaset-ve-medya\/"},"modified":"2026-04-15T03:39:46","modified_gmt":"2026-04-15T00:39:46","slug":"siyasal-iletisim-alacakaranligin-iki-atlisi-siyaset-ve-medya","status":"publish","type":"product","link":"https:\/\/roveyayinevi.com.tr\/index.php\/urun\/siyasal-iletisim-alacakaranligin-iki-atlisi-siyaset-ve-medya\/","title":{"rendered":"Siyasal \u0130leti\u015fim &amp; Alacakaranl\u0131\u011f\u0131n \u0130ki Atl\u0131s\u0131 Siyaset ve Medya"},"content":{"rendered":"<p>Siyaset ve medya, modern hayat\u0131n en g\u00fc\u00e7l\u00fc dinamikleri aras\u0131nda yer al\u0131r. Bu kitap, siyasetin ka\u00e7\u0131n\u0131lmaz ger\u00e7ekli\u011fi ile kitle ileti\u015fiminin derin etkilerini ele alarak, okuyucuyu bu iki alan\u0131n kesi\u015fim noktas\u0131nda bir yolculu\u011fa \u00e7\u0131kar\u0131yor. Siyasetin iktidar ve ideolojiyle kurdu\u011fu ba\u011f, medyan\u0131n temsil ve \u00f6zg\u00fcrl\u00fck \u00fczerindeki belirleyici rol\u00fcyle i\u00e7 i\u00e7e ge\u00e7erken, bilgi ve manip\u00fclasyon aras\u0131ndaki ince \u00e7izgiye de \u0131\u015f\u0131k tutuluyor. Kitap, kamuoyunun \u015fekillenmesinde kritik bir ara\u00e7 olan siyasal ileti\u015fimi derinlikli bir \u015fekilde ele al\u0131yor.<\/p>\n","protected":false},"excerpt":{"rendered":"<p>Siyaset ve medya, modern hayat\u0131n en g\u00fc\u00e7l\u00fc dinamikleri aras\u0131nda yer al\u0131r. Bu kitap, siyasetin ka\u00e7\u0131n\u0131lmaz ger\u00e7ekli\u011fi ile kitle ileti\u015fiminin derin etkilerini ele alarak, okuyucuyu bu iki<span class=\"excerpt-hellip\"> [\u2026]<\/span><\/p>\n","protected":false},"featured_media":0,"template":"","meta":{"_monsterinsights_skip_tracking":false,"_monsterinsights_sitenote_active":false,"_monsterinsights_sitenote_note":"","_monsterinsights_sitenote_category":0},"product_brand":[],"product_cat":[13590,12337],"product_tag":[],"class_list":{"0":"post-774473","1":"product","2":"type-product","3":"status-publish","5":"product_cat-arastirma-inceleme-politika-siyaset","6":"product_cat-politika-siyaset","7":"pa_cilt-ciltsiz","8":"pa_tur-kitap","9":"pa_yayinevi-siyasiyat-yayinlari","10":"pa_yazar-m-naci-bostanci","12":"first","13":"instock","14":"sale","15":"shipping-taxable","16":"purchasable","17":"product-type-simple"},"_links":{"self":[{"href":"https:\/\/roveyayinevi.com.tr\/index.php\/wp-json\/wp\/v2\/product\/774473","targetHints":{"allow":["GET"]}}],"collection":[{"href":"https:\/\/roveyayinevi.com.tr\/index.php\/wp-json\/wp\/v2\/product"}],"about":[{"href":"https:\/\/roveyayinevi.com.tr\/index.php\/wp-json\/wp\/v2\/types\/product"}],"wp:attachment":[{"href":"https:\/\/roveyayinevi.com.tr\/index.php\/wp-json\/wp\/v2\/media?parent=774473"}],"wp:term":[{"taxonomy":"product_brand","embeddable":true,"href":"https:\/\/roveyayinevi.com.tr\/index.php\/wp-json\/wp\/v2\/product_brand?post=774473"},{"taxonomy":"product_cat","embeddable":true,"href":"https:\/\/roveyayinevi.com.tr\/index.php\/wp-json\/wp\/v2\/product_cat?post=774473"},{"taxonomy":"product_tag","embeddable":true,"href":"https:\/\/roveyayinevi.com.tr\/index.php\/wp-json\/wp\/v2\/product_tag?post=774473"}],"curies":[{"name":"wp","href":"https:\/\/api.w.org\/{rel}","templated":true}]}}