{"id":774472,"date":"2025-08-29T01:35:52","date_gmt":"2025-08-28T22:35:52","guid":{"rendered":"https:\/\/roveyayinevi.com.tr\/index.php\/urun\/bosluk-3\/"},"modified":"2026-03-12T03:37:46","modified_gmt":"2026-03-12T00:37:46","slug":"bosluk-3","status":"publish","type":"product","link":"https:\/\/roveyayinevi.com.tr\/index.php\/urun\/bosluk-3\/","title":{"rendered":"Bo\u015fluk"},"content":{"rendered":"<p>Bo\u015fluk \u2013 Varl\u0131kla Yokluk Aras\u0131nda Bir E\u015fik   \u201cSorgu yoksa, soru i\u015faretleri neden var? Kullanmad\u0131\u011f\u0131m\u0131z bu i\u015faretler neyin i\u015fareti? Kullanmak neden yasak, yasaksa neden bulduk? Bunlar\u0131 soruyorum.\u201d   Bo\u015fluk\u2026 Fizikte atomun i\u00e7inde titre\u015fen g\u00f6r\u00fcnmez alan. Tasavvufta benli\u011fin eridi\u011fi hi\u00e7lik. \u0130nsanda ise, hayallerle ger\u00e7ekler aras\u0131nda s\u0131k\u0131\u015f\u0131p kalm\u0131\u015f o derin \u00e7ukur.   Bo\u015fluk, i\u015fte bu \u00fc\u00e7 katmanda sal\u0131nan bir aray\u0131\u015f\u0131 anlat\u0131yor. Ne sadece bilim, ne yaln\u0131zca inan\u00e7\u2026 Bu kitap, bir insan\u0131n kendi i\u00e7indeki evrenle kar\u015f\u0131la\u015fmas\u0131n\u0131n hik\u00e2yesi. Zihnin kuantum sorularla, kalbin sezgisel f\u0131s\u0131lt\u0131larla, ruhun suskun yank\u0131larla konu\u015ftu\u011fu bir metin.   Ger\u00e7e\u011fin hayalle \u00e7arp\u0131\u015ft\u0131\u011f\u0131 yerde do\u011fan paradokslar\u0131, hi\u00e7li\u011fin i\u00e7inde parlayan anlamlar\u0131, soru i\u015faretlerinin susturuldu\u011fu \u00e7a\u011fda bile sesini arayanlar\u0131n hikayesi. <\/p>\n","protected":false},"excerpt":{"rendered":"<p>Bo\u015fluk \u2013 Varl\u0131kla Yokluk Aras\u0131nda Bir E\u015fik \u201cSorgu yoksa, soru i\u015faretleri neden var? Kullanmad\u0131\u011f\u0131m\u0131z bu i\u015faretler neyin i\u015fareti? Kullanmak neden yasak, yasaksa neden bulduk? Bunlar\u0131 soruyorum.\u201d<span class=\"excerpt-hellip\"> [\u2026]<\/span><\/p>\n","protected":false},"featured_media":0,"template":"","meta":{"_monsterinsights_skip_tracking":false,"_monsterinsights_sitenote_active":false,"_monsterinsights_sitenote_note":"","_monsterinsights_sitenote_category":0},"product_brand":[],"product_cat":[12291,14272],"product_tag":[],"class_list":{"0":"post-774472","1":"product","2":"type-product","3":"status-publish","5":"product_cat-edebiyat","6":"product_cat-tiyatro","7":"pa_cilt-ciltsiz","8":"pa_tur-kitap","9":"pa_yayinevi-kirmizi-cati-yayinlari","10":"pa_yazar-serkan-kayacik","12":"first","13":"instock","14":"sale","15":"shipping-taxable","16":"purchasable","17":"product-type-simple"},"_links":{"self":[{"href":"https:\/\/roveyayinevi.com.tr\/index.php\/wp-json\/wp\/v2\/product\/774472","targetHints":{"allow":["GET"]}}],"collection":[{"href":"https:\/\/roveyayinevi.com.tr\/index.php\/wp-json\/wp\/v2\/product"}],"about":[{"href":"https:\/\/roveyayinevi.com.tr\/index.php\/wp-json\/wp\/v2\/types\/product"}],"wp:attachment":[{"href":"https:\/\/roveyayinevi.com.tr\/index.php\/wp-json\/wp\/v2\/media?parent=774472"}],"wp:term":[{"taxonomy":"product_brand","embeddable":true,"href":"https:\/\/roveyayinevi.com.tr\/index.php\/wp-json\/wp\/v2\/product_brand?post=774472"},{"taxonomy":"product_cat","embeddable":true,"href":"https:\/\/roveyayinevi.com.tr\/index.php\/wp-json\/wp\/v2\/product_cat?post=774472"},{"taxonomy":"product_tag","embeddable":true,"href":"https:\/\/roveyayinevi.com.tr\/index.php\/wp-json\/wp\/v2\/product_tag?post=774472"}],"curies":[{"name":"wp","href":"https:\/\/api.w.org\/{rel}","templated":true}]}}