{"id":774471,"date":"2025-08-29T01:35:43","date_gmt":"2025-08-28T22:35:43","guid":{"rendered":"https:\/\/roveyayinevi.com.tr\/index.php\/urun\/yeni-turk-edebiyati-tarihi-2-ikinci-abdulhamit-donemi-turk-edebiyati\/"},"modified":"2026-04-15T03:39:45","modified_gmt":"2026-04-15T00:39:45","slug":"yeni-turk-edebiyati-tarihi-2-ikinci-abdulhamit-donemi-turk-edebiyati","status":"publish","type":"product","link":"https:\/\/roveyayinevi.com.tr\/index.php\/urun\/yeni-turk-edebiyati-tarihi-2-ikinci-abdulhamit-donemi-turk-edebiyati\/","title":{"rendered":"Yeni T\u00fcrk Edebiyat\u0131 Tarihi 2 \u0130kinci Abd\u00fclhamit D\u00f6nemi T\u00fcrk Edebiyat\u0131"},"content":{"rendered":"<p>\u0130kinci Abd\u00fclhamit d\u00f6neminde ba\u015fl\u0131ca \u00fc\u00e7 farkl\u0131 edebiyat anlay\u0131\u015f\u0131 vard\u0131r: 1. Servet-i F\u00fcnun ak\u0131m\u0131, 2. Mutavassitin (Il\u0131ml\u0131lar), 3. Divan edebiyat\u0131 anlay\u0131\u015f\u0131n\u0131 s\u00fcrd\u00fcrenler. Bunlar\u0131n i\u00e7inde en \u00f6nemli ve en kuvvetli olan edebiyat damar\u0131 Servet-i F\u00fcnun ak\u0131m\u0131d\u0131r. Bu \u00e7al\u0131\u015fmada \u0130kinci Abd\u00fclhamit d\u00f6neminde ortaya konan T\u00fcrk edebiyat\u0131 faaliyetleri ve \u00fcr\u00fcnleri bir b\u00fct\u00fcnl\u00fck i\u00e7inde tan\u0131t\u0131ld\u0131. <\/p>\n","protected":false},"excerpt":{"rendered":"<p>\u0130kinci Abd\u00fclhamit d\u00f6neminde ba\u015fl\u0131ca \u00fc\u00e7 farkl\u0131 edebiyat anlay\u0131\u015f\u0131 vard\u0131r: 1. Servet-i F\u00fcnun ak\u0131m\u0131, 2. Mutavassitin (Il\u0131ml\u0131lar), 3. Divan edebiyat\u0131 anlay\u0131\u015f\u0131n\u0131 s\u00fcrd\u00fcrenler. Bunlar\u0131n i\u00e7inde en \u00f6nemli ve<span class=\"excerpt-hellip\"> [\u2026]<\/span><\/p>\n","protected":false},"featured_media":0,"template":"","meta":{"_monsterinsights_skip_tracking":false,"_monsterinsights_sitenote_active":false,"_monsterinsights_sitenote_note":"","_monsterinsights_sitenote_category":0},"product_brand":[],"product_cat":[13072,12291],"product_tag":[],"class_list":{"0":"post-774471","1":"product","2":"type-product","3":"status-publish","5":"product_cat-arastirma-inceleme-referans","6":"product_cat-edebiyat","7":"pa_cilt-ciltsiz","8":"pa_tur-kitap","9":"pa_yayinevi-korkut-yayinlari","10":"pa_yazar-kolektif","12":"first","13":"instock","14":"sale","15":"shipping-taxable","16":"purchasable","17":"product-type-simple"},"_links":{"self":[{"href":"https:\/\/roveyayinevi.com.tr\/index.php\/wp-json\/wp\/v2\/product\/774471","targetHints":{"allow":["GET"]}}],"collection":[{"href":"https:\/\/roveyayinevi.com.tr\/index.php\/wp-json\/wp\/v2\/product"}],"about":[{"href":"https:\/\/roveyayinevi.com.tr\/index.php\/wp-json\/wp\/v2\/types\/product"}],"wp:attachment":[{"href":"https:\/\/roveyayinevi.com.tr\/index.php\/wp-json\/wp\/v2\/media?parent=774471"}],"wp:term":[{"taxonomy":"product_brand","embeddable":true,"href":"https:\/\/roveyayinevi.com.tr\/index.php\/wp-json\/wp\/v2\/product_brand?post=774471"},{"taxonomy":"product_cat","embeddable":true,"href":"https:\/\/roveyayinevi.com.tr\/index.php\/wp-json\/wp\/v2\/product_cat?post=774471"},{"taxonomy":"product_tag","embeddable":true,"href":"https:\/\/roveyayinevi.com.tr\/index.php\/wp-json\/wp\/v2\/product_tag?post=774471"}],"curies":[{"name":"wp","href":"https:\/\/api.w.org\/{rel}","templated":true}]}}