{"id":774470,"date":"2025-08-29T01:35:41","date_gmt":"2025-08-28T22:35:41","guid":{"rendered":"https:\/\/roveyayinevi.com.tr\/index.php\/urun\/sogutun-destani-uc-perdelik-tarihi-piyes\/"},"modified":"2026-04-15T03:39:45","modified_gmt":"2026-04-15T00:39:45","slug":"sogutun-destani-uc-perdelik-tarihi-piyes","status":"publish","type":"product","link":"https:\/\/roveyayinevi.com.tr\/index.php\/urun\/sogutun-destani-uc-perdelik-tarihi-piyes\/","title":{"rendered":"S\u00f6\u011f\u00fct\u2019\u00fcn Destan\u0131 (\u00dc\u00e7 Perdelik Tarih\u00ee Piyes)"},"content":{"rendered":"<p>S\u00f6\u011f\u00fct\u2019\u00fcn Destan\u0131 (\u00dc\u00e7 Perdelik Tarih\u00ee Piyes)<\/p>\n","protected":false},"excerpt":{"rendered":"<p>S\u00f6\u011f\u00fct\u2019\u00fcn Destan\u0131 (\u00dc\u00e7 Perdelik Tarih\u00ee Piyes)<\/p>\n","protected":false},"featured_media":0,"template":"","meta":{"_monsterinsights_skip_tracking":false,"_monsterinsights_sitenote_active":false,"_monsterinsights_sitenote_note":"","_monsterinsights_sitenote_category":0},"product_brand":[],"product_cat":[12291,15566],"product_tag":[],"class_list":{"0":"post-774470","1":"product","2":"type-product","3":"status-publish","5":"product_cat-edebiyat","6":"product_cat-oyun","7":"pa_cilt-ciltsiz","8":"pa_tur-kitap","9":"pa_yayinevi-kamutay-yayinlari","10":"pa_yazar-mustafa-yildiz","12":"first","13":"instock","14":"sale","15":"shipping-taxable","16":"purchasable","17":"product-type-simple"},"_links":{"self":[{"href":"https:\/\/roveyayinevi.com.tr\/index.php\/wp-json\/wp\/v2\/product\/774470","targetHints":{"allow":["GET"]}}],"collection":[{"href":"https:\/\/roveyayinevi.com.tr\/index.php\/wp-json\/wp\/v2\/product"}],"about":[{"href":"https:\/\/roveyayinevi.com.tr\/index.php\/wp-json\/wp\/v2\/types\/product"}],"wp:attachment":[{"href":"https:\/\/roveyayinevi.com.tr\/index.php\/wp-json\/wp\/v2\/media?parent=774470"}],"wp:term":[{"taxonomy":"product_brand","embeddable":true,"href":"https:\/\/roveyayinevi.com.tr\/index.php\/wp-json\/wp\/v2\/product_brand?post=774470"},{"taxonomy":"product_cat","embeddable":true,"href":"https:\/\/roveyayinevi.com.tr\/index.php\/wp-json\/wp\/v2\/product_cat?post=774470"},{"taxonomy":"product_tag","embeddable":true,"href":"https:\/\/roveyayinevi.com.tr\/index.php\/wp-json\/wp\/v2\/product_tag?post=774470"}],"curies":[{"name":"wp","href":"https:\/\/api.w.org\/{rel}","templated":true}]}}