{"id":774469,"date":"2025-08-29T01:35:40","date_gmt":"2025-08-28T22:35:40","guid":{"rendered":"https:\/\/roveyayinevi.com.tr\/index.php\/urun\/siir-cozumlemeleri-1-tanzimat-donemi\/"},"modified":"2026-04-15T03:39:45","modified_gmt":"2026-04-15T00:39:45","slug":"siir-cozumlemeleri-1-tanzimat-donemi","status":"publish","type":"product","link":"https:\/\/roveyayinevi.com.tr\/index.php\/urun\/siir-cozumlemeleri-1-tanzimat-donemi\/","title":{"rendered":"\u015eiir \u00c7\u00f6z\u00fcmlemeleri 1 Tanzimat D\u00f6nemi"},"content":{"rendered":"<p>Bu eserde Yeni T\u00fcrk Edebiyat\u0131n\u0131n ilk d\u00f6nemi olan Tanzimat d\u00f6nemi T\u00fcrk \u015fiirinin \u00f6nde gelen be\u015f \u015fairinden se\u00e7ilen \u015fiirler b\u00fct\u00fcn boyutlar\u0131yla \u00e7\u00f6z\u00fcmlenmi\u015ftir. Bunlar: \u015einasi, Ziya Pa\u015fa, Nam\u0131k Kemal, Recaizade Mahmut Ekrem, Abd\u00fclhak Hamid Tarhan, Muallim Naci. \u00c7\u00f6z\u00fcmlemede \u00f6ncelikle bu \u015fairlerin daha \u00f6nceki Divan \u015fiirinden farkl\u0131la\u015fan ve yenile\u015fen boyutlar\u0131 \u00fczerinde duruldu. <\/p>\n","protected":false},"excerpt":{"rendered":"<p>Bu eserde Yeni T\u00fcrk Edebiyat\u0131n\u0131n ilk d\u00f6nemi olan Tanzimat d\u00f6nemi T\u00fcrk \u015fiirinin \u00f6nde gelen be\u015f \u015fairinden se\u00e7ilen \u015fiirler b\u00fct\u00fcn boyutlar\u0131yla \u00e7\u00f6z\u00fcmlenmi\u015ftir. Bunlar: \u015einasi, Ziya Pa\u015fa, Nam\u0131k<span class=\"excerpt-hellip\"> [\u2026]<\/span><\/p>\n","protected":false},"featured_media":0,"template":"","meta":{"_monsterinsights_skip_tracking":false,"_monsterinsights_sitenote_active":false,"_monsterinsights_sitenote_note":"","_monsterinsights_sitenote_category":0},"product_brand":[],"product_cat":[13835],"product_tag":[],"class_list":{"0":"post-774469","1":"product","2":"type-product","3":"status-publish","5":"product_cat-cok-satanlar","6":"pa_cilt-ciltsiz","7":"pa_tur-kitap","8":"pa_yayinevi-imbik-yayinlari","9":"pa_yazar-nurullah-cetin","11":"first","12":"instock","13":"sale","14":"shipping-taxable","15":"purchasable","16":"product-type-simple"},"_links":{"self":[{"href":"https:\/\/roveyayinevi.com.tr\/index.php\/wp-json\/wp\/v2\/product\/774469","targetHints":{"allow":["GET"]}}],"collection":[{"href":"https:\/\/roveyayinevi.com.tr\/index.php\/wp-json\/wp\/v2\/product"}],"about":[{"href":"https:\/\/roveyayinevi.com.tr\/index.php\/wp-json\/wp\/v2\/types\/product"}],"wp:attachment":[{"href":"https:\/\/roveyayinevi.com.tr\/index.php\/wp-json\/wp\/v2\/media?parent=774469"}],"wp:term":[{"taxonomy":"product_brand","embeddable":true,"href":"https:\/\/roveyayinevi.com.tr\/index.php\/wp-json\/wp\/v2\/product_brand?post=774469"},{"taxonomy":"product_cat","embeddable":true,"href":"https:\/\/roveyayinevi.com.tr\/index.php\/wp-json\/wp\/v2\/product_cat?post=774469"},{"taxonomy":"product_tag","embeddable":true,"href":"https:\/\/roveyayinevi.com.tr\/index.php\/wp-json\/wp\/v2\/product_tag?post=774469"}],"curies":[{"name":"wp","href":"https:\/\/api.w.org\/{rel}","templated":true}]}}