{"id":774467,"date":"2025-08-29T01:35:11","date_gmt":"2025-08-28T22:35:11","guid":{"rendered":"https:\/\/roveyayinevi.com.tr\/index.php\/urun\/siir-i-ala-askin-sesi\/"},"modified":"2026-04-15T03:39:28","modified_gmt":"2026-04-15T00:39:28","slug":"siir-i-ala-askin-sesi","status":"publish","type":"product","link":"https:\/\/roveyayinevi.com.tr\/index.php\/urun\/siir-i-ala-askin-sesi\/","title":{"rendered":"\u015eiir-i Ala A\u015fk\u0131n Sesi"},"content":{"rendered":"<p>Benim bu kitab\u0131 (\u015fiir) yazmaktaki amac\u0131m hidayete erdirmek de\u011fil \u00e7\u00fcnk\u00fc hidayet Allah\u2019tand\u0131r as\u0131l amac\u0131m inanan M\u00fcminleri uykudan uyand\u0131rmak ve Rabbine yakla\u015ft\u0131racak ameller yapmas\u0131na vesile olmakt\u0131r. \u015eimdiden bizi tercih etti\u011finiz i\u00e7in sizlere te\u015fekk\u00fcr ediyorum \u0130yi okumalar. Mustafa Akyasan <\/p>\n","protected":false},"excerpt":{"rendered":"<p>Benim bu kitab\u0131 (\u015fiir) yazmaktaki amac\u0131m hidayete erdirmek de\u011fil \u00e7\u00fcnk\u00fc hidayet Allah\u2019tand\u0131r as\u0131l amac\u0131m inanan M\u00fcminleri uykudan uyand\u0131rmak ve Rabbine yakla\u015ft\u0131racak ameller yapmas\u0131na vesile olmakt\u0131r. \u015eimdiden<span class=\"excerpt-hellip\"> [\u2026]<\/span><\/p>\n","protected":false},"featured_media":0,"template":"","meta":{"_monsterinsights_skip_tracking":false,"_monsterinsights_sitenote_active":false,"_monsterinsights_sitenote_note":"","_monsterinsights_sitenote_category":0},"product_brand":[],"product_cat":[12291,12509],"product_tag":[],"class_list":{"0":"post-774467","1":"product","2":"type-product","3":"status-publish","5":"product_cat-edebiyat","6":"product_cat-siir","7":"pa_cilt-ciltsiz","8":"pa_tur-kitap","9":"pa_yayinevi-zet-yayinlari","10":"pa_yazar-mustafa-akyasan","12":"first","13":"instock","14":"sale","15":"shipping-taxable","16":"purchasable","17":"product-type-simple"},"_links":{"self":[{"href":"https:\/\/roveyayinevi.com.tr\/index.php\/wp-json\/wp\/v2\/product\/774467","targetHints":{"allow":["GET"]}}],"collection":[{"href":"https:\/\/roveyayinevi.com.tr\/index.php\/wp-json\/wp\/v2\/product"}],"about":[{"href":"https:\/\/roveyayinevi.com.tr\/index.php\/wp-json\/wp\/v2\/types\/product"}],"wp:attachment":[{"href":"https:\/\/roveyayinevi.com.tr\/index.php\/wp-json\/wp\/v2\/media?parent=774467"}],"wp:term":[{"taxonomy":"product_brand","embeddable":true,"href":"https:\/\/roveyayinevi.com.tr\/index.php\/wp-json\/wp\/v2\/product_brand?post=774467"},{"taxonomy":"product_cat","embeddable":true,"href":"https:\/\/roveyayinevi.com.tr\/index.php\/wp-json\/wp\/v2\/product_cat?post=774467"},{"taxonomy":"product_tag","embeddable":true,"href":"https:\/\/roveyayinevi.com.tr\/index.php\/wp-json\/wp\/v2\/product_tag?post=774467"}],"curies":[{"name":"wp","href":"https:\/\/api.w.org\/{rel}","templated":true}]}}