{"id":774463,"date":"2025-08-29T01:34:46","date_gmt":"2025-08-28T22:34:46","guid":{"rendered":"https:\/\/roveyayinevi.com.tr\/index.php\/urun\/dizelerle-buyumek\/"},"modified":"2026-03-12T03:37:08","modified_gmt":"2026-03-12T00:37:08","slug":"dizelerle-buyumek","status":"publish","type":"product","link":"https:\/\/roveyayinevi.com.tr\/index.php\/urun\/dizelerle-buyumek\/","title":{"rendered":"Dizelerle B\u00fcy\u00fcmek"},"content":{"rendered":"<p>Dizelerde B\u00fcy\u00fcmek duygularla yo\u011frulmu\u015f, umutla yaz\u0131lm\u0131\u015f bir \u015fiir yolculu\u011fu&#8230; Bu kitap, a\u015fk\u0131, sevgiyi, h\u00fczn\u00fc, \u00f6zlemi ve vatana olan ba\u011fl\u0131l\u0131\u011f\u0131 dizelerle anlatan; Atat\u00fcrk\u2019\u00fcn fikir ve d\u00fc\u015f\u00fcnceleri ile b\u00fcy\u00fcyen bir neslin izlerini ta\u015f\u0131yor. <\/p>\n","protected":false},"excerpt":{"rendered":"<p>Dizelerde B\u00fcy\u00fcmek duygularla yo\u011frulmu\u015f, umutla yaz\u0131lm\u0131\u015f bir \u015fiir yolculu\u011fu&#8230; Bu kitap, a\u015fk\u0131, sevgiyi, h\u00fczn\u00fc, \u00f6zlemi ve vatana olan ba\u011fl\u0131l\u0131\u011f\u0131 dizelerle anlatan; Atat\u00fcrk\u2019\u00fcn fikir ve d\u00fc\u015f\u00fcnceleri ile<span class=\"excerpt-hellip\"> [\u2026]<\/span><\/p>\n","protected":false},"featured_media":0,"template":"","meta":{"_monsterinsights_skip_tracking":false,"_monsterinsights_sitenote_active":false,"_monsterinsights_sitenote_note":"","_monsterinsights_sitenote_category":0},"product_brand":[],"product_cat":[12291,12509],"product_tag":[],"class_list":{"0":"post-774463","1":"product","2":"type-product","3":"status-publish","5":"product_cat-edebiyat","6":"product_cat-siir","7":"pa_cilt-ciltsiz","8":"pa_tur-kitap","9":"pa_yayinevi-kirmizi-cati-yayinlari","10":"pa_yazar-kolektif","12":"first","13":"instock","14":"sale","15":"shipping-taxable","16":"purchasable","17":"product-type-simple"},"_links":{"self":[{"href":"https:\/\/roveyayinevi.com.tr\/index.php\/wp-json\/wp\/v2\/product\/774463","targetHints":{"allow":["GET"]}}],"collection":[{"href":"https:\/\/roveyayinevi.com.tr\/index.php\/wp-json\/wp\/v2\/product"}],"about":[{"href":"https:\/\/roveyayinevi.com.tr\/index.php\/wp-json\/wp\/v2\/types\/product"}],"wp:attachment":[{"href":"https:\/\/roveyayinevi.com.tr\/index.php\/wp-json\/wp\/v2\/media?parent=774463"}],"wp:term":[{"taxonomy":"product_brand","embeddable":true,"href":"https:\/\/roveyayinevi.com.tr\/index.php\/wp-json\/wp\/v2\/product_brand?post=774463"},{"taxonomy":"product_cat","embeddable":true,"href":"https:\/\/roveyayinevi.com.tr\/index.php\/wp-json\/wp\/v2\/product_cat?post=774463"},{"taxonomy":"product_tag","embeddable":true,"href":"https:\/\/roveyayinevi.com.tr\/index.php\/wp-json\/wp\/v2\/product_tag?post=774463"}],"curies":[{"name":"wp","href":"https:\/\/api.w.org\/{rel}","templated":true}]}}