{"id":774461,"date":"2025-08-29T01:33:51","date_gmt":"2025-08-28T22:33:51","guid":{"rendered":"https:\/\/roveyayinevi.com.tr\/index.php\/urun\/gitme-kervanci\/"},"modified":"2026-04-15T03:39:25","modified_gmt":"2026-04-15T00:39:25","slug":"gitme-kervanci","status":"publish","type":"product","link":"https:\/\/roveyayinevi.com.tr\/index.php\/urun\/gitme-kervanci\/","title":{"rendered":"Gitme Kervanc\u0131"},"content":{"rendered":"<p>\u201cGitme Kervanc\u0131&#8221; d\u00fc\u015flerini kurtarmak veya zamana b\u0131rakmak m\u0131 bilmiyorum l\u00e2kin \u00e7atlaktan s\u0131zanlar ta\u0219k\u0131nlara yol a\u00e7acak ve \u00f6n\u00fcne ne katt\u0131ysa g\u00f6t\u00fcrecek&#8230; G\u00f6t\u00fcrs\u00fcn, bize ta\u0219k\u0131nlardan sonraki g\u00f6r\u00fcnt\u00fcs\u00fc laz\u0131m, \u00e7\u00fcnk\u00fc b\u0131rakaca\u011f\u0131 tahribat\u0131n etkisini anlam\u0131\u015f oluruz, hi\u00e7 de\u011filse d\u00fcnya \u00f6l\u00e7\u00fcleriyle!.. Ya bekledi\u011fin gibi bir yan\u0131 yoksa? Yoksa yok. Yok art\u0131k daha neler \u015fa\u015fk\u0131nl\u0131\u011f\u0131n ilk bak\u0131\u0219lar\u0131 vard\u0131 ve yetiyordu, sonras\u0131 umurunda olmaz. Nas\u0131l kap\u0131ld\u0131ysan \u00f6yle gider mi diyorsun ve diyorsun ki kap\u0131lmaya g\u00f6r kervanlara! Ha \u015funu bileydin, detaylar bilinmezi ifade etmiyor, \u00e7\u00fcnk\u00fc m\u00e2n\u00e2 dolgular\u0131 var. <\/p>\n","protected":false},"excerpt":{"rendered":"<p>\u201cGitme Kervanc\u0131&#8221; d\u00fc\u015flerini kurtarmak veya zamana b\u0131rakmak m\u0131 bilmiyorum l\u00e2kin \u00e7atlaktan s\u0131zanlar ta\u0219k\u0131nlara yol a\u00e7acak ve \u00f6n\u00fcne ne katt\u0131ysa g\u00f6t\u00fcrecek&#8230; G\u00f6t\u00fcrs\u00fcn, bize ta\u0219k\u0131nlardan sonraki g\u00f6r\u00fcnt\u00fcs\u00fc laz\u0131m,<span class=\"excerpt-hellip\"> [\u2026]<\/span><\/p>\n","protected":false},"featured_media":0,"template":"","meta":{"_monsterinsights_skip_tracking":false,"_monsterinsights_sitenote_active":false,"_monsterinsights_sitenote_note":"","_monsterinsights_sitenote_category":0},"product_brand":[],"product_cat":[12291,12711],"product_tag":[],"class_list":{"0":"post-774461","1":"product","2":"type-product","3":"status-publish","5":"product_cat-edebiyat","6":"product_cat-roman-oyku","7":"pa_cilt-ciltsiz","8":"pa_tur-kitap","9":"pa_yayinevi-gulnar-yayinlari","10":"pa_yazar-ayse-cetintas","12":"first","13":"instock","14":"sale","15":"shipping-taxable","16":"purchasable","17":"product-type-simple"},"_links":{"self":[{"href":"https:\/\/roveyayinevi.com.tr\/index.php\/wp-json\/wp\/v2\/product\/774461","targetHints":{"allow":["GET"]}}],"collection":[{"href":"https:\/\/roveyayinevi.com.tr\/index.php\/wp-json\/wp\/v2\/product"}],"about":[{"href":"https:\/\/roveyayinevi.com.tr\/index.php\/wp-json\/wp\/v2\/types\/product"}],"wp:attachment":[{"href":"https:\/\/roveyayinevi.com.tr\/index.php\/wp-json\/wp\/v2\/media?parent=774461"}],"wp:term":[{"taxonomy":"product_brand","embeddable":true,"href":"https:\/\/roveyayinevi.com.tr\/index.php\/wp-json\/wp\/v2\/product_brand?post=774461"},{"taxonomy":"product_cat","embeddable":true,"href":"https:\/\/roveyayinevi.com.tr\/index.php\/wp-json\/wp\/v2\/product_cat?post=774461"},{"taxonomy":"product_tag","embeddable":true,"href":"https:\/\/roveyayinevi.com.tr\/index.php\/wp-json\/wp\/v2\/product_tag?post=774461"}],"curies":[{"name":"wp","href":"https:\/\/api.w.org\/{rel}","templated":true}]}}