{"id":774460,"date":"2025-08-29T01:33:49","date_gmt":"2025-08-28T22:33:49","guid":{"rendered":"https:\/\/roveyayinevi.com.tr\/index.php\/urun\/danisikli-dovus\/"},"modified":"2026-04-07T03:33:21","modified_gmt":"2026-04-07T00:33:21","slug":"danisikli-dovus","status":"publish","type":"product","link":"https:\/\/roveyayinevi.com.tr\/index.php\/urun\/danisikli-dovus\/","title":{"rendered":"Dan\u0131\u015f\u0131kl\u0131 D\u00f6v\u00fc\u015f"},"content":{"rendered":"<p>\u015e\u00f6hretin pe\u015finde tan\u0131d\u0131k biri! Belki i\u00e7eriden, belki uzaktan ki\u015fi\u2026 Bak\u0131\u015flar onun \u00fczerinde ama hi\u00e7bir zaman fark\u0131nda de\u011fil. Ger\u00e7ek mi, hayal mi belli de\u011fil hissi. Arkas\u0131n\u0131 kollamaktan ba\u015fka \u00e7aresi yok onun. B\u0131\u00e7aklayacak ki\u015fi i\u00e7inden biri. Zorla g\u00fcl\u00fcmseyip ge\u00e7iyorlar y\u00fcz\u00fcne. \u00c7o\u011fu dikenli bir yalan \u00fcst\u00fcnde. Alk\u0131\u015flar y\u00fckselse de sahnede. G\u00f6z g\u00f6ze geldi\u011fi herkes imtihan\u0131 bu sahnede. Ruhunu ikiye b\u00f6len her \u015fey pe\u015finde. Peki bunu yapan dost mu, d\u00fc\u015fman m\u0131? Bir uzay bo\u015flu\u011fu kadar uzak her zerre! <\/p>\n","protected":false},"excerpt":{"rendered":"<p>\u015e\u00f6hretin pe\u015finde tan\u0131d\u0131k biri! Belki i\u00e7eriden, belki uzaktan ki\u015fi\u2026 Bak\u0131\u015flar onun \u00fczerinde ama hi\u00e7bir zaman fark\u0131nda de\u011fil. Ger\u00e7ek mi, hayal mi belli de\u011fil hissi. Arkas\u0131n\u0131 kollamaktan<span class=\"excerpt-hellip\"> [\u2026]<\/span><\/p>\n","protected":false},"featured_media":0,"template":"","meta":{"_monsterinsights_skip_tracking":false,"_monsterinsights_sitenote_active":false,"_monsterinsights_sitenote_note":"","_monsterinsights_sitenote_category":0},"product_brand":[],"product_cat":[12291,12711],"product_tag":[],"class_list":{"0":"post-774460","1":"product","2":"type-product","3":"status-publish","5":"product_cat-edebiyat","6":"product_cat-roman-oyku","7":"pa_cilt-ciltsiz","8":"pa_tur-kitap","9":"pa_yayinevi-gulnar-yayinlari","10":"pa_yazar-ozlem-nur-acielma","12":"first","13":"instock","14":"sale","15":"shipping-taxable","16":"purchasable","17":"product-type-simple"},"_links":{"self":[{"href":"https:\/\/roveyayinevi.com.tr\/index.php\/wp-json\/wp\/v2\/product\/774460","targetHints":{"allow":["GET"]}}],"collection":[{"href":"https:\/\/roveyayinevi.com.tr\/index.php\/wp-json\/wp\/v2\/product"}],"about":[{"href":"https:\/\/roveyayinevi.com.tr\/index.php\/wp-json\/wp\/v2\/types\/product"}],"wp:attachment":[{"href":"https:\/\/roveyayinevi.com.tr\/index.php\/wp-json\/wp\/v2\/media?parent=774460"}],"wp:term":[{"taxonomy":"product_brand","embeddable":true,"href":"https:\/\/roveyayinevi.com.tr\/index.php\/wp-json\/wp\/v2\/product_brand?post=774460"},{"taxonomy":"product_cat","embeddable":true,"href":"https:\/\/roveyayinevi.com.tr\/index.php\/wp-json\/wp\/v2\/product_cat?post=774460"},{"taxonomy":"product_tag","embeddable":true,"href":"https:\/\/roveyayinevi.com.tr\/index.php\/wp-json\/wp\/v2\/product_tag?post=774460"}],"curies":[{"name":"wp","href":"https:\/\/api.w.org\/{rel}","templated":true}]}}