{"id":774457,"date":"2025-08-29T01:33:36","date_gmt":"2025-08-28T22:33:36","guid":{"rendered":"https:\/\/roveyayinevi.com.tr\/index.php\/urun\/gokyuzu-bulutlarin-ustunde\/"},"modified":"2026-04-15T03:39:24","modified_gmt":"2026-04-15T00:39:24","slug":"gokyuzu-bulutlarin-ustunde","status":"publish","type":"product","link":"https:\/\/roveyayinevi.com.tr\/index.php\/urun\/gokyuzu-bulutlarin-ustunde\/","title":{"rendered":"G\u00f6ky\u00fcz\u00fc Bulutlar\u0131n \u00dcst\u00fcnde"},"content":{"rendered":"<p>G\u00f6ky\u00fcz\u00fcnde bulutlar, bulutlar ya\u011fmur y\u00fckl\u00fc G\u00fcne\u015ften ka\u00e7anlar\u0131n s\u0131\u011f\u0131na\u011f\u0131 Bulutlar gibi u\u00e7ar hayaller, hayaller kadar g\u00fczel bulutlar Her ya\u015f\u0131n ayr\u0131 hayali var, h\u00fclyal\u0131 gecelerin sevgilisi Her kap\u0131 aralan\u0131rken uykuya Gen\u00e7 zihinleri s\u00fcsleyen b\u00fcy\u00fcl\u00fc g\u00fczel Bir b\u00fcy\u00fcl\u00fc g\u00fczel neler ilham etmez \u00f6rt\u00fc alt\u0131nda   Bir \u00f6rt\u00fc gibi sarar \u00fclkeleri hayal y\u00fckl\u00fc bulutlar. Bir bulutsuz g\u00fcnde yaz\u0131yorum bunlar\u0131 Serinli\u011fini duymak i\u00e7in, duymak ve unutmak i\u00e7in S\u0131cak g\u00fcnlerin etkisini, bir serinlik kalemime g\u00fc\u00e7 verir G\u00fc\u00e7 verir g\u00fczellikler, bir serin kuytuda d\u00fc\u015f\u00fcnmek Kendimi bildi\u011fim g\u00fcn d\u00e2hil basamak basamak \u0130lerliyen yol, ta\u015fl\u0131 \u00e7ak\u0131ll\u0131, dikenli zor yollar D\u00fcze \u00e7\u0131kan gayret, d\u00fcze \u00e7\u0131kan kalem ve tefekk\u00fcr Zaman i\u00e7inde bir g\u00f6n\u00fcl in\u015fa etmek, aff\u0131 \u00e7ok, k\u0131r\u0131lmas\u0131 zor Her hezeyan\u0131 dinlemeye amade. <\/p>\n","protected":false},"excerpt":{"rendered":"<p>G\u00f6ky\u00fcz\u00fcnde bulutlar, bulutlar ya\u011fmur y\u00fckl\u00fc G\u00fcne\u015ften ka\u00e7anlar\u0131n s\u0131\u011f\u0131na\u011f\u0131 Bulutlar gibi u\u00e7ar hayaller, hayaller kadar g\u00fczel bulutlar Her ya\u015f\u0131n ayr\u0131 hayali var, h\u00fclyal\u0131 gecelerin sevgilisi Her kap\u0131<span class=\"excerpt-hellip\"> [\u2026]<\/span><\/p>\n","protected":false},"featured_media":0,"template":"","meta":{"_monsterinsights_skip_tracking":false,"_monsterinsights_sitenote_active":false,"_monsterinsights_sitenote_note":"","_monsterinsights_sitenote_category":0},"product_brand":[],"product_cat":[12291,12509],"product_tag":[],"class_list":{"0":"post-774457","1":"product","2":"type-product","3":"status-publish","5":"product_cat-edebiyat","6":"product_cat-siir","7":"pa_cilt-ciltsiz","8":"pa_tur-kitap","9":"pa_yayinevi-semenderkitap-yayinlari","10":"pa_yazar-ismail-ozmel","12":"first","13":"instock","14":"sale","15":"shipping-taxable","16":"purchasable","17":"product-type-simple"},"_links":{"self":[{"href":"https:\/\/roveyayinevi.com.tr\/index.php\/wp-json\/wp\/v2\/product\/774457","targetHints":{"allow":["GET"]}}],"collection":[{"href":"https:\/\/roveyayinevi.com.tr\/index.php\/wp-json\/wp\/v2\/product"}],"about":[{"href":"https:\/\/roveyayinevi.com.tr\/index.php\/wp-json\/wp\/v2\/types\/product"}],"wp:attachment":[{"href":"https:\/\/roveyayinevi.com.tr\/index.php\/wp-json\/wp\/v2\/media?parent=774457"}],"wp:term":[{"taxonomy":"product_brand","embeddable":true,"href":"https:\/\/roveyayinevi.com.tr\/index.php\/wp-json\/wp\/v2\/product_brand?post=774457"},{"taxonomy":"product_cat","embeddable":true,"href":"https:\/\/roveyayinevi.com.tr\/index.php\/wp-json\/wp\/v2\/product_cat?post=774457"},{"taxonomy":"product_tag","embeddable":true,"href":"https:\/\/roveyayinevi.com.tr\/index.php\/wp-json\/wp\/v2\/product_tag?post=774457"}],"curies":[{"name":"wp","href":"https:\/\/api.w.org\/{rel}","templated":true}]}}