{"id":774455,"date":"2025-08-29T01:33:30","date_gmt":"2025-08-28T22:33:30","guid":{"rendered":"https:\/\/roveyayinevi.com.tr\/index.php\/urun\/toroslari-toroslarda-yazdim\/"},"modified":"2025-09-15T17:47:36","modified_gmt":"2025-09-15T14:47:36","slug":"toroslari-toroslarda-yazdim","status":"publish","type":"product","link":"https:\/\/roveyayinevi.com.tr\/index.php\/urun\/toroslari-toroslarda-yazdim\/","title":{"rendered":"Toroslar\u0131 Toroslarda Yazd\u0131m"},"content":{"rendered":"<p>Sevdal\u0131s\u0131 oldu\u011fum; Toroslar\u0131 gezip, yazmak i\u00e7in \u00e7\u0131kt\u0131m yollara. Adeta kar\u0131\u015farak baharlar kokulu da\u011f da\u011f gezerek, sar\u0131larak say\u0131s\u0131z renklerdeki allara, morlara&#8230; Kar\u0131\u015ft\u0131\u011f\u0131m z\u00fcmr\u00fct ormanlar\u0131n h\u0131\u015f\u0131rt\u0131lar\u0131, akan sular\u0131n \u015f\u0131r\u0131lt\u0131lar\u0131 oldular. Bana \u201cHo\u015f geldin\u201d diyen Toroslar\u0131n do\u011fas\u0131 olan kucakla\u015fmalar\u0131m! Vard\u0131\u011f\u0131mda bir yayla halli k\u00f6ye, s\u0131\u011f\u0131narak kaba ve dede ard\u0131\u00e7tan bir g\u00f6lgeye&#8230; Bak\u0131nd\u0131m etraf\u0131ma, yere ve g\u00f6\u011fe. \u00d6n\u00fcmde vard\u0131 \u015f\u0131r\u0131l \u015f\u0131r\u0131l akan bir berrak dere, diyerek acaba buras\u0131 nere? Sordum s\u00fcr\u00fcs\u00fcyle ge\u00e7en bir \u00e7obana. Dedi \u201cBuras\u0131 Ba\u015fyayla k\u00f6y\u00fc\u201d Bana ikram etti elindeki bir demet \u00e7i\u00e7e\u011fi, ne ho\u015ftu k\u0131r \u00e7i\u00e7e\u011fi. Vard\u0131 bu koyu g\u00f6lgenin yan\u0131nda akan sudan i\u00e7ece\u011fi\u2026 K\u00f6yde davullu zurnal\u0131 d\u00fc\u011f\u00fcnler, da\u011flara yans\u0131yordu g\u00fcm g\u00fcmler. Ayranlar, k\u0131z\u0131lc\u0131k, b\u00f6\u011f\u00fcrtlen \u015ferbetleri sunuluyordu. Dopdoluydu g\u00fc\u011f\u00fcmler. \u0130kramlar ediyorlard\u0131 leziz yemekler, ke\u015fkekler. Keyifle at\u0131l\u0131yordu kuru s\u0131k\u0131 t\u00fcfekler. Nispetli, k\u0131spetli yap\u0131l\u0131yordu g\u00fcre\u015fler. Ge\u00e7ip biterken olanca s\u00fcre\u00e7ler. Burada kal\u0131verdim tek ba\u015f\u0131ma uzunca. Buradaki hik\u00e2yemi yaz\u0131p, yoluma devam ederek u\u00e7arak, ula\u015farak ye\u011fledi\u011fim olanca ufkuma. Var\u0131nca Kemer\u2019e yar\u0131 yar\u0131ya ula\u015fm\u0131\u015ft\u0131m, arzum emele!.. Burada tan\u0131\u015fmalar\u0131m\u0131z oldu \u00fcstat Vatan Bayrak\u2019la, duydu\u011fumuz hayranl\u0131klarla. Beraberce devam ettik a\u015fk\u0131m\u0131z\u0131n gezgin yoluna, ko\u015farcas\u0131na hasletlerimizin g\u00fczellikler do\u011fumuna. Tema\u015falar ederek yerden ar\u015fa ula\u015farak Mara\u015f\u2019a. Toroslar\u0131 ba\u015ftan ba\u015fa ge\u00e7tik ileriler, ilerilere, g\u00fcneydo\u011fu illerine ula\u015fa, ula\u015fa! D\u00f6n\u00fc\u015fler yaparak Karaman\u2019dan, Konya\u2019dan, Geriye dola\u015fa dola\u015fa Antalya\u2019ya, Gen\u00e7li\u011fe arma\u011fanlar edece\u011fimiz k\u00fclt\u00fcrlere bula\u015fa bula\u015fa!.. <\/p>\n","protected":false},"excerpt":{"rendered":"<p>Sevdal\u0131s\u0131 oldu\u011fum; Toroslar\u0131 gezip, yazmak i\u00e7in \u00e7\u0131kt\u0131m yollara. Adeta kar\u0131\u015farak baharlar kokulu da\u011f da\u011f gezerek, sar\u0131larak say\u0131s\u0131z renklerdeki allara, morlara&#8230; Kar\u0131\u015ft\u0131\u011f\u0131m z\u00fcmr\u00fct ormanlar\u0131n h\u0131\u015f\u0131rt\u0131lar\u0131, akan sular\u0131n<span class=\"excerpt-hellip\"> [\u2026]<\/span><\/p>\n","protected":false},"featured_media":0,"template":"","meta":{"_monsterinsights_skip_tracking":false,"_monsterinsights_sitenote_active":false,"_monsterinsights_sitenote_note":"","_monsterinsights_sitenote_category":0},"product_brand":[],"product_cat":[18545,12291],"product_tag":[],"class_list":{"0":"post-774455","1":"product","2":"type-product","3":"status-publish","5":"product_cat-anlati","6":"product_cat-edebiyat","7":"pa_cilt-ciltsiz","8":"pa_tur-kitap","9":"pa_yayinevi-iye-kitap","10":"pa_yazar-yasar-egriboyun","12":"first","13":"instock","14":"sale","15":"shipping-taxable","16":"purchasable","17":"product-type-simple"},"_links":{"self":[{"href":"https:\/\/roveyayinevi.com.tr\/index.php\/wp-json\/wp\/v2\/product\/774455","targetHints":{"allow":["GET"]}}],"collection":[{"href":"https:\/\/roveyayinevi.com.tr\/index.php\/wp-json\/wp\/v2\/product"}],"about":[{"href":"https:\/\/roveyayinevi.com.tr\/index.php\/wp-json\/wp\/v2\/types\/product"}],"wp:attachment":[{"href":"https:\/\/roveyayinevi.com.tr\/index.php\/wp-json\/wp\/v2\/media?parent=774455"}],"wp:term":[{"taxonomy":"product_brand","embeddable":true,"href":"https:\/\/roveyayinevi.com.tr\/index.php\/wp-json\/wp\/v2\/product_brand?post=774455"},{"taxonomy":"product_cat","embeddable":true,"href":"https:\/\/roveyayinevi.com.tr\/index.php\/wp-json\/wp\/v2\/product_cat?post=774455"},{"taxonomy":"product_tag","embeddable":true,"href":"https:\/\/roveyayinevi.com.tr\/index.php\/wp-json\/wp\/v2\/product_tag?post=774455"}],"curies":[{"name":"wp","href":"https:\/\/api.w.org\/{rel}","templated":true}]}}