{"id":774449,"date":"2025-08-29T01:31:46","date_gmt":"2025-08-28T22:31:46","guid":{"rendered":"https:\/\/roveyayinevi.com.tr\/index.php\/urun\/mabude\/"},"modified":"2026-04-15T03:39:17","modified_gmt":"2026-04-15T00:39:17","slug":"mabude","status":"publish","type":"product","link":"https:\/\/roveyayinevi.com.tr\/index.php\/urun\/mabude\/","title":{"rendered":"Mabude"},"content":{"rendered":"<p>\u201cTiyatro g\u00f6zleyerek \u00f6\u011frenme a\u00e7\u0131s\u0131ndan e\u011fitsel bir fonksiyona sahiptir\u201d. (M. Fatih Demirda\u011f) \u201cHayat, \u00f6n provas\u0131 yap\u0131lmam\u0131\u015f bir tiyatro g\u00f6sterisidir\u201d. (Charlie Chaplin) \u201cYa\u015fam, sadece birka\u00e7 uygulamaya ge\u00e7irilebilir giri\u015fi bulunan bir tiyatro salonudur\u201d.  (Victor Hugo) \u201cToplumsal ya\u015fam kendi y\u00f6nlendirici kurallar\u0131 olan bir t\u00fcr g\u00f6steridir\u201d. (Erving Goffman) \u201cBir tiyatro sahnesidir b\u00fct\u00fcn d\u00fcnya. Kad\u0131nlar da erkekler de sadece birer oyuncu. Sahneye bir girer bir \u00e7\u0131karlar. Ve tek bir insan \u00f6mr\u00fc boyunca pek \u00e7ok rol oynar\u201d. (Jostein Gaarder) \u201cTiyatro elbet insanl\u0131\u011f\u0131n ortak mal\u0131. Tiyatro tarihi her ulusa ortak ve zengin bir birikim sa\u011fl\u0131yor\u201d. (Haldun Taner)   <\/p>\n","protected":false},"excerpt":{"rendered":"<p>\u201cTiyatro g\u00f6zleyerek \u00f6\u011frenme a\u00e7\u0131s\u0131ndan e\u011fitsel bir fonksiyona sahiptir\u201d. (M. Fatih Demirda\u011f) \u201cHayat, \u00f6n provas\u0131 yap\u0131lmam\u0131\u015f bir tiyatro g\u00f6sterisidir\u201d. (Charlie Chaplin) \u201cYa\u015fam, sadece birka\u00e7 uygulamaya ge\u00e7irilebilir giri\u015fi<span class=\"excerpt-hellip\"> [\u2026]<\/span><\/p>\n","protected":false},"featured_media":0,"template":"","meta":{"_monsterinsights_skip_tracking":false,"_monsterinsights_sitenote_active":false,"_monsterinsights_sitenote_note":"","_monsterinsights_sitenote_category":0},"product_brand":[],"product_cat":[13835],"product_tag":[],"class_list":{"0":"post-774449","1":"product","2":"type-product","3":"status-publish","5":"product_cat-cok-satanlar","6":"pa_cilt-ciltsiz","7":"pa_tur-kitap","8":"pa_yayinevi-zet-yayinlari","9":"pa_yazar-muhammet-fatih-demirdag","11":"first","12":"instock","13":"sale","14":"shipping-taxable","15":"purchasable","16":"product-type-simple"},"_links":{"self":[{"href":"https:\/\/roveyayinevi.com.tr\/index.php\/wp-json\/wp\/v2\/product\/774449","targetHints":{"allow":["GET"]}}],"collection":[{"href":"https:\/\/roveyayinevi.com.tr\/index.php\/wp-json\/wp\/v2\/product"}],"about":[{"href":"https:\/\/roveyayinevi.com.tr\/index.php\/wp-json\/wp\/v2\/types\/product"}],"wp:attachment":[{"href":"https:\/\/roveyayinevi.com.tr\/index.php\/wp-json\/wp\/v2\/media?parent=774449"}],"wp:term":[{"taxonomy":"product_brand","embeddable":true,"href":"https:\/\/roveyayinevi.com.tr\/index.php\/wp-json\/wp\/v2\/product_brand?post=774449"},{"taxonomy":"product_cat","embeddable":true,"href":"https:\/\/roveyayinevi.com.tr\/index.php\/wp-json\/wp\/v2\/product_cat?post=774449"},{"taxonomy":"product_tag","embeddable":true,"href":"https:\/\/roveyayinevi.com.tr\/index.php\/wp-json\/wp\/v2\/product_tag?post=774449"}],"curies":[{"name":"wp","href":"https:\/\/api.w.org\/{rel}","templated":true}]}}