{"id":774448,"date":"2025-08-29T01:31:25","date_gmt":"2025-08-28T22:31:25","guid":{"rendered":"https:\/\/roveyayinevi.com.tr\/index.php\/urun\/hanoglu-koyu-kurulus-tarihi\/"},"modified":"2026-04-15T03:39:15","modified_gmt":"2026-04-15T00:39:15","slug":"hanoglu-koyu-kurulus-tarihi","status":"publish","type":"product","link":"https:\/\/roveyayinevi.com.tr\/index.php\/urun\/hanoglu-koyu-kurulus-tarihi\/","title":{"rendered":"Hano\u011flu K\u00f6y\u00fc Kurulu\u015f Tarihi"},"content":{"rendered":"<p>Bilmek g\u00fczeldir ve gelece\u011fi tahayy\u00fcl etmenin anahtar\u0131d\u0131r. \u0130nsano\u011flu ge\u00e7mi\u015fini bilmek ve gelece\u011fini g\u00f6rmek ister. Bunun i\u00e7inde her daim ara\u015ft\u0131rmaya \u00f6nem verir.  Biz neyiz ve kimiz, nereden geldik, nereye gidiyoruz? Mensubu oldu\u011funa inand\u0131\u011f\u0131m\u0131z, T\u00fcrk boyunun hangi kolundan\u0131z? Bu sorulara hem bir cevap aram\u0131\u015f, hem de, ge\u00e7mi\u015fimizle ilgili bir\u00e7ok \u015feyi, \u00f6\u011frenmek istemi\u015fizdir. Ders kitaplar\u0131nda ki, \u00f6\u011fretilere ve tarih\u00e7ilerin bize bildirdi\u011fine g\u00f6re, T\u00fcrkler Anadolu\u2019ya 1071 Malazgirt meydan muharebesinden sonra gelmi\u015flerdir. Di\u011fer bir\u00e7o\u011funa g\u00f6re ise,  \u00f6nceden de Anadolu da bulunuyorlard\u0131. Sultan Alparslan\u2019\u0131n komutas\u0131ndaki (1071 y\u0131l\u0131nda yap\u0131lan) Malazgirt meydan muharebesinden sonra (Anadolu\u2019da) devlet olarak var olma ve otorite kurma erkine sahip olmu\u015flard\u0131r.  Elimizde bulunan (Hano\u011flu K\u00f6y\u00fc Kurulu\u015f Tarihi) kitapla, g\u00fcn\u00fcm\u00fcze not d\u00fc\u015fmeyi, mevcut bilgileri kayda ge\u00e7irmeyi ve gelece\u011fe \u0131\u015f\u0131k tutmay\u0131 ama\u00e7lamaktay\u0131z. Atalar\u0131m\u0131z \u201cGe\u00e7mi\u015fi olmayan\u0131n gelece\u011fi de olmaz.\u201d demi\u015flerdir. \u00d6zdeyi\u015f halindeki bu s\u00f6zden yola \u00e7\u0131karak ge\u00e7mi\u015fimizi irdelemeye, bildiklerimizi kaydederek bizden sonraki ku\u015faklara kaynak olu\u015fturmaya \u00e7al\u0131\u015ft\u0131k. K\u00f6y\u00fcn kurulu\u015fuyla ilgili resmi bir belgeye ula\u015famad\u0131k. Ya\u015fl\u0131lar\u0131m\u0131z\u0131n anlatt\u0131klar\u0131n\u0131 ve son altm\u0131\u015f y\u0131l\u0131n mevcut bilgilerini de\u011ferlendirerek, k\u00f6y\u00fcm\u00fcz hakk\u0131nda bir kitap haz\u0131rlamay\u0131 g\u00f6rev kabul ettik. Bu \u00e7al\u0131\u015fmay\u0131 yaparken k\u00f6y\u00fcn demografik yap\u0131s\u0131 hakk\u0131ndaki bilgilere de ihtiya\u00e7 duyduk ve bu y\u00f6nde de \u00e7al\u0131\u015fmalar\u0131m\u0131z oldu. Tarih bilimiyle u\u011fra\u015fan insanlar\u0131n ekseriyeti, k\u00f6y\u00fcm\u00fcz\u00fcn bulundu\u011fu bu b\u00f6lgede\/co\u011frafyada ya\u015fayan n\u00fcfusun T\u00fcrkistan (\u2018Orta Asya\u2019 \u0130ngilizlerin verdi\u011fi add\u0131r.) T\u00fcrklerinin o\u011fuz boylar\u0131ndan biri olan \u201c\u00c7epni T\u00fcrklerinden\u201d oldu\u011funu s\u00f6ylemektedir. Bu boyun, Anadolu\u2019daki varl\u0131klar\u0131 12.y\u00fczy\u0131la kadar gitmektedir. \u00c7epni T\u00fcrkleri cesurluklar\u0131yla ve sava\u015f\u00e7\u0131l\u0131klar\u0131yla tan\u0131nm\u0131\u015flard\u0131r. Ve Anadolu\u2019nun T\u00fcrk vatan\u0131 olmas\u0131nda \u00f6nemli roller oynam\u0131\u015flard\u0131r. Ayr\u0131ca, 16. Y\u00fczy\u0131ldan itibaren tutulmaya ba\u015flanan Osmanl\u0131 tahrir ar\u015fivlerinden elde edilen bilgilere g\u00f6re, \u00c7epniler Anadolu\u2019nun T\u00fcrkle\u015fmesine oldu\u011fu gibi isk\u00e2n\u0131na da \u00f6nemli katk\u0131lar sa\u011flam\u0131\u015flard\u0131r. <\/p>\n","protected":false},"excerpt":{"rendered":"<p>Bilmek g\u00fczeldir ve gelece\u011fi tahayy\u00fcl etmenin anahtar\u0131d\u0131r. \u0130nsano\u011flu ge\u00e7mi\u015fini bilmek ve gelece\u011fini g\u00f6rmek ister. Bunun i\u00e7inde her daim ara\u015ft\u0131rmaya \u00f6nem verir. Biz neyiz ve kimiz, nereden<span class=\"excerpt-hellip\"> [\u2026]<\/span><\/p>\n","protected":false},"featured_media":0,"template":"","meta":{"_monsterinsights_skip_tracking":false,"_monsterinsights_sitenote_active":false,"_monsterinsights_sitenote_note":"","_monsterinsights_sitenote_category":0},"product_brand":[],"product_cat":[12370,12304],"product_tag":[],"class_list":{"0":"post-774448","1":"product","2":"type-product","3":"status-publish","5":"product_cat-arastirma-inceleme","6":"product_cat-tarih","7":"pa_cilt-ciltsiz","8":"pa_tur-kitap","9":"pa_yayinevi-gulnar-yayinlari","10":"pa_yazar-nezih-yildirim","12":"first","13":"instock","14":"sale","15":"shipping-taxable","16":"purchasable","17":"product-type-simple"},"_links":{"self":[{"href":"https:\/\/roveyayinevi.com.tr\/index.php\/wp-json\/wp\/v2\/product\/774448","targetHints":{"allow":["GET"]}}],"collection":[{"href":"https:\/\/roveyayinevi.com.tr\/index.php\/wp-json\/wp\/v2\/product"}],"about":[{"href":"https:\/\/roveyayinevi.com.tr\/index.php\/wp-json\/wp\/v2\/types\/product"}],"wp:attachment":[{"href":"https:\/\/roveyayinevi.com.tr\/index.php\/wp-json\/wp\/v2\/media?parent=774448"}],"wp:term":[{"taxonomy":"product_brand","embeddable":true,"href":"https:\/\/roveyayinevi.com.tr\/index.php\/wp-json\/wp\/v2\/product_brand?post=774448"},{"taxonomy":"product_cat","embeddable":true,"href":"https:\/\/roveyayinevi.com.tr\/index.php\/wp-json\/wp\/v2\/product_cat?post=774448"},{"taxonomy":"product_tag","embeddable":true,"href":"https:\/\/roveyayinevi.com.tr\/index.php\/wp-json\/wp\/v2\/product_tag?post=774448"}],"curies":[{"name":"wp","href":"https:\/\/api.w.org\/{rel}","templated":true}]}}