{"id":774447,"date":"2025-08-29T01:29:43","date_gmt":"2025-08-28T22:29:43","guid":{"rendered":"https:\/\/roveyayinevi.com.tr\/index.php\/urun\/primat-dunyasinda-maymuninsan\/"},"modified":"2026-04-15T03:38:53","modified_gmt":"2026-04-15T00:38:53","slug":"primat-dunyasinda-maymuninsan","status":"publish","type":"product","link":"https:\/\/roveyayinevi.com.tr\/index.php\/urun\/primat-dunyasinda-maymuninsan\/","title":{"rendered":"Primat D\u00fcnyas\u0131nda Maymuninsan"},"content":{"rendered":"<p>Orangutan ve gorillerin aksine, en yak\u0131n kuzenlerimiz kabul edilen \u015fempanzelerin besin zincirinde etin \u00f6nemli bir yer tuttu\u011fu g\u00f6r\u00fclm\u00fc\u015ft\u00fcr. Genellikle avlar\u0131na basit\u00e7e sald\u0131r\u0131r ve yakalarlar. Afrika\u2019da rapor edilen \u00e7al\u0131\u015fmalarda 30 bireylik gruplar\u0131n 4-6 bireylik birimlere ayr\u0131larak saatler s\u00fcren sab\u0131rl\u0131 ara\u015ft\u0131rmalar sonucunda, avlar\u0131na yakla\u015ft\u0131klar\u0131 ve aniden sald\u0131rd\u0131klar\u0131 g\u00f6zlenmi\u015ftir. En sevdikleri t\u00fcr k\u0131rm\u0131z\u0131 kolobuslar olsa da 25 farkl\u0131 t\u00fcr avlayabildikleri kaydedilmi\u015ftir. Gombe Ulusal Park\u0131\u2019nda yap\u0131lan g\u00f6zlemde, 30 sald\u0131r\u0131dan 12\u2019sinin \u00f6l\u00fcmle sonu\u00e7land\u0131\u011f\u0131n\u0131, yine 10 y\u0131l s\u00fcren \u00e7al\u0131\u015fmada, yakla\u015f\u0131k 100 \u00f6l\u00fcmle sonu\u00e7lanan avlama rapor edilmi\u015ftir. \u00d6zellikle kolobus av\u0131 s\u0131ras\u0131nda t\u00fcm s\u00fcr\u00fcn\u00fcn ekip olarak \u00e7al\u0131\u015fmas\u0131 gerekir. Avlanacak maymunlar\u0131n bulundu\u011fu a\u011fac\u0131n etraf\u0131 sald\u0131r\u0131 timi taraf\u0131ndan sar\u0131l\u0131r, t\u00fcm ka\u00e7\u0131\u015f noktalar\u0131 kapat\u0131l\u0131r ve tuza\u011fa d\u00fc\u015f\u00fcr\u00fclen maymunlar ani bir atakla yakalan\u0131r. Eri\u015fkin erkek kolobuslar kar\u015f\u0131 koymaya \u00e7al\u0131\u015fsalar da, 6 kat daha a\u011f\u0131r olan \u015fempanzeler bu kovalamacadan genellikle galip \u00e7\u0131karlar. Avlar\u0131n\u0131 \u00f6ld\u00fcrmek i\u00e7in di\u015flerini de\u011fil, yer\u00e7ekimini kullan\u0131r, sert\u00e7e yere atarlar.<\/p>\n","protected":false},"excerpt":{"rendered":"<p>Orangutan ve gorillerin aksine, en yak\u0131n kuzenlerimiz kabul edilen \u015fempanzelerin besin zincirinde etin \u00f6nemli bir yer tuttu\u011fu g\u00f6r\u00fclm\u00fc\u015ft\u00fcr. Genellikle avlar\u0131na basit\u00e7e sald\u0131r\u0131r ve yakalarlar. Afrika\u2019da rapor<span class=\"excerpt-hellip\"> [\u2026]<\/span><\/p>\n","protected":false},"featured_media":0,"template":"","meta":{"_monsterinsights_skip_tracking":false,"_monsterinsights_sitenote_active":false,"_monsterinsights_sitenote_note":"","_monsterinsights_sitenote_category":0},"product_brand":[],"product_cat":[13005,13006],"product_tag":[],"class_list":{"0":"post-774447","1":"product","2":"type-product","3":"status-publish","5":"product_cat-bilim-muhendislik","6":"product_cat-populer-bilim","7":"pa_cilt-ciltsiz","8":"pa_tur-kitap","9":"pa_yayinevi-bilgin-kultur-sanat","10":"pa_yazar-gulfem-uysal","12":"first","13":"instock","14":"sale","15":"shipping-taxable","16":"purchasable","17":"product-type-simple"},"_links":{"self":[{"href":"https:\/\/roveyayinevi.com.tr\/index.php\/wp-json\/wp\/v2\/product\/774447","targetHints":{"allow":["GET"]}}],"collection":[{"href":"https:\/\/roveyayinevi.com.tr\/index.php\/wp-json\/wp\/v2\/product"}],"about":[{"href":"https:\/\/roveyayinevi.com.tr\/index.php\/wp-json\/wp\/v2\/types\/product"}],"wp:attachment":[{"href":"https:\/\/roveyayinevi.com.tr\/index.php\/wp-json\/wp\/v2\/media?parent=774447"}],"wp:term":[{"taxonomy":"product_brand","embeddable":true,"href":"https:\/\/roveyayinevi.com.tr\/index.php\/wp-json\/wp\/v2\/product_brand?post=774447"},{"taxonomy":"product_cat","embeddable":true,"href":"https:\/\/roveyayinevi.com.tr\/index.php\/wp-json\/wp\/v2\/product_cat?post=774447"},{"taxonomy":"product_tag","embeddable":true,"href":"https:\/\/roveyayinevi.com.tr\/index.php\/wp-json\/wp\/v2\/product_tag?post=774447"}],"curies":[{"name":"wp","href":"https:\/\/api.w.org\/{rel}","templated":true}]}}