{"id":774446,"date":"2025-08-29T01:25:46","date_gmt":"2025-08-28T22:25:46","guid":{"rendered":"https:\/\/roveyayinevi.com.tr\/index.php\/urun\/deniz-cayirlari-yayilisi-izlenmesi-korunmasi-ve-restorasyonu\/"},"modified":"2025-08-31T21:37:19","modified_gmt":"2025-08-31T18:37:19","slug":"deniz-cayirlari-yayilisi-izlenmesi-korunmasi-ve-restorasyonu","status":"publish","type":"product","link":"https:\/\/roveyayinevi.com.tr\/index.php\/urun\/deniz-cayirlari-yayilisi-izlenmesi-korunmasi-ve-restorasyonu\/","title":{"rendered":"Deniz \u00c7ay\u0131rlari : Yay\u0131l\u0131\u015f\u0131, \u0130zlenmesi, Korunmas\u0131 ve Restorasyonu"},"content":{"rendered":"<p>Deniz \u00c7ay\u0131rlari : Yay\u0131l\u0131\u015f\u0131, \u0130zlenmesi, Korunmas\u0131 ve Restorasyonu<\/p>\n","protected":false},"excerpt":{"rendered":"<p>Deniz \u00c7ay\u0131rlari : Yay\u0131l\u0131\u015f\u0131, \u0130zlenmesi, Korunmas\u0131 ve Restorasyonu<\/p>\n","protected":false},"featured_media":0,"template":"","meta":{"_monsterinsights_skip_tracking":false,"_monsterinsights_sitenote_active":false,"_monsterinsights_sitenote_note":"","_monsterinsights_sitenote_category":0},"product_brand":[],"product_cat":[12573,12566],"product_tag":[],"class_list":{"0":"post-774446","1":"product","2":"type-product","3":"status-publish","5":"product_cat-akademik-kitaplar","6":"product_cat-egitim","7":"pa_cilt-ciltsiz","8":"pa_tur-kitap","9":"pa_yayinevi-palme-yayincilik-akademik","10":"pa_yazar-ergun-taskin","12":"first","13":"instock","14":"sale","15":"shipping-taxable","16":"purchasable","17":"product-type-simple"},"_links":{"self":[{"href":"https:\/\/roveyayinevi.com.tr\/index.php\/wp-json\/wp\/v2\/product\/774446","targetHints":{"allow":["GET"]}}],"collection":[{"href":"https:\/\/roveyayinevi.com.tr\/index.php\/wp-json\/wp\/v2\/product"}],"about":[{"href":"https:\/\/roveyayinevi.com.tr\/index.php\/wp-json\/wp\/v2\/types\/product"}],"wp:attachment":[{"href":"https:\/\/roveyayinevi.com.tr\/index.php\/wp-json\/wp\/v2\/media?parent=774446"}],"wp:term":[{"taxonomy":"product_brand","embeddable":true,"href":"https:\/\/roveyayinevi.com.tr\/index.php\/wp-json\/wp\/v2\/product_brand?post=774446"},{"taxonomy":"product_cat","embeddable":true,"href":"https:\/\/roveyayinevi.com.tr\/index.php\/wp-json\/wp\/v2\/product_cat?post=774446"},{"taxonomy":"product_tag","embeddable":true,"href":"https:\/\/roveyayinevi.com.tr\/index.php\/wp-json\/wp\/v2\/product_tag?post=774446"}],"curies":[{"name":"wp","href":"https:\/\/api.w.org\/{rel}","templated":true}]}}