{"id":774445,"date":"2025-08-29T01:15:47","date_gmt":"2025-08-28T22:15:47","guid":{"rendered":"https:\/\/roveyayinevi.com.tr\/index.php\/urun\/beyaz-dis-dunya-cocuk-klasikleri\/"},"modified":"2026-04-15T03:37:04","modified_gmt":"2026-04-15T00:37:04","slug":"beyaz-dis-dunya-cocuk-klasikleri","status":"publish","type":"product","link":"https:\/\/roveyayinevi.com.tr\/index.php\/urun\/beyaz-dis-dunya-cocuk-klasikleri\/","title":{"rendered":"Beyaz Di\u015f &#8211; D\u00fcnya \u00c7ocuk Klasikleri"},"content":{"rendered":"<p>Yar\u0131 k\u00f6pek yar\u0131 kurt olan Beyaz Di\u015f daha minik bir yavruyken tan\u0131\u015f\u0131r yaban hayat\u0131yla. Yaban\u0131n kural\u0131 basittir: Avla ya da avlan. Sonra insanla tan\u0131\u015f\u0131r. Onu efendisi bilir. Sevgiden yoksun bir \u015fekilde b\u00fcy\u00fcy\u00fcp g\u00fcnden g\u00fcne &#8230;<\/p>\n","protected":false},"excerpt":{"rendered":"<p>Yar\u0131 k\u00f6pek yar\u0131 kurt olan Beyaz Di\u015f daha minik bir yavruyken tan\u0131\u015f\u0131r yaban hayat\u0131yla. Yaban\u0131n kural\u0131 basittir: Avla ya da avlan. Sonra insanla tan\u0131\u015f\u0131r. Onu efendisi<span class=\"excerpt-hellip\"> [\u2026]<\/span><\/p>\n","protected":false},"featured_media":0,"template":"","meta":{"_monsterinsights_skip_tracking":false,"_monsterinsights_sitenote_active":false,"_monsterinsights_sitenote_note":"","_monsterinsights_sitenote_category":0},"product_brand":[],"product_cat":[12274,12284],"product_tag":[],"class_list":{"0":"post-774445","1":"product","2":"type-product","3":"status-publish","5":"product_cat-cocuk-ve-genclik-kitaplari","6":"product_cat-hikayeler","7":"pa_cilt-ciltsiz","8":"pa_tur-kitap","9":"pa_yayinevi-beyaz-balina-yayinlari","10":"pa_yazar-jack-london","12":"first","13":"instock","14":"sale","15":"shipping-taxable","16":"purchasable","17":"product-type-simple"},"_links":{"self":[{"href":"https:\/\/roveyayinevi.com.tr\/index.php\/wp-json\/wp\/v2\/product\/774445","targetHints":{"allow":["GET"]}}],"collection":[{"href":"https:\/\/roveyayinevi.com.tr\/index.php\/wp-json\/wp\/v2\/product"}],"about":[{"href":"https:\/\/roveyayinevi.com.tr\/index.php\/wp-json\/wp\/v2\/types\/product"}],"wp:attachment":[{"href":"https:\/\/roveyayinevi.com.tr\/index.php\/wp-json\/wp\/v2\/media?parent=774445"}],"wp:term":[{"taxonomy":"product_brand","embeddable":true,"href":"https:\/\/roveyayinevi.com.tr\/index.php\/wp-json\/wp\/v2\/product_brand?post=774445"},{"taxonomy":"product_cat","embeddable":true,"href":"https:\/\/roveyayinevi.com.tr\/index.php\/wp-json\/wp\/v2\/product_cat?post=774445"},{"taxonomy":"product_tag","embeddable":true,"href":"https:\/\/roveyayinevi.com.tr\/index.php\/wp-json\/wp\/v2\/product_tag?post=774445"}],"curies":[{"name":"wp","href":"https:\/\/api.w.org\/{rel}","templated":true}]}}