{"id":774444,"date":"2025-08-29T01:13:41","date_gmt":"2025-08-28T22:13:41","guid":{"rendered":"https:\/\/roveyayinevi.com.tr\/index.php\/urun\/cocuklar-icin-gorgu-ve-ahlak\/"},"modified":"2026-04-15T03:36:35","modified_gmt":"2026-04-15T00:36:35","slug":"cocuklar-icin-gorgu-ve-ahlak","status":"publish","type":"product","link":"https:\/\/roveyayinevi.com.tr\/index.php\/urun\/cocuklar-icin-gorgu-ve-ahlak\/","title":{"rendered":"\u00c7ocuklar \u0130\u00e7in G\u00f6rg\u00fc ve Ahlak"},"content":{"rendered":"<p>K\u00fc\u00e7\u00fck kalpleri Cennetler kadar g\u00fczel olan Sevgili \u00c7ocuklar, \u201cG\u00f6rg\u00fc ve Ahlak\u201d kurallar\u0131n\u0131n en temel kayna\u011f\u0131 Y\u00fcce Kitab\u0131m\u0131z Kur\u2019an-\u0131 Kerim\u2019dir. Ard\u0131ndan Sevgili Peygamberimizin (s.a.v.) s\u00fcnnetleridir. Sonra da \u0130slam b\u00fcy\u00fcklerinin \u00f6rnek ahlaklar\u0131d\u0131r. Sevgili \u00c7ocuklar, elinizdeki \u201c\u00c7ocuklar i\u00e7in G\u00f6rg\u00fc ve Ahlak\u201d kitab\u0131 sizlere Y\u00fcce Kitab\u0131m\u0131zdaki en g\u00fczel erdemleri \u00f6\u011fretecek. Sevgili Peygamberimizin (s.a.v.) ya\u015fad\u0131\u011f\u0131 \u00f6rnek hayattan en g\u00fczel davran\u0131\u015flar\u0131 \u00f6\u011fretecek. \u0130slam b\u00fcy\u00fcklerinin \u00f6\u011f\u00fctlerinden en g\u00fczel kazan\u0131mlar\u0131 ve de\u011ferleri \u00f6\u011fretecek. B\u00fct\u00fcn bunlarla hem huzur bulacaks\u0131n\u0131z hem de Sevgili Peygamberimizin (s.a.v.) ahlak\u0131n\u0131 ve y\u00fcce ki\u015fili\u011fini iyice \u00f6\u011frenip kavray\u0131p O\u2019nu hayat\u0131n\u0131za rehber ederek bilge ve \u00f6rnek \u00e7ocuklar olacaks\u0131n\u0131z. Sevgili \u00c7ocuklar, art\u0131k sizin de size \u00f6zel bir \u201cG\u00f6rg\u00fc ve Ahlak\u201d kitab\u0131n\u0131z var. \u00d6yleyse \u015fimdi sizleri ayetlerle, hadislerle, de\u011ferlerle, \u015fiirlerle, bilmecelerle, bulmacalarla ve i\u00e7eri\u011findeki en zevkli etkinliklerle dopdolu olan \u201c\u00c7ocuklar i\u00e7in G\u00f6rg\u00fc ve Ahlak\u201d kitab\u0131n\u0131z ile ba\u015f ba\u015fa b\u0131rak\u0131yoruz. Haydi \u00f6yleyse, d\u00fcnyan\u0131z ve ahiretiniz cennet olsun diye &#8220;Bismillah&#8221; diyerek kitab\u0131n\u0131z\u0131 okumaya ba\u015flay\u0131n\u0131z. Mutlu okumalar\u2026 <\/p>\n","protected":false},"excerpt":{"rendered":"<p>K\u00fc\u00e7\u00fck kalpleri Cennetler kadar g\u00fczel olan Sevgili \u00c7ocuklar, \u201cG\u00f6rg\u00fc ve Ahlak\u201d kurallar\u0131n\u0131n en temel kayna\u011f\u0131 Y\u00fcce Kitab\u0131m\u0131z Kur\u2019an-\u0131 Kerim\u2019dir. Ard\u0131ndan Sevgili Peygamberimizin (s.a.v.) s\u00fcnnetleridir. Sonra da<span class=\"excerpt-hellip\"> [\u2026]<\/span><\/p>\n","protected":false},"featured_media":0,"template":"","meta":{"_monsterinsights_skip_tracking":false,"_monsterinsights_sitenote_active":false,"_monsterinsights_sitenote_note":"","_monsterinsights_sitenote_category":0},"product_brand":[],"product_cat":[12274,15842],"product_tag":[],"class_list":{"0":"post-774444","1":"product","2":"type-product","3":"status-publish","5":"product_cat-cocuk-ve-genclik-kitaplari","6":"product_cat-egitici-kitaplar","7":"pa_cilt-ciltsiz","8":"pa_tur-kitap","9":"pa_yayinevi-gulnar-yayinlari","10":"pa_yazar-yilmaz-yenidinc","12":"first","13":"instock","14":"sale","15":"shipping-taxable","16":"purchasable","17":"product-type-simple"},"_links":{"self":[{"href":"https:\/\/roveyayinevi.com.tr\/index.php\/wp-json\/wp\/v2\/product\/774444","targetHints":{"allow":["GET"]}}],"collection":[{"href":"https:\/\/roveyayinevi.com.tr\/index.php\/wp-json\/wp\/v2\/product"}],"about":[{"href":"https:\/\/roveyayinevi.com.tr\/index.php\/wp-json\/wp\/v2\/types\/product"}],"wp:attachment":[{"href":"https:\/\/roveyayinevi.com.tr\/index.php\/wp-json\/wp\/v2\/media?parent=774444"}],"wp:term":[{"taxonomy":"product_brand","embeddable":true,"href":"https:\/\/roveyayinevi.com.tr\/index.php\/wp-json\/wp\/v2\/product_brand?post=774444"},{"taxonomy":"product_cat","embeddable":true,"href":"https:\/\/roveyayinevi.com.tr\/index.php\/wp-json\/wp\/v2\/product_cat?post=774444"},{"taxonomy":"product_tag","embeddable":true,"href":"https:\/\/roveyayinevi.com.tr\/index.php\/wp-json\/wp\/v2\/product_tag?post=774444"}],"curies":[{"name":"wp","href":"https:\/\/api.w.org\/{rel}","templated":true}]}}