{"id":774443,"date":"2025-08-29T01:11:34","date_gmt":"2025-08-28T22:11:34","guid":{"rendered":"https:\/\/roveyayinevi.com.tr\/index.php\/urun\/damitilmis-damlalar-1001-kelam-ii\/"},"modified":"2026-04-15T03:36:27","modified_gmt":"2026-04-15T00:36:27","slug":"damitilmis-damlalar-1001-kelam-ii","status":"publish","type":"product","link":"https:\/\/roveyayinevi.com.tr\/index.php\/urun\/damitilmis-damlalar-1001-kelam-ii\/","title":{"rendered":"Dam\u0131t\u0131lm\u0131\u015f Damlalar (1001 Kelam) II"},"content":{"rendered":"<p>\u201c\u00d6nce s\u00f6z vard\u0131\u201d c\u00fcmlesi, muharref bir yorum olarak Yuhanna\u2019ya atfedilse de \u201cs\u00f6z\u00fc merkeze alma\u201d anlam\u0131nda teolojik bir ifade olarak yerle\u015fmi\u015f k\u00fclt\u00fcr\u00fcm\u00fcze. \u201cS\u00f6z Allah kat\u0131ndad\u0131r, O\u2019na aittir, O\u2019nunla irtibatland\u0131r\u0131lmal\u0131d\u0131r\u201d \u015feklinde anlamay\u0131 tercih etmi\u015fimdir hep. Netice de s\u00f6z kalp i\u015fidir. Kalpten gelip k\u00e2l\u0131ba d\u00f6k\u00fcl\u00fcr. Onun i\u00e7indir ki Fars\u00e7a\u2019da fizyolojik bir organ olan \u201cdil\u201d ile; g\u00f6n\u00fcl, kalp anlam\u0131na gelen \u015fapkal\u0131 \u201cd\u00eel\u201d \u00e7ok ince bir ses uzatmas\u0131 ile birbirinden ayr\u0131\u015ft\u0131r\u0131lm\u0131\u015ft\u0131r. Di\u011fer bir tabirle m\u00fc\u015fahhas\u0131n m\u00fccerrede ink\u0131lab\u0131 s\u00f6z konusudur. S\u00f6z illa sesle ger\u00e7ekle\u015fecek de de\u011fildir. Yaz\u0131 da bir s\u00f6zd\u00fcr, yerine g\u00f6re susmayla gelen sessizlik de. \u00d6nemli olan meram\u0131n muhatap g\u00f6n\u00fcllere ula\u015fmas\u0131 de\u011fil midir? <\/p>\n","protected":false},"excerpt":{"rendered":"<p>\u201c\u00d6nce s\u00f6z vard\u0131\u201d c\u00fcmlesi, muharref bir yorum olarak Yuhanna\u2019ya atfedilse de \u201cs\u00f6z\u00fc merkeze alma\u201d anlam\u0131nda teolojik bir ifade olarak yerle\u015fmi\u015f k\u00fclt\u00fcr\u00fcm\u00fcze. \u201cS\u00f6z Allah kat\u0131ndad\u0131r, O\u2019na aittir,<span class=\"excerpt-hellip\"> [\u2026]<\/span><\/p>\n","protected":false},"featured_media":0,"template":"","meta":{"_monsterinsights_skip_tracking":false,"_monsterinsights_sitenote_active":false,"_monsterinsights_sitenote_note":"","_monsterinsights_sitenote_category":0},"product_brand":[],"product_cat":[12291,30969],"product_tag":[],"class_list":{"0":"post-774443","1":"product","2":"type-product","3":"status-publish","5":"product_cat-edebiyat","6":"product_cat-soylesi-edebiyat","7":"pa_cilt-ciltsiz","8":"pa_tur-kitap","9":"pa_yayinevi-gulnar-yayinlari","10":"pa_yazar-ali-cuneyt-eren","12":"first","13":"instock","14":"sale","15":"shipping-taxable","16":"purchasable","17":"product-type-simple"},"_links":{"self":[{"href":"https:\/\/roveyayinevi.com.tr\/index.php\/wp-json\/wp\/v2\/product\/774443","targetHints":{"allow":["GET"]}}],"collection":[{"href":"https:\/\/roveyayinevi.com.tr\/index.php\/wp-json\/wp\/v2\/product"}],"about":[{"href":"https:\/\/roveyayinevi.com.tr\/index.php\/wp-json\/wp\/v2\/types\/product"}],"wp:attachment":[{"href":"https:\/\/roveyayinevi.com.tr\/index.php\/wp-json\/wp\/v2\/media?parent=774443"}],"wp:term":[{"taxonomy":"product_brand","embeddable":true,"href":"https:\/\/roveyayinevi.com.tr\/index.php\/wp-json\/wp\/v2\/product_brand?post=774443"},{"taxonomy":"product_cat","embeddable":true,"href":"https:\/\/roveyayinevi.com.tr\/index.php\/wp-json\/wp\/v2\/product_cat?post=774443"},{"taxonomy":"product_tag","embeddable":true,"href":"https:\/\/roveyayinevi.com.tr\/index.php\/wp-json\/wp\/v2\/product_tag?post=774443"}],"curies":[{"name":"wp","href":"https:\/\/api.w.org\/{rel}","templated":true}]}}