{"id":774441,"date":"2025-08-29T01:11:27","date_gmt":"2025-08-28T22:11:27","guid":{"rendered":"https:\/\/roveyayinevi.com.tr\/index.php\/urun\/damitilmis-damlalar-1001-kelam-i\/"},"modified":"2026-04-15T03:36:26","modified_gmt":"2026-04-15T00:36:26","slug":"damitilmis-damlalar-1001-kelam-i","status":"publish","type":"product","link":"https:\/\/roveyayinevi.com.tr\/index.php\/urun\/damitilmis-damlalar-1001-kelam-i\/","title":{"rendered":"Dam\u0131t\u0131lm\u0131\u015f Damlalar (1001 Kelam) I"},"content":{"rendered":"<p>\u00c7ocuklar\u0131ma s\u00f6yledi\u011fim hemen hemen her s\u00f6z, a\u011f\u0131r a\u011f\u0131r ilerledikleri hayat yolundaki i\u015faret ta\u015flar\u0131 gibiydi. Dikkat ettirmek istemedi\u011fimden sessizce f\u0131s\u0131ldam\u0131\u015ft\u0131m kulaklar\u0131na. Bazen hal, bazen kavl ile\u2026 Ama kaderin de h\u00fckm\u00fc c\u00e2ri. Onun i\u00e7in bu sat\u0131rlarla dam\u0131tarak sunmak istedim damla damla. Onlar \u00fczerinden talep edene&#8230;<\/p>\n","protected":false},"excerpt":{"rendered":"<p>\u00c7ocuklar\u0131ma s\u00f6yledi\u011fim hemen hemen her s\u00f6z, a\u011f\u0131r a\u011f\u0131r ilerledikleri hayat yolundaki i\u015faret ta\u015flar\u0131 gibiydi. Dikkat ettirmek istemedi\u011fimden sessizce f\u0131s\u0131ldam\u0131\u015ft\u0131m kulaklar\u0131na. Bazen hal, bazen kavl ile\u2026 Ama<span class=\"excerpt-hellip\"> [\u2026]<\/span><\/p>\n","protected":false},"featured_media":0,"template":"","meta":{"_monsterinsights_skip_tracking":false,"_monsterinsights_sitenote_active":false,"_monsterinsights_sitenote_note":"","_monsterinsights_sitenote_category":0},"product_brand":[],"product_cat":[12291,30969],"product_tag":[],"class_list":{"0":"post-774441","1":"product","2":"type-product","3":"status-publish","5":"product_cat-edebiyat","6":"product_cat-soylesi-edebiyat","7":"pa_cilt-ciltsiz","8":"pa_tur-kitap","9":"pa_yayinevi-gulnar-yayinlari","10":"pa_yazar-ali-cuneyt-eren","12":"first","13":"instock","14":"sale","15":"shipping-taxable","16":"purchasable","17":"product-type-simple"},"_links":{"self":[{"href":"https:\/\/roveyayinevi.com.tr\/index.php\/wp-json\/wp\/v2\/product\/774441","targetHints":{"allow":["GET"]}}],"collection":[{"href":"https:\/\/roveyayinevi.com.tr\/index.php\/wp-json\/wp\/v2\/product"}],"about":[{"href":"https:\/\/roveyayinevi.com.tr\/index.php\/wp-json\/wp\/v2\/types\/product"}],"wp:attachment":[{"href":"https:\/\/roveyayinevi.com.tr\/index.php\/wp-json\/wp\/v2\/media?parent=774441"}],"wp:term":[{"taxonomy":"product_brand","embeddable":true,"href":"https:\/\/roveyayinevi.com.tr\/index.php\/wp-json\/wp\/v2\/product_brand?post=774441"},{"taxonomy":"product_cat","embeddable":true,"href":"https:\/\/roveyayinevi.com.tr\/index.php\/wp-json\/wp\/v2\/product_cat?post=774441"},{"taxonomy":"product_tag","embeddable":true,"href":"https:\/\/roveyayinevi.com.tr\/index.php\/wp-json\/wp\/v2\/product_tag?post=774441"}],"curies":[{"name":"wp","href":"https:\/\/api.w.org\/{rel}","templated":true}]}}