{"id":774440,"date":"2025-08-29T01:11:25","date_gmt":"2025-08-28T22:11:25","guid":{"rendered":"https:\/\/roveyayinevi.com.tr\/index.php\/urun\/damitilmis-damlalar-1001-kelam-iii\/"},"modified":"2026-04-15T03:36:26","modified_gmt":"2026-04-15T00:36:26","slug":"damitilmis-damlalar-1001-kelam-iii","status":"publish","type":"product","link":"https:\/\/roveyayinevi.com.tr\/index.php\/urun\/damitilmis-damlalar-1001-kelam-iii\/","title":{"rendered":"Dam\u0131t\u0131lm\u0131\u015f Damlalar (1001 Kelam) III"},"content":{"rendered":"<p>Demem o ki s\u00f6z ile anlam aras\u0131ndaki ritim ve dengedir kast olunmas\u0131 gereken. Ve \u00f6zellikle de manadaki muvazenedir vezin. Zira s\u00f6z u\u00e7ar gider, i\u00e7indeki i\u00e7tenliktir kal\u0131c\u0131 olan. Ben kendi halimde basit bir insan\u0131m. \u00d6yle \u201cbilgi\u00e7lik taslayay\u0131m, hele fikir \u00f6nderi olay\u0131m\u201d diye bir iddiam olmad\u0131. Ne tabiat\u0131m ne de ahlak\u0131m buna m\u00fcsait. Damlalar sadece ind\u00ee yorumlar\u0131m. Kendimle ve beni tamamlayan sevdiklerimle s\u00f6yle\u015fi, bir hasbihal\u2026 Belki i\u00e7inde yaraya merhem olacak tek t\u00fck kelam bulunursa kendimi bahtiyar hissedece\u011fim. O kadar yani.  \u00d6tesi yok. <\/p>\n","protected":false},"excerpt":{"rendered":"<p>Demem o ki s\u00f6z ile anlam aras\u0131ndaki ritim ve dengedir kast olunmas\u0131 gereken. Ve \u00f6zellikle de manadaki muvazenedir vezin. Zira s\u00f6z u\u00e7ar gider, i\u00e7indeki i\u00e7tenliktir kal\u0131c\u0131<span class=\"excerpt-hellip\"> [\u2026]<\/span><\/p>\n","protected":false},"featured_media":0,"template":"","meta":{"_monsterinsights_skip_tracking":false,"_monsterinsights_sitenote_active":false,"_monsterinsights_sitenote_note":"","_monsterinsights_sitenote_category":0},"product_brand":[],"product_cat":[12291,30969],"product_tag":[],"class_list":{"0":"post-774440","1":"product","2":"type-product","3":"status-publish","5":"product_cat-edebiyat","6":"product_cat-soylesi-edebiyat","7":"pa_cilt-ciltsiz","8":"pa_tur-kitap","9":"pa_yayinevi-gulnar-yayinlari","10":"pa_yazar-ali-cuneyt-eren","12":"first","13":"instock","14":"sale","15":"shipping-taxable","16":"purchasable","17":"product-type-simple"},"_links":{"self":[{"href":"https:\/\/roveyayinevi.com.tr\/index.php\/wp-json\/wp\/v2\/product\/774440","targetHints":{"allow":["GET"]}}],"collection":[{"href":"https:\/\/roveyayinevi.com.tr\/index.php\/wp-json\/wp\/v2\/product"}],"about":[{"href":"https:\/\/roveyayinevi.com.tr\/index.php\/wp-json\/wp\/v2\/types\/product"}],"wp:attachment":[{"href":"https:\/\/roveyayinevi.com.tr\/index.php\/wp-json\/wp\/v2\/media?parent=774440"}],"wp:term":[{"taxonomy":"product_brand","embeddable":true,"href":"https:\/\/roveyayinevi.com.tr\/index.php\/wp-json\/wp\/v2\/product_brand?post=774440"},{"taxonomy":"product_cat","embeddable":true,"href":"https:\/\/roveyayinevi.com.tr\/index.php\/wp-json\/wp\/v2\/product_cat?post=774440"},{"taxonomy":"product_tag","embeddable":true,"href":"https:\/\/roveyayinevi.com.tr\/index.php\/wp-json\/wp\/v2\/product_tag?post=774440"}],"curies":[{"name":"wp","href":"https:\/\/api.w.org\/{rel}","templated":true}]}}