{"id":774438,"date":"2025-08-29T01:10:42","date_gmt":"2025-08-28T22:10:42","guid":{"rendered":"https:\/\/roveyayinevi.com.tr\/index.php\/urun\/cocuklar-icin-anadolu-uygarliklari-i-ciltli\/"},"modified":"2026-04-15T03:36:24","modified_gmt":"2026-04-15T00:36:24","slug":"cocuklar-icin-anadolu-uygarliklari-i-ciltli","status":"publish","type":"product","link":"https:\/\/roveyayinevi.com.tr\/index.php\/urun\/cocuklar-icin-anadolu-uygarliklari-i-ciltli\/","title":{"rendered":"\u00c7ocuklar \u0130\u00e7in Anadolu Uygarl\u0131klar\u0131 I (Ciltli)"},"content":{"rendered":"<p>De\u011ferli Okurlar, elinizde bulunan ve \u00e7o\u00e7uklar i\u00e7in anadolu uygarl\u0131klar\u0131,antik kentler ve m\u00fczeler adl\u0131 bu kitap , bir \u00e7o\u00e7uk kitab\u0131 olmas\u0131 nedeni\u0131yle i\u00e7erisinde,i\u00e7indekiler Bibliyografya(Kaynak\u00e7a) ve Resim Listesi gibi b\u00f6l\u00fcmler bulunmamamaktad\u0131r.Kitapta, olduk\u00e7a \u00e7ok renkli ve siyah-beyaz arkeolojik resimler,\u00e7izimler,harita ve planlar ile bir s\u00f6zl\u00fck vard\u0131r.Bu nedenle eserlerinden yararland\u0131\u011f\u0131m ve resimlerini kulland\u0131\u011f\u0131m yazarlara te\u015fekk\u00fcr etmeyi bir bor\u00e7 bilirim.Kitab\u0131 g\u00f6zden ge\u00e7irdiklerinde kendilerinin kimler olduklar\u0131n\u0131 anlayacaklard\u0131r.Asl\u0131nda \u00e7o\u00e7uklar i\u00e7in yazd\u0131\u011f\u0131m ve \u00e7ok uzun y\u0131llar s\u00fcren bir \u00e7al\u0131\u015fma sonucu ortaya \u00e7\u0131kan bu kitap,\u00f6z\u00fcnde \u00e7o\u00e7uklar i\u00e7in kaleme al\u0131nm\u0131\u015f\u015fa da ayn\u0131 zamanda b\u00fcy\u00fckler i\u00e7in  yaz\u0131lm\u0131\u015ft\u0131r.Bu nedenle de kitaba bir kronoloji de konmu\u015ftur.Kitap,uzun y\u0131llar sonucunda kapsam\u0131,geni\u015fli\u011fi ve di\u011fer bir\u00e7ok bilimlerle olan yak\u0131n ili\u015fkisi nedeniyle \u00e7o\u011funlukla bir okyanus olarak tan\u0131mlad\u0131g\u0131m Arkeoloji Bilimi konusundaki \u00e7al\u0131\u015fmalar\u0131m\u0131 ger\u00e7ekle\u015ftirdi\u011fim k\u00fct\u00fcphanelerde m\u00fczelerde ve haliyle evimdeki k\u00fct\u00fcphanemde yaz\u0131lm\u0131\u015ft\u0131r.<\/p>\n","protected":false},"excerpt":{"rendered":"<p>De\u011ferli Okurlar, elinizde bulunan ve \u00e7o\u00e7uklar i\u00e7in anadolu uygarl\u0131klar\u0131,antik kentler ve m\u00fczeler adl\u0131 bu kitap , bir \u00e7o\u00e7uk kitab\u0131 olmas\u0131 nedeni\u0131yle i\u00e7erisinde,i\u00e7indekiler Bibliyografya(Kaynak\u00e7a) ve Resim Listesi<span class=\"excerpt-hellip\"> [\u2026]<\/span><\/p>\n","protected":false},"featured_media":0,"template":"","meta":{"_monsterinsights_skip_tracking":false,"_monsterinsights_sitenote_active":false,"_monsterinsights_sitenote_note":"","_monsterinsights_sitenote_category":0},"product_brand":[],"product_cat":[52477,52478],"product_tag":[],"class_list":{"0":"post-774438","1":"product","2":"type-product","3":"status-publish","5":"product_cat-arastirma","6":"product_cat-arkeoloji","7":"pa_cilt-ciltli","8":"pa_tur-kitap","9":"pa_yayinevi-bilgin-kultur-sanat","10":"pa_yazar-vedat-idil","12":"first","13":"instock","14":"sale","15":"shipping-taxable","16":"purchasable","17":"product-type-simple"},"_links":{"self":[{"href":"https:\/\/roveyayinevi.com.tr\/index.php\/wp-json\/wp\/v2\/product\/774438","targetHints":{"allow":["GET"]}}],"collection":[{"href":"https:\/\/roveyayinevi.com.tr\/index.php\/wp-json\/wp\/v2\/product"}],"about":[{"href":"https:\/\/roveyayinevi.com.tr\/index.php\/wp-json\/wp\/v2\/types\/product"}],"wp:attachment":[{"href":"https:\/\/roveyayinevi.com.tr\/index.php\/wp-json\/wp\/v2\/media?parent=774438"}],"wp:term":[{"taxonomy":"product_brand","embeddable":true,"href":"https:\/\/roveyayinevi.com.tr\/index.php\/wp-json\/wp\/v2\/product_brand?post=774438"},{"taxonomy":"product_cat","embeddable":true,"href":"https:\/\/roveyayinevi.com.tr\/index.php\/wp-json\/wp\/v2\/product_cat?post=774438"},{"taxonomy":"product_tag","embeddable":true,"href":"https:\/\/roveyayinevi.com.tr\/index.php\/wp-json\/wp\/v2\/product_tag?post=774438"}],"curies":[{"name":"wp","href":"https:\/\/api.w.org\/{rel}","templated":true}]}}