{"id":774436,"date":"2025-08-29T01:10:31","date_gmt":"2025-08-28T22:10:31","guid":{"rendered":"https:\/\/roveyayinevi.com.tr\/index.php\/urun\/kayip-yildizin-pesinde\/"},"modified":"2026-04-15T03:35:51","modified_gmt":"2026-04-15T00:35:51","slug":"kayip-yildizin-pesinde","status":"publish","type":"product","link":"https:\/\/roveyayinevi.com.tr\/index.php\/urun\/kayip-yildizin-pesinde\/","title":{"rendered":"Kay\u0131p Y\u0131ld\u0131z\u0131n Pe\u015finde"},"content":{"rendered":"<p>Fantastik bir d\u00fcnyan\u0131n tam ortas\u0131na s\u00fcr\u00fcklenmeye haz\u0131r m\u0131s\u0131n\u0131z? G\u00f6ky\u00fcz\u00fcnde parlayan bir y\u0131ld\u0131z\u2026 Efsanelere konu olmu\u015f, as\u0131rlard\u0131r anlat\u0131lan ama kimsenin ger\u00e7ekten g\u00f6rmedi\u011fi bir \u0131\u015f\u0131k. Onun pe\u015fine d\u00fc\u015fenler ya kaybolmu\u015f ya da sonsuz bilgiyle \u00f6d\u00fcllendirilmi\u015f. Gen\u00e7 macerac\u0131 Galen ve Elera, kaderinin \u00e7a\u011fr\u0131s\u0131na kulak vererek bu y\u0131ld\u0131z\u0131n izini s\u00fcrmeye karar verdiklerinde, onu yaln\u0131zca g\u00f6ky\u00fcz\u00fcnde de\u011fil, kendi ruhlar\u0131n\u0131n derinliklerinde de aramalar\u0131 gerekti\u011fini fark eder. Yolculuklar\u0131 boyunca gizemli b\u00fcy\u00fcc\u00fc, k\u00e2hin, kadim bilgelik ta\u015f\u0131yan varl\u0131klarla kar\u015f\u0131la\u015fan Galen ve Elera; g\u00f6lgelerin ve ma\u011faralar\u0131n i\u00e7inde saklanan d\u00fc\u015fmanlarla sava\u015facakt\u0131r. Mehmet Sait Ulu\u00e7ay, ar\u0131 dili, g\u00fc\u00e7l\u00fc anlat\u0131m\u0131 ve kendine \u00f6zg\u00fc betimlemeleriyle, okuyucuyu b\u00fcy\u00fcleyici bir ke\u015fif yolculu\u011funa \u00e7\u0131kar\u0131yor. \u2018Kay\u0131p Y\u0131ld\u0131z\u0131n Pe\u015finde\u2019 yaln\u0131zca bir macera de\u011fil; insan\u0131n hayalleri, inanc\u0131 ve kaderiyle y\u00fczle\u015fti\u011fi unutulmaz bir hik\u00e2ye. <\/p>\n","protected":false},"excerpt":{"rendered":"<p>Fantastik bir d\u00fcnyan\u0131n tam ortas\u0131na s\u00fcr\u00fcklenmeye haz\u0131r m\u0131s\u0131n\u0131z? G\u00f6ky\u00fcz\u00fcnde parlayan bir y\u0131ld\u0131z\u2026 Efsanelere konu olmu\u015f, as\u0131rlard\u0131r anlat\u0131lan ama kimsenin ger\u00e7ekten g\u00f6rmedi\u011fi bir \u0131\u015f\u0131k. Onun pe\u015fine d\u00fc\u015fenler<span class=\"excerpt-hellip\"> [\u2026]<\/span><\/p>\n","protected":false},"featured_media":0,"template":"","meta":{"_monsterinsights_skip_tracking":false,"_monsterinsights_sitenote_active":false,"_monsterinsights_sitenote_note":"","_monsterinsights_sitenote_category":0},"product_brand":[],"product_cat":[12291,12711],"product_tag":[],"class_list":{"0":"post-774436","1":"product","2":"type-product","3":"status-publish","5":"product_cat-edebiyat","6":"product_cat-roman-oyku","7":"pa_cilt-ciltsiz","8":"pa_tur-kitap","9":"pa_yayinevi-gulnar-yayinlari","10":"pa_yazar-mehmet-sait-ulucay","12":"first","13":"instock","14":"sale","15":"shipping-taxable","16":"purchasable","17":"product-type-simple"},"_links":{"self":[{"href":"https:\/\/roveyayinevi.com.tr\/index.php\/wp-json\/wp\/v2\/product\/774436","targetHints":{"allow":["GET"]}}],"collection":[{"href":"https:\/\/roveyayinevi.com.tr\/index.php\/wp-json\/wp\/v2\/product"}],"about":[{"href":"https:\/\/roveyayinevi.com.tr\/index.php\/wp-json\/wp\/v2\/types\/product"}],"wp:attachment":[{"href":"https:\/\/roveyayinevi.com.tr\/index.php\/wp-json\/wp\/v2\/media?parent=774436"}],"wp:term":[{"taxonomy":"product_brand","embeddable":true,"href":"https:\/\/roveyayinevi.com.tr\/index.php\/wp-json\/wp\/v2\/product_brand?post=774436"},{"taxonomy":"product_cat","embeddable":true,"href":"https:\/\/roveyayinevi.com.tr\/index.php\/wp-json\/wp\/v2\/product_cat?post=774436"},{"taxonomy":"product_tag","embeddable":true,"href":"https:\/\/roveyayinevi.com.tr\/index.php\/wp-json\/wp\/v2\/product_tag?post=774436"}],"curies":[{"name":"wp","href":"https:\/\/api.w.org\/{rel}","templated":true}]}}