{"id":774435,"date":"2025-08-29T01:05:22","date_gmt":"2025-08-28T22:05:22","guid":{"rendered":"https:\/\/roveyayinevi.com.tr\/index.php\/urun\/ayrilmaz-ikili-1\/"},"modified":"2026-04-13T03:30:53","modified_gmt":"2026-04-13T00:30:53","slug":"ayrilmaz-ikili-1","status":"publish","type":"product","link":"https:\/\/roveyayinevi.com.tr\/index.php\/urun\/ayrilmaz-ikili-1\/","title":{"rendered":"Ayr\u0131lmaz \u0130kili &#8211; 1"},"content":{"rendered":"<p>S\u0131cac\u0131k Bir Dostluk Hikayesi    Ay\u0131 en yak\u0131n arkada\u015f\u0131 Sincap\u2019a mutsuz, ne\u015feli veya \u00f6fkeli oldu\u011funda hep yan\u0131nda kalaca\u011f\u0131na dair s\u00f6z verir ve Sincap nereye giderse gitsin, Ay\u0131 hep onun  yan\u0131ndad\u0131r.  Ba\u015flang\u0131\u00e7ta Sincap bu durumdan ho\u015flansa da Ay\u0131 Sincap&#8217;\u0131n kanosunu bat\u0131rd\u0131\u011f\u0131nda, favori kupas\u0131n\u0131 k\u0131rd\u0131\u011f\u0131nda ve tahtaravalliden onu f\u0131rlatt\u0131\u011f\u0131nda i\u015fler sarpa sarar. En sonunda Sincap biraz mesafe istemeye karar verir. Fakat Ay\u0131 yan\u0131nda olmad\u0131\u011f\u0131nda hayat\u0131n o kadar da e\u011flenceli olmad\u0131\u011f\u0131n\u0131 fark eder\u2026  Smriti Halls taraf\u0131ndan yaz\u0131lan ve Steve Small taraf\u0131ndan resimlenen Ayr\u0131lmaz \u0130kili, dostlu\u011fun de\u011ferini ve kal\u0131c\u0131l\u0131\u011f\u0131n\u0131 konu ediniyor. Ayn\u0131 zamanda farkl\u0131l\u0131klar\u0131na ra\u011fmen birbirinden asla vazge\u00e7meyen iki arkada\u015f\u0131n, dokunakl\u0131 ve e\u011flenceli deneyimleriyle okuyucular\u0131n\u0131 bulu\u015ftururken, sevginin her zorlu\u011fun \u00fcstesinden gelmeyi ne denli kolayla\u015ft\u0131rd\u0131\u011f\u0131 \u00fczerine de \u00f6nemli bir fark\u0131ndal\u0131k yarat\u0131yor.  Ayr\u0131lmaz \u0130kili 2021 Klaus Flugge 2021 Oscar&#8217;s Book Prize ve British Book Awards \u00e7ocuk kitaplar\u0131 kategorilerinde de k\u0131sa listeye girmeyi ba\u015fararak b\u00fcy\u00fck bir be\u011feni toplam\u0131\u015ft\u0131r.  <\/p>\n","protected":false},"excerpt":{"rendered":"<p>S\u0131cac\u0131k Bir Dostluk Hikayesi Ay\u0131 en yak\u0131n arkada\u015f\u0131 Sincap\u2019a mutsuz, ne\u015feli veya \u00f6fkeli oldu\u011funda hep yan\u0131nda kalaca\u011f\u0131na dair s\u00f6z verir ve Sincap nereye giderse gitsin, Ay\u0131<span class=\"excerpt-hellip\"> [\u2026]<\/span><\/p>\n","protected":false},"featured_media":0,"template":"","meta":{"_monsterinsights_skip_tracking":false,"_monsterinsights_sitenote_active":false,"_monsterinsights_sitenote_note":"","_monsterinsights_sitenote_category":0},"product_brand":[],"product_cat":[12274,12284],"product_tag":[],"class_list":{"0":"post-774435","1":"product","2":"type-product","3":"status-publish","5":"product_cat-cocuk-ve-genclik-kitaplari","6":"product_cat-hikayeler","7":"pa_cilt-ciltsiz","8":"pa_tur-kitap","9":"pa_yayinevi-okuyan-koala","10":"pa_yazar-smriti-halls","12":"first","13":"instock","14":"sale","15":"shipping-taxable","16":"purchasable","17":"product-type-simple"},"_links":{"self":[{"href":"https:\/\/roveyayinevi.com.tr\/index.php\/wp-json\/wp\/v2\/product\/774435","targetHints":{"allow":["GET"]}}],"collection":[{"href":"https:\/\/roveyayinevi.com.tr\/index.php\/wp-json\/wp\/v2\/product"}],"about":[{"href":"https:\/\/roveyayinevi.com.tr\/index.php\/wp-json\/wp\/v2\/types\/product"}],"wp:attachment":[{"href":"https:\/\/roveyayinevi.com.tr\/index.php\/wp-json\/wp\/v2\/media?parent=774435"}],"wp:term":[{"taxonomy":"product_brand","embeddable":true,"href":"https:\/\/roveyayinevi.com.tr\/index.php\/wp-json\/wp\/v2\/product_brand?post=774435"},{"taxonomy":"product_cat","embeddable":true,"href":"https:\/\/roveyayinevi.com.tr\/index.php\/wp-json\/wp\/v2\/product_cat?post=774435"},{"taxonomy":"product_tag","embeddable":true,"href":"https:\/\/roveyayinevi.com.tr\/index.php\/wp-json\/wp\/v2\/product_tag?post=774435"}],"curies":[{"name":"wp","href":"https:\/\/api.w.org\/{rel}","templated":true}]}}