{"id":774434,"date":"2025-08-29T01:04:20","date_gmt":"2025-08-28T22:04:20","guid":{"rendered":"https:\/\/roveyayinevi.com.tr\/index.php\/urun\/bilge-dedem-anlatiyor-onun-s-a-v-gelisi\/"},"modified":"2026-04-15T03:34:52","modified_gmt":"2026-04-15T00:34:52","slug":"bilge-dedem-anlatiyor-onun-s-a-v-gelisi","status":"publish","type":"product","link":"https:\/\/roveyayinevi.com.tr\/index.php\/urun\/bilge-dedem-anlatiyor-onun-s-a-v-gelisi\/","title":{"rendered":"Bilge Dedem Anlat\u0131yor &#8221;O&#8217;nun (S.A.V.) Geli\u015fi&#8221;"},"content":{"rendered":"<p>Benim ad\u0131m Ahmet. Ben de her \u00e7ocuk gibi \u015fehirde ailemle birlikte ya\u015f\u0131yorum. Yaz tatilini ge\u00e7irmek \u00fczere ninemle dedemin yan\u0131na gittik. Uzun bir yolculu\u011fun ard\u0131ndan k\u00f6ye ula\u015ft\u0131k. Hasretini \u00e7ekti\u011fimiz k\u00f6y ya\u015fant\u0131s\u0131 her haliyle bizleri etkisi alt\u0131na ald\u0131. K\u00f6yde edindi\u011fim yeni arkada\u015fl\u0131klar ve Bilge Dedem ile birlikte ge\u00e7irdi\u011fim ho\u015f vakitler, bitmeyecek bir yolculu\u011fun habercisi oldu. Bu yolculuk, tatil boyunca hem maddi hem de manevi y\u00f6nden devam etti.  Bilge Dedem ile aram\u0131zda ge\u00e7en her konu\u015fma yeni bir bilginin kap\u0131s\u0131n\u0131 ard\u0131na dek aral\u0131yordu. Edinilen her bilgi, yeni bir maceraya s\u00fcr\u00fckl\u00fcyordu beni. Macera dolu bu yaz tatilinde Peygamber Efendimiz Hz. Muhammed\u2019in (S.A.V.) d\u00fcnyaya geli\u015fi hakk\u0131nda \u00e7ok \u00f6nemli bilgiler edindim. Edindi\u011fim bilgileri sizlerle payla\u015fmaya ve sesimi sizlere duyurmaya geldim. Peki, sizler de bu yolculukta bana e\u015flik etmek ister misiniz? O halde, buyurun! Yolun buradan sonras\u0131n\u0131 birlikte y\u00fcr\u00fcyelim. <\/p>\n","protected":false},"excerpt":{"rendered":"<p>Benim ad\u0131m Ahmet. Ben de her \u00e7ocuk gibi \u015fehirde ailemle birlikte ya\u015f\u0131yorum. Yaz tatilini ge\u00e7irmek \u00fczere ninemle dedemin yan\u0131na gittik. Uzun bir yolculu\u011fun ard\u0131ndan k\u00f6ye ula\u015ft\u0131k.<span class=\"excerpt-hellip\"> [\u2026]<\/span><\/p>\n","protected":false},"featured_media":0,"template":"","meta":{"_monsterinsights_skip_tracking":false,"_monsterinsights_sitenote_active":false,"_monsterinsights_sitenote_note":"","_monsterinsights_sitenote_category":0},"product_brand":[],"product_cat":[12274,12284],"product_tag":[],"class_list":{"0":"post-774434","1":"product","2":"type-product","3":"status-publish","5":"product_cat-cocuk-ve-genclik-kitaplari","6":"product_cat-hikayeler","7":"pa_cilt-ciltsiz","8":"pa_tur-kitap","9":"pa_yayinevi-ugi-cocuk","10":"pa_yazar-murat-tas","12":"first","13":"instock","14":"sale","15":"shipping-taxable","16":"purchasable","17":"product-type-simple"},"_links":{"self":[{"href":"https:\/\/roveyayinevi.com.tr\/index.php\/wp-json\/wp\/v2\/product\/774434","targetHints":{"allow":["GET"]}}],"collection":[{"href":"https:\/\/roveyayinevi.com.tr\/index.php\/wp-json\/wp\/v2\/product"}],"about":[{"href":"https:\/\/roveyayinevi.com.tr\/index.php\/wp-json\/wp\/v2\/types\/product"}],"wp:attachment":[{"href":"https:\/\/roveyayinevi.com.tr\/index.php\/wp-json\/wp\/v2\/media?parent=774434"}],"wp:term":[{"taxonomy":"product_brand","embeddable":true,"href":"https:\/\/roveyayinevi.com.tr\/index.php\/wp-json\/wp\/v2\/product_brand?post=774434"},{"taxonomy":"product_cat","embeddable":true,"href":"https:\/\/roveyayinevi.com.tr\/index.php\/wp-json\/wp\/v2\/product_cat?post=774434"},{"taxonomy":"product_tag","embeddable":true,"href":"https:\/\/roveyayinevi.com.tr\/index.php\/wp-json\/wp\/v2\/product_tag?post=774434"}],"curies":[{"name":"wp","href":"https:\/\/api.w.org\/{rel}","templated":true}]}}