{"id":774432,"date":"2025-08-29T00:59:13","date_gmt":"2025-08-28T21:59:13","guid":{"rendered":"https:\/\/roveyayinevi.com.tr\/index.php\/urun\/besinci-rasit-halife-omer-b-abdulaziz\/"},"modified":"2026-04-15T03:33:58","modified_gmt":"2026-04-15T00:33:58","slug":"besinci-rasit-halife-omer-b-abdulaziz","status":"publish","type":"product","link":"https:\/\/roveyayinevi.com.tr\/index.php\/urun\/besinci-rasit-halife-omer-b-abdulaziz\/","title":{"rendered":"Be\u015finci Ra\u015fit Halife \u00d6mer b. Abd\u00fclaziz"},"content":{"rendered":"<p>*\u00d6mer b. Abd\u00fclaziz d\u00f6neminde valiler, kendi b\u00f6lgelerinde toplanan zekat\u0131 da\u011f\u0131tacak fakir bulamaz hale gelmi\u015ftir. *Evlenmek isteyen gen\u00e7lerin d\u00fc\u011f\u00fcn ihtiya\u00e7lar\u0131n\u0131n kar\u015f\u0131lanmas\u0131n\u0131, me\u015fru bir i\u015f yaparken bor\u00e7 bata\u011f\u0131na d\u00fc\u015fenlerin bor\u00e7lar\u0131n\u0131n \u00f6denmesini emretmi\u015ftir. Yetimlere, dul kad\u0131nlara, \u00e7al\u0131\u015facak g\u00fcc\u00fc olmayanlara maa\u015f ba\u011flam\u0131\u015ft\u0131r. *Yolcu ve yoksullar\u0131n yemek ihtiya\u00e7lar\u0131n\u0131 kar\u015f\u0131lama i\u00e7in \u201cYemek Evleri\u201d kurmu\u015ftur. *Yolcular i\u00e7in konaklama tesisleri kurmu\u015ftur. *Bir devlet ba\u015fkan\u0131 olmas\u0131na ra\u011fmen mezar yerini bile kendi paras\u0131yla al\u0131p haz\u0131rlatm\u0131\u015ft\u0131r. *Halife olarak bizzat kendisi, z\u00fcht ve takva hayat\u0131 ya\u015fam\u0131\u015ft\u0131r. Sadece valilere g\u00f6nderdi\u011fi genelgeler ve buyruklarla de\u011fil, bu haliyle de devlet adamlar\u0131na \u00f6rnek olmu\u015ftur. Kendisi yoksul ya\u015famas\u0131na ra\u011fmen halk\u0131 refah i\u00e7inde ya\u015fatma imkan\u0131 bulmu\u015ftur. Refah\u0131 tabana yaymay\u0131 ba\u015faran bir devlet ba\u015fkan\u0131 olarak 29 ayl\u0131k hilafeti d\u00f6neminde tarihte \u0130slam ink\u0131lab\u0131n\u0131n canl\u0131 \u00f6rne\u011fini ya\u015fatm\u0131\u015ft\u0131r. <\/p>\n","protected":false},"excerpt":{"rendered":"<p>*\u00d6mer b. Abd\u00fclaziz d\u00f6neminde valiler, kendi b\u00f6lgelerinde toplanan zekat\u0131 da\u011f\u0131tacak fakir bulamaz hale gelmi\u015ftir. *Evlenmek isteyen gen\u00e7lerin d\u00fc\u011f\u00fcn ihtiya\u00e7lar\u0131n\u0131n kar\u015f\u0131lanmas\u0131n\u0131, me\u015fru bir i\u015f yaparken bor\u00e7 bata\u011f\u0131na<span class=\"excerpt-hellip\"> [\u2026]<\/span><\/p>\n","protected":false},"featured_media":0,"template":"","meta":{"_monsterinsights_skip_tracking":false,"_monsterinsights_sitenote_active":false,"_monsterinsights_sitenote_note":"","_monsterinsights_sitenote_category":0},"product_brand":[],"product_cat":[14009,12291],"product_tag":[],"class_list":{"0":"post-774432","1":"product","2":"type-product","3":"status-publish","5":"product_cat-biyografi-otobiyografi-edebiyat","6":"product_cat-edebiyat","7":"pa_cilt-ciltsiz","8":"pa_tur-kitap","9":"pa_yayinevi-gulnar-yayinlari","10":"pa_yazar-ethem-erkoc","12":"first","13":"instock","14":"sale","15":"shipping-taxable","16":"purchasable","17":"product-type-simple"},"_links":{"self":[{"href":"https:\/\/roveyayinevi.com.tr\/index.php\/wp-json\/wp\/v2\/product\/774432","targetHints":{"allow":["GET"]}}],"collection":[{"href":"https:\/\/roveyayinevi.com.tr\/index.php\/wp-json\/wp\/v2\/product"}],"about":[{"href":"https:\/\/roveyayinevi.com.tr\/index.php\/wp-json\/wp\/v2\/types\/product"}],"wp:attachment":[{"href":"https:\/\/roveyayinevi.com.tr\/index.php\/wp-json\/wp\/v2\/media?parent=774432"}],"wp:term":[{"taxonomy":"product_brand","embeddable":true,"href":"https:\/\/roveyayinevi.com.tr\/index.php\/wp-json\/wp\/v2\/product_brand?post=774432"},{"taxonomy":"product_cat","embeddable":true,"href":"https:\/\/roveyayinevi.com.tr\/index.php\/wp-json\/wp\/v2\/product_cat?post=774432"},{"taxonomy":"product_tag","embeddable":true,"href":"https:\/\/roveyayinevi.com.tr\/index.php\/wp-json\/wp\/v2\/product_tag?post=774432"}],"curies":[{"name":"wp","href":"https:\/\/api.w.org\/{rel}","templated":true}]}}