{"id":774428,"date":"2025-08-29T00:32:36","date_gmt":"2025-08-28T21:32:36","guid":{"rendered":"https:\/\/roveyayinevi.com.tr\/index.php\/urun\/1-siniflar-icin-hece-kitabi\/"},"modified":"2026-04-15T03:29:39","modified_gmt":"2026-04-15T00:29:39","slug":"1-siniflar-icin-hece-kitabi","status":"publish","type":"product","link":"https:\/\/roveyayinevi.com.tr\/index.php\/urun\/1-siniflar-icin-hece-kitabi\/","title":{"rendered":"1. S\u0131n\u0131flar \u0130\u00e7in Hece Kitab\u0131"},"content":{"rendered":"<p>1. S\u0131n\u0131flar i\u00e7in Hece Kitab\u0131,okuma yazma e\u011fitimine yeni ba\u015flayacak \u00e7ocuklar i\u00e7in \u00e7ok faydal\u0131 bir kaynak olacakt\u0131r. \u00c7ocuklar\u0131m\u0131z\u0131n T\u00fcrk\u00e7eyi g\u00fczel, etkili ve do\u011fru kullanmas\u0131 hedeflenmi\u015ftir. \u0130lk okuma yazma e\u011fitimi dik temel harflerle ger\u00e7ekle\u015ftirilmektedir. Parmak, el-kol kaslar\u0131 boyama ve \u00e7izgi \u00e7al\u0131\u015fmalar\u0131yla geli\u015fmi\u015f \u00e7ocuklar sesleri tan\u0131maya haz\u0131rd\u0131r.  \u0130lkokula yeni ad\u0131m atm\u0131\u015f \u00e7ocuklar\u0131m\u0131z i\u00e7in e\u015fsiz bir kaynak&#8230; <\/p>\n","protected":false},"excerpt":{"rendered":"<p>1. S\u0131n\u0131flar i\u00e7in Hece Kitab\u0131,okuma yazma e\u011fitimine yeni ba\u015flayacak \u00e7ocuklar i\u00e7in \u00e7ok faydal\u0131 bir kaynak olacakt\u0131r. \u00c7ocuklar\u0131m\u0131z\u0131n T\u00fcrk\u00e7eyi g\u00fczel, etkili ve do\u011fru kullanmas\u0131 hedeflenmi\u015ftir. \u0130lk okuma<span class=\"excerpt-hellip\"> [\u2026]<\/span><\/p>\n","protected":false},"featured_media":0,"template":"","meta":{"_monsterinsights_skip_tracking":false,"_monsterinsights_sitenote_active":false,"_monsterinsights_sitenote_note":"","_monsterinsights_sitenote_category":0},"product_brand":[],"product_cat":[12274,15842],"product_tag":[],"class_list":{"0":"post-774428","1":"product","2":"type-product","3":"status-publish","5":"product_cat-cocuk-ve-genclik-kitaplari","6":"product_cat-egitici-kitaplar","7":"pa_cilt-ciltsiz","8":"pa_tur-kitap","9":"pa_yayinevi-bicirik-yayinlari","10":"pa_yazar-abdurrahman-koc-fethi-turan","12":"first","13":"instock","14":"sale","15":"shipping-taxable","16":"purchasable","17":"product-type-simple"},"_links":{"self":[{"href":"https:\/\/roveyayinevi.com.tr\/index.php\/wp-json\/wp\/v2\/product\/774428","targetHints":{"allow":["GET"]}}],"collection":[{"href":"https:\/\/roveyayinevi.com.tr\/index.php\/wp-json\/wp\/v2\/product"}],"about":[{"href":"https:\/\/roveyayinevi.com.tr\/index.php\/wp-json\/wp\/v2\/types\/product"}],"wp:attachment":[{"href":"https:\/\/roveyayinevi.com.tr\/index.php\/wp-json\/wp\/v2\/media?parent=774428"}],"wp:term":[{"taxonomy":"product_brand","embeddable":true,"href":"https:\/\/roveyayinevi.com.tr\/index.php\/wp-json\/wp\/v2\/product_brand?post=774428"},{"taxonomy":"product_cat","embeddable":true,"href":"https:\/\/roveyayinevi.com.tr\/index.php\/wp-json\/wp\/v2\/product_cat?post=774428"},{"taxonomy":"product_tag","embeddable":true,"href":"https:\/\/roveyayinevi.com.tr\/index.php\/wp-json\/wp\/v2\/product_tag?post=774428"}],"curies":[{"name":"wp","href":"https:\/\/api.w.org\/{rel}","templated":true}]}}