{"id":774424,"date":"2025-08-29T00:32:27","date_gmt":"2025-08-28T21:32:27","guid":{"rendered":"https:\/\/roveyayinevi.com.tr\/index.php\/urun\/annemin-sir-dolu-cekmecesi\/"},"modified":"2026-04-15T03:29:39","modified_gmt":"2026-04-15T00:29:39","slug":"annemin-sir-dolu-cekmecesi","status":"publish","type":"product","link":"https:\/\/roveyayinevi.com.tr\/index.php\/urun\/annemin-sir-dolu-cekmecesi\/","title":{"rendered":"Annemin S\u0131r Dolu \u00c7ekmecesi"},"content":{"rendered":"<p>Annem, s\u0131r dolu \u00e7ekmecesini bir hazine gibi saklar. O \u00e7ekmece a\u00e7\u0131lsa kim bilir i\u00e7inden neler \u00e7\u0131kar? S\u0131r dolu bir \u00e7ekmece! \u00c7ekmecenin i\u00e7inden ge\u00e7mi\u015fe do\u011fru a\u00e7\u0131lan kocaman bir hik\u00e2ye! \u00c7ocuklar\u0131na, kendi \u00e7ocukluklar\u0131n\u0131 anlatmak isteyen anne-babalar\u0131, i\u00e7inde \u00e7evirmeli telefonlar\u0131n, kaset \u00e7alarlar\u0131n, dantelli sehpalar\u0131n oldu\u011fu bir d\u00fcnyaya davet ediyoruz. S\u0131r dolu \u00e7ekmece a\u00e7\u0131l\u0131yooooooor! <\/p>\n","protected":false},"excerpt":{"rendered":"<p>Annem, s\u0131r dolu \u00e7ekmecesini bir hazine gibi saklar. O \u00e7ekmece a\u00e7\u0131lsa kim bilir i\u00e7inden neler \u00e7\u0131kar? S\u0131r dolu bir \u00e7ekmece! \u00c7ekmecenin i\u00e7inden ge\u00e7mi\u015fe do\u011fru a\u00e7\u0131lan kocaman<span class=\"excerpt-hellip\"> [\u2026]<\/span><\/p>\n","protected":false},"featured_media":0,"template":"","meta":{"_monsterinsights_skip_tracking":false,"_monsterinsights_sitenote_active":false,"_monsterinsights_sitenote_note":"","_monsterinsights_sitenote_category":0},"product_brand":[],"product_cat":[12274,12284],"product_tag":[],"class_list":{"0":"post-774424","1":"product","2":"type-product","3":"status-publish","5":"product_cat-cocuk-ve-genclik-kitaplari","6":"product_cat-hikayeler","7":"pa_cilt-ciltsiz","8":"pa_tur-kitap","9":"pa_yayinevi-aile-yayinlari","10":"pa_yazar-gamze-akturk","12":"first","13":"instock","14":"sale","15":"shipping-taxable","16":"purchasable","17":"product-type-simple"},"_links":{"self":[{"href":"https:\/\/roveyayinevi.com.tr\/index.php\/wp-json\/wp\/v2\/product\/774424","targetHints":{"allow":["GET"]}}],"collection":[{"href":"https:\/\/roveyayinevi.com.tr\/index.php\/wp-json\/wp\/v2\/product"}],"about":[{"href":"https:\/\/roveyayinevi.com.tr\/index.php\/wp-json\/wp\/v2\/types\/product"}],"wp:attachment":[{"href":"https:\/\/roveyayinevi.com.tr\/index.php\/wp-json\/wp\/v2\/media?parent=774424"}],"wp:term":[{"taxonomy":"product_brand","embeddable":true,"href":"https:\/\/roveyayinevi.com.tr\/index.php\/wp-json\/wp\/v2\/product_brand?post=774424"},{"taxonomy":"product_cat","embeddable":true,"href":"https:\/\/roveyayinevi.com.tr\/index.php\/wp-json\/wp\/v2\/product_cat?post=774424"},{"taxonomy":"product_tag","embeddable":true,"href":"https:\/\/roveyayinevi.com.tr\/index.php\/wp-json\/wp\/v2\/product_tag?post=774424"}],"curies":[{"name":"wp","href":"https:\/\/api.w.org\/{rel}","templated":true}]}}