{"id":774421,"date":"2025-08-29T00:32:21","date_gmt":"2025-08-28T21:32:21","guid":{"rendered":"https:\/\/roveyayinevi.com.tr\/index.php\/urun\/gizemli-carsi-esrarengiz-simitcinin-izinde\/"},"modified":"2026-01-28T03:52:01","modified_gmt":"2026-01-28T00:52:01","slug":"gizemli-carsi-esrarengiz-simitcinin-izinde","status":"publish","type":"product","link":"https:\/\/roveyayinevi.com.tr\/index.php\/urun\/gizemli-carsi-esrarengiz-simitcinin-izinde\/","title":{"rendered":"Gizemli \u00c7ar\u015f\u0131 \/ Esrarengiz Simit\u00e7inin \u0130zinde"},"content":{"rendered":"<p>Esrarengiz bir simit\u00e7i! D\u00fcnyan\u0131n en b\u00fcy\u00fck tostu! Yerlilerle dolu s\u0131rl\u0131 bir ada! Ke\u015ffedilmeyi bekleyen ne \u00e7ok \u015fey var Gizemli \u00c7ar\u015f\u0131\u2019da! Azra\u2019n\u0131n annesi, hasta anneannesine bakmak i\u00e7in k\u00f6ye gitti. Azra da okul d\u0131\u015f\u0131ndaki saatlerini, babas\u0131n\u0131n i\u015f yerinde ge\u00e7irmeye ba\u015flad\u0131. Bu i\u015f yerinin bulundu\u011fu \u00e7ar\u015f\u0131n\u0131n gizemli s\u0131rlarla dolu oldu\u011funu anlamas\u0131 Azra\u2019n\u0131n \u00e7ok vaktini almayacakt\u0131! Kitaplar\u0131yla y\u00fcz binlerce \u00e7ocu\u011fun g\u00f6nl\u00fcnde taht kuran Yusuf Asal\u2019dan muhte\u015fem bir macera! <\/p>\n","protected":false},"excerpt":{"rendered":"<p>Esrarengiz bir simit\u00e7i! D\u00fcnyan\u0131n en b\u00fcy\u00fck tostu! Yerlilerle dolu s\u0131rl\u0131 bir ada! Ke\u015ffedilmeyi bekleyen ne \u00e7ok \u015fey var Gizemli \u00c7ar\u015f\u0131\u2019da! Azra\u2019n\u0131n annesi, hasta anneannesine bakmak i\u00e7in<span class=\"excerpt-hellip\"> [\u2026]<\/span><\/p>\n","protected":false},"featured_media":0,"template":"","meta":{"_monsterinsights_skip_tracking":false,"_monsterinsights_sitenote_active":false,"_monsterinsights_sitenote_note":"","_monsterinsights_sitenote_category":0},"product_brand":[],"product_cat":[12274,12284],"product_tag":[],"class_list":{"0":"post-774421","1":"product","2":"type-product","3":"status-publish","5":"product_cat-cocuk-ve-genclik-kitaplari","6":"product_cat-hikayeler","7":"pa_cilt-ciltsiz","8":"pa_tur-kitap","9":"pa_yayinevi-aile-yayinlari","10":"pa_yazar-yusuf-asal","12":"first","13":"instock","14":"sale","15":"shipping-taxable","16":"purchasable","17":"product-type-simple"},"_links":{"self":[{"href":"https:\/\/roveyayinevi.com.tr\/index.php\/wp-json\/wp\/v2\/product\/774421","targetHints":{"allow":["GET"]}}],"collection":[{"href":"https:\/\/roveyayinevi.com.tr\/index.php\/wp-json\/wp\/v2\/product"}],"about":[{"href":"https:\/\/roveyayinevi.com.tr\/index.php\/wp-json\/wp\/v2\/types\/product"}],"wp:attachment":[{"href":"https:\/\/roveyayinevi.com.tr\/index.php\/wp-json\/wp\/v2\/media?parent=774421"}],"wp:term":[{"taxonomy":"product_brand","embeddable":true,"href":"https:\/\/roveyayinevi.com.tr\/index.php\/wp-json\/wp\/v2\/product_brand?post=774421"},{"taxonomy":"product_cat","embeddable":true,"href":"https:\/\/roveyayinevi.com.tr\/index.php\/wp-json\/wp\/v2\/product_cat?post=774421"},{"taxonomy":"product_tag","embeddable":true,"href":"https:\/\/roveyayinevi.com.tr\/index.php\/wp-json\/wp\/v2\/product_tag?post=774421"}],"curies":[{"name":"wp","href":"https:\/\/api.w.org\/{rel}","templated":true}]}}