{"id":774419,"date":"2025-08-29T00:32:16","date_gmt":"2025-08-28T21:32:16","guid":{"rendered":"https:\/\/roveyayinevi.com.tr\/index.php\/urun\/felah-2\/"},"modified":"2025-09-11T16:08:44","modified_gmt":"2025-09-11T13:08:44","slug":"felah-2","status":"publish","type":"product","link":"https:\/\/roveyayinevi.com.tr\/index.php\/urun\/felah-2\/","title":{"rendered":"Felah 2"},"content":{"rendered":"<p>TAR\u0130H: 10  EYL\u00dcL 2023 YER: \u0130STANBUL   Haris Bozkurt, y\u0131llard\u0131r gizli g\u00f6revde olan bir istihbarat\u00e7\u0131, Hilal Uluant ise en tehlikeli sava\u015f b\u00f6lgelerinde elinde mikrofonuyla sava\u015fan bir muhabirdir. \u00d6nce birbirlerinden nefret eden iki d\u00fc\u015fmanken sonras\u0131nda birbirleri i\u00e7in canlar\u0131n\u0131 dahi feda edecek iki \u00e2\u015f\u0131\u011fa d\u00f6n\u00fc\u015f\u00fcrler.   \u00d6l\u00fcmler, art arda yap\u0131lan suikastler, karanl\u0131k ve gizemli ge\u00e7mi\u015fler pe\u015flerini bir t\u00fcrl\u00fc b\u0131rakmaz. Peki bu girift yolculukta Hilal ve Haris, i\u00e7inde bulunduklar\u0131 \u00e7ukurdan \u00e7\u0131kmay\u0131 ba\u015farabilecek midir? En \u00f6nemlisi, Hilal; Haris ve t\u00fcm sevdiklerini kendisine yapt\u0131klar\u0131 ac\u0131mas\u0131zl\u0131klardan sonra her \u015feyi geride b\u0131rak\u0131p onlar\u0131 affedebilecek midir?   Leman Veli, Felah Serisi\u2019nin son kitab\u0131nda okurlar\u0131 Karaba\u011f\u2019\u0131n dehlizlerinden \u00e7\u0131kar\u0131p \u0130stanbul ve Ankara&#8217;ya uzanan bir yolculu\u011fa g\u00f6t\u00fcr\u00fcyor. Okurlar\u0131 finalde \u015fa\u015f\u0131rt\u0131c\u0131 bir son beklerken ger\u00e7eklerin \u00fcst\u00fcn\u00fc \u00f6rten maskeler bir bir d\u00fc\u015f\u00fcyor.   <\/p>\n","protected":false},"excerpt":{"rendered":"<p>TAR\u0130H: 10 EYL\u00dcL 2023 YER: \u0130STANBUL Haris Bozkurt, y\u0131llard\u0131r gizli g\u00f6revde olan bir istihbarat\u00e7\u0131, Hilal Uluant ise en tehlikeli sava\u015f b\u00f6lgelerinde elinde mikrofonuyla sava\u015fan bir muhabirdir.<span class=\"excerpt-hellip\"> [\u2026]<\/span><\/p>\n","protected":false},"featured_media":0,"template":"","meta":{"_monsterinsights_skip_tracking":false,"_monsterinsights_sitenote_active":false,"_monsterinsights_sitenote_note":"","_monsterinsights_sitenote_category":0},"product_brand":[],"product_cat":[12291,12711],"product_tag":[],"class_list":{"0":"post-774419","1":"product","2":"type-product","3":"status-publish","5":"product_cat-edebiyat","6":"product_cat-roman-oyku","7":"pa_cilt-ciltsiz","8":"pa_tur-kitap","9":"pa_yayinevi-ephesus-yayinlari","10":"pa_yazar-leman-veli","12":"first","13":"instock","14":"sale","15":"shipping-taxable","16":"purchasable","17":"product-type-simple"},"_links":{"self":[{"href":"https:\/\/roveyayinevi.com.tr\/index.php\/wp-json\/wp\/v2\/product\/774419","targetHints":{"allow":["GET"]}}],"collection":[{"href":"https:\/\/roveyayinevi.com.tr\/index.php\/wp-json\/wp\/v2\/product"}],"about":[{"href":"https:\/\/roveyayinevi.com.tr\/index.php\/wp-json\/wp\/v2\/types\/product"}],"wp:attachment":[{"href":"https:\/\/roveyayinevi.com.tr\/index.php\/wp-json\/wp\/v2\/media?parent=774419"}],"wp:term":[{"taxonomy":"product_brand","embeddable":true,"href":"https:\/\/roveyayinevi.com.tr\/index.php\/wp-json\/wp\/v2\/product_brand?post=774419"},{"taxonomy":"product_cat","embeddable":true,"href":"https:\/\/roveyayinevi.com.tr\/index.php\/wp-json\/wp\/v2\/product_cat?post=774419"},{"taxonomy":"product_tag","embeddable":true,"href":"https:\/\/roveyayinevi.com.tr\/index.php\/wp-json\/wp\/v2\/product_tag?post=774419"}],"curies":[{"name":"wp","href":"https:\/\/api.w.org\/{rel}","templated":true}]}}