{"id":774418,"date":"2025-08-29T00:32:14","date_gmt":"2025-08-28T21:32:14","guid":{"rendered":"https:\/\/roveyayinevi.com.tr\/index.php\/urun\/ayasli-ile-kiracilari-livaneli-kitapligi\/"},"modified":"2026-04-15T03:29:39","modified_gmt":"2026-04-15T00:29:39","slug":"ayasli-ile-kiracilari-livaneli-kitapligi","status":"publish","type":"product","link":"https:\/\/roveyayinevi.com.tr\/index.php\/urun\/ayasli-ile-kiracilari-livaneli-kitapligi\/","title":{"rendered":"Aya\u015fl\u0131 ile Kirac\u0131lar\u0131 \u2013 Livaneli Kitapl\u0131\u011f\u0131"},"content":{"rendered":"<p>Dilde sadele\u015fme ak\u0131m\u0131n\u0131n \u00f6nc\u00fclerinden kabul edilen Memduh \u015eevket Esendal, ini\u015fler ve \u00e7\u0131k\u0131\u015flarla dolu 70 y\u0131ll\u0131k \u00f6mr\u00fcne onlarca k\u0131ymetli eser s\u0131\u011fd\u0131rm\u0131\u015f, hem siyasi hem edebi ki\u015fili\u011fi ile tarihimizde y\u00fczy\u0131llar sonra dahi hat\u0131rlanacak bir yer edinmi\u015ftir.  Aya\u015fl\u0131 ile Kirac\u0131lar\u0131 ise Esendal\u2019\u0131n dil, anlat\u0131m ve \u00fcslubunu net olarak ortaya koydu\u011fu en m\u00fchim eseridir. Cumhuriyet&#8217;in ilk y\u0131llar\u0131nda birbirinden olduk\u00e7a farkl\u0131, \u015fahs\u0131na m\u00fcnhas\u0131r karakterlerin ya\u015fay\u0131\u015flar\u0131n\u0131, d\u00fcnya g\u00f6r\u00fc\u015flerini ele al\u0131r ve Ankara\u2019n\u0131n yak\u0131n markaj portresini verir adeta. Cumhuriyet&#8217;in ilan\u0131ndan sonra \u015fehirlerde yo\u011funla\u015fan k\u00fclt\u00fcr \u00e7e\u015fitlili\u011fine dair, \u00f6zellikle kad\u0131n karakterler \u00fczerinden isabetli tespitler yapar. A\u015fk, ihanet, dostluk gibi konular\u0131n yan\u0131nda g\u00fcndelik hayat\u0131n s\u0131radan problemleri de yer al\u0131r bu anlat\u0131da. Karakterlerin hepsi bizden, i\u00e7imizden gibidir. Roman, her ya\u015ftan insan\u0131n kolayl\u0131kla okuyabilece\u011fi bir \u00e7er\u00e7eve sunarken, anlat\u0131m\u0131n\u0131n canl\u0131l\u0131\u011f\u0131 sayesinde o d\u00f6nemin Ankara\u2019s\u0131nda nefes almam\u0131za olanak tan\u0131r.  Aya\u015fl\u0131 ile Kirac\u0131lar\u0131\u2019n\u0131n T\u00fcrk edebiyat tarihindeki de\u011feri yads\u0131namaz hat\u0131ras\u0131na sahip \u00e7\u0131kmak ve bunu s\u00fcrd\u00fcrmek i\u00e7in \u0130nk\u0131l\u00e2p Kitabevi olarak, eserin g\u00f6zden ge\u00e7irilmi\u015f yeni bask\u0131s\u0131n\u0131 okurlar\u0131m\u0131za sunmaktan k\u0131van\u00e7 duyuyoruz. <\/p>\n","protected":false},"excerpt":{"rendered":"<p>Dilde sadele\u015fme ak\u0131m\u0131n\u0131n \u00f6nc\u00fclerinden kabul edilen Memduh \u015eevket Esendal, ini\u015fler ve \u00e7\u0131k\u0131\u015flarla dolu 70 y\u0131ll\u0131k \u00f6mr\u00fcne onlarca k\u0131ymetli eser s\u0131\u011fd\u0131rm\u0131\u015f, hem siyasi hem edebi ki\u015fili\u011fi ile<span class=\"excerpt-hellip\"> [\u2026]<\/span><\/p>\n","protected":false},"featured_media":0,"template":"","meta":{"_monsterinsights_skip_tracking":false,"_monsterinsights_sitenote_active":false,"_monsterinsights_sitenote_note":"","_monsterinsights_sitenote_category":0},"product_brand":[],"product_cat":[12291,12292],"product_tag":[],"class_list":{"0":"post-774418","1":"product","2":"type-product","3":"status-publish","5":"product_cat-edebiyat","6":"product_cat-turk-edebiyati","7":"pa_cilt-ciltsiz","8":"pa_tur-kitap","9":"pa_yayinevi-inkilap-kitabevi","10":"pa_yazar-memduh-sevket-esendal","12":"first","13":"instock","14":"sale","15":"shipping-taxable","16":"purchasable","17":"product-type-simple"},"_links":{"self":[{"href":"https:\/\/roveyayinevi.com.tr\/index.php\/wp-json\/wp\/v2\/product\/774418","targetHints":{"allow":["GET"]}}],"collection":[{"href":"https:\/\/roveyayinevi.com.tr\/index.php\/wp-json\/wp\/v2\/product"}],"about":[{"href":"https:\/\/roveyayinevi.com.tr\/index.php\/wp-json\/wp\/v2\/types\/product"}],"wp:attachment":[{"href":"https:\/\/roveyayinevi.com.tr\/index.php\/wp-json\/wp\/v2\/media?parent=774418"}],"wp:term":[{"taxonomy":"product_brand","embeddable":true,"href":"https:\/\/roveyayinevi.com.tr\/index.php\/wp-json\/wp\/v2\/product_brand?post=774418"},{"taxonomy":"product_cat","embeddable":true,"href":"https:\/\/roveyayinevi.com.tr\/index.php\/wp-json\/wp\/v2\/product_cat?post=774418"},{"taxonomy":"product_tag","embeddable":true,"href":"https:\/\/roveyayinevi.com.tr\/index.php\/wp-json\/wp\/v2\/product_tag?post=774418"}],"curies":[{"name":"wp","href":"https:\/\/api.w.org\/{rel}","templated":true}]}}