{"id":774417,"date":"2025-08-29T00:32:12","date_gmt":"2025-08-28T21:32:12","guid":{"rendered":"https:\/\/roveyayinevi.com.tr\/index.php\/urun\/gunluk-planlayici-okul-ajandasi\/"},"modified":"2026-04-15T03:29:39","modified_gmt":"2026-04-15T00:29:39","slug":"gunluk-planlayici-okul-ajandasi","status":"publish","type":"product","link":"https:\/\/roveyayinevi.com.tr\/index.php\/urun\/gunluk-planlayici-okul-ajandasi\/","title":{"rendered":"G\u00fcnl\u00fck Planlay\u0131c\u0131 Okul Ajandas\u0131"},"content":{"rendered":"<p>Arkada\u015flar! Saatler s\u00fcren dersler, yo\u011fun \u00f6devler ve s\u0131nav stresi sizi art\u0131k bunaltmayacak. \u00c7\u00fcnk\u00fc G\u00fcnl\u00fck Planlay\u0131c\u0131 Okul Ajandas\u0131, size e\u011flenirken \u00f6\u011frenmenin ve g\u00fcnlerinizi planlaman\u0131n harika bir yolunu sunuyor. Her sayfas\u0131 renkli ve ilgin\u00e7 bilgilerle dolu olan bu ajandada, ay\u0131n bilgi yar\u0131\u015fmalar\u0131yla beyin f\u0131rt\u0131nas\u0131 yapacak, motivasyon s\u00f6zleriyle yeniden enerji dolacaks\u0131n\u0131z. \u00dcstelik yapay zek\u00e2yla ilgili bilgilerle ufkunuz geni\u015fleyecek ve kendinizi gelece\u011fin teknolojisiyle donanm\u0131\u015f hissedeceksiniz. Unutmay\u0131n, G\u00fcnl\u00fck Planlay\u0131c\u0131 Okul Ajandas\u0131 sadece bir ajanda de\u011fil, ayn\u0131 zamanda en iyi arkada\u015f\u0131n\u0131z olacak! Hem e\u011flenmek hem de \u00f6\u011frenmek istiyorsan\u0131z, hi\u00e7 vakit kaybetmeyin ve siz de bu maceraya kat\u0131l\u0131n!<\/p>\n","protected":false},"excerpt":{"rendered":"<p>Arkada\u015flar! Saatler s\u00fcren dersler, yo\u011fun \u00f6devler ve s\u0131nav stresi sizi art\u0131k bunaltmayacak. \u00c7\u00fcnk\u00fc G\u00fcnl\u00fck Planlay\u0131c\u0131 Okul Ajandas\u0131, size e\u011flenirken \u00f6\u011frenmenin ve g\u00fcnlerinizi planlaman\u0131n harika bir yolunu<span class=\"excerpt-hellip\"> [\u2026]<\/span><\/p>\n","protected":false},"featured_media":0,"template":"","meta":{"_monsterinsights_skip_tracking":false,"_monsterinsights_sitenote_active":false,"_monsterinsights_sitenote_note":"","_monsterinsights_sitenote_category":0},"product_brand":[],"product_cat":[28265,15563],"product_tag":[],"class_list":{"0":"post-774417","1":"product","2":"type-product","3":"status-publish","5":"product_cat-diger-hobi","6":"product_cat-hobi","7":"pa_cilt-ciltsiz","8":"pa_tur-kitap10","9":"pa_yayinevi-delta-kultur-yayinevi","10":"pa_yazar-ali-osman-demirezen","12":"first","13":"instock","14":"sale","15":"shipping-taxable","16":"purchasable","17":"product-type-simple"},"_links":{"self":[{"href":"https:\/\/roveyayinevi.com.tr\/index.php\/wp-json\/wp\/v2\/product\/774417","targetHints":{"allow":["GET"]}}],"collection":[{"href":"https:\/\/roveyayinevi.com.tr\/index.php\/wp-json\/wp\/v2\/product"}],"about":[{"href":"https:\/\/roveyayinevi.com.tr\/index.php\/wp-json\/wp\/v2\/types\/product"}],"wp:attachment":[{"href":"https:\/\/roveyayinevi.com.tr\/index.php\/wp-json\/wp\/v2\/media?parent=774417"}],"wp:term":[{"taxonomy":"product_brand","embeddable":true,"href":"https:\/\/roveyayinevi.com.tr\/index.php\/wp-json\/wp\/v2\/product_brand?post=774417"},{"taxonomy":"product_cat","embeddable":true,"href":"https:\/\/roveyayinevi.com.tr\/index.php\/wp-json\/wp\/v2\/product_cat?post=774417"},{"taxonomy":"product_tag","embeddable":true,"href":"https:\/\/roveyayinevi.com.tr\/index.php\/wp-json\/wp\/v2\/product_tag?post=774417"}],"curies":[{"name":"wp","href":"https:\/\/api.w.org\/{rel}","templated":true}]}}