{"id":774410,"date":"2025-08-29T00:24:28","date_gmt":"2025-08-28T21:24:28","guid":{"rendered":"https:\/\/roveyayinevi.com.tr\/index.php\/urun\/bizim-kitabimiz-2-yelhuderin-hayalleri\/"},"modified":"2026-04-03T03:19:52","modified_gmt":"2026-04-03T00:19:52","slug":"bizim-kitabimiz-2-yelhuderin-hayalleri","status":"publish","type":"product","link":"https:\/\/roveyayinevi.com.tr\/index.php\/urun\/bizim-kitabimiz-2-yelhuderin-hayalleri\/","title":{"rendered":"Bizim Kitab\u0131m\u0131z-2 Yelhuder\u2019in Hayalleri"},"content":{"rendered":"<p>Hayal kurmak, bizi hayata ba\u011flar. Ya\u015fama sevinci verir ve ileriye d\u00f6n\u00fck planl\u0131 \u00e7al\u0131\u015fmam\u0131z\u0131 sa\u011flar. Hayal kurmak, kaderimizde ya\u015fayaca\u011f\u0131m\u0131z olaylar\u0131 hissetmek, istemek ve \u00f6zlemektir. Yani i\u00e7imizdeki yetene\u011fi ortaya \u00e7\u0131karmak ve ger\u00e7ekle\u015ftirebilmek i\u00e7in yapt\u0131\u011f\u0131m\u0131z planlar\u0131m\u0131z ve projelerimizdir. K\u0131sacas\u0131 hayal kurmak, kendimizi bulmam\u0131zd\u0131r. Hayallerimizin \u00f6n\u00fcnde engel yoktur. Sadece ger\u00e7ekle\u015fmesi i\u00e7in gerekli zamana ihtiya\u00e7 vard\u0131r. E\u011fer biz, hayallerimizin bir g\u00fcn mutlaka ger\u00e7ekle\u015fece\u011fine inanmazsak, o hayal hep hayal olarak kal\u0131r. \u0130lerleyemez, b\u00fcy\u00fcyemez, oldu\u011fu yerde durur. Yani biz i\u015fi daha ba\u015ftan kaybederiz ve bo\u015f yere bekler dururuz. Hayallerimizi, bir fidan gibi temiz niyetlerle sulamal\u0131, vitaminini g\u00fczel d\u00fc\u015f\u00fcncelerle sunmal\u0131, g\u00fcne\u015fini pozitif bak\u0131\u015flarla vermeliyiz. Hayallerimizi, sonsuz \u00fcmitlerle sevip ok\u015famal\u0131y\u0131z ve \u0131srarl\u0131 dualarla b\u00fcy\u00fctmeliyiz. M\u00dcBERRA NURTEN YILDIZ        <\/p>\n","protected":false},"excerpt":{"rendered":"<p>Hayal kurmak, bizi hayata ba\u011flar. Ya\u015fama sevinci verir ve ileriye d\u00f6n\u00fck planl\u0131 \u00e7al\u0131\u015fmam\u0131z\u0131 sa\u011flar. Hayal kurmak, kaderimizde ya\u015fayaca\u011f\u0131m\u0131z olaylar\u0131 hissetmek, istemek ve \u00f6zlemektir. Yani i\u00e7imizdeki yetene\u011fi<span class=\"excerpt-hellip\"> [\u2026]<\/span><\/p>\n","protected":false},"featured_media":0,"template":"","meta":{"_monsterinsights_skip_tracking":false,"_monsterinsights_sitenote_active":false,"_monsterinsights_sitenote_note":"","_monsterinsights_sitenote_category":0},"product_brand":[],"product_cat":[12274,12284],"product_tag":[],"class_list":{"0":"post-774410","1":"product","2":"type-product","3":"status-publish","5":"product_cat-cocuk-ve-genclik-kitaplari","6":"product_cat-hikayeler","7":"pa_cilt-ciltsiz","8":"pa_tur-kitap","9":"pa_yayinevi-zet-yayinlari","10":"pa_yazar-muberra-nurten-yildiz","12":"first","13":"instock","14":"sale","15":"shipping-taxable","16":"purchasable","17":"product-type-simple"},"_links":{"self":[{"href":"https:\/\/roveyayinevi.com.tr\/index.php\/wp-json\/wp\/v2\/product\/774410","targetHints":{"allow":["GET"]}}],"collection":[{"href":"https:\/\/roveyayinevi.com.tr\/index.php\/wp-json\/wp\/v2\/product"}],"about":[{"href":"https:\/\/roveyayinevi.com.tr\/index.php\/wp-json\/wp\/v2\/types\/product"}],"wp:attachment":[{"href":"https:\/\/roveyayinevi.com.tr\/index.php\/wp-json\/wp\/v2\/media?parent=774410"}],"wp:term":[{"taxonomy":"product_brand","embeddable":true,"href":"https:\/\/roveyayinevi.com.tr\/index.php\/wp-json\/wp\/v2\/product_brand?post=774410"},{"taxonomy":"product_cat","embeddable":true,"href":"https:\/\/roveyayinevi.com.tr\/index.php\/wp-json\/wp\/v2\/product_cat?post=774410"},{"taxonomy":"product_tag","embeddable":true,"href":"https:\/\/roveyayinevi.com.tr\/index.php\/wp-json\/wp\/v2\/product_tag?post=774410"}],"curies":[{"name":"wp","href":"https:\/\/api.w.org\/{rel}","templated":true}]}}