{"id":774408,"date":"2025-08-29T00:18:44","date_gmt":"2025-08-28T21:18:44","guid":{"rendered":"https:\/\/roveyayinevi.com.tr\/index.php\/urun\/kus-olurduk\/"},"modified":"2025-11-21T10:32:01","modified_gmt":"2025-11-21T07:32:01","slug":"kus-olurduk","status":"publish","type":"product","link":"https:\/\/roveyayinevi.com.tr\/index.php\/urun\/kus-olurduk\/","title":{"rendered":"Ku\u015f Olurduk"},"content":{"rendered":"<p>Ye\u015filin koynunda uyand\u0131\u011f\u0131m\u0131z zamanlara, Bahar derlerdi bizim oralarda. G\u00f6k sinirlenir, dereler ge\u00e7it vermezdi. Biz de yeni kanatlanan ku\u015f olurduk.   Masal de\u011filmi\u015f bu, annemin \u00e7ocuklu\u011funda da hep b\u00f6yleymi\u015f. G\u00fcn, g\u00fcne\u015fi u\u011furlarken Kafda\u011f\u0131&#8217;ndan ba\u015fka bir \u00fclkeye, Annelerin g\u00fcn\u00fc ninni s\u00f6yleyerek bitermi\u015f,   Yaprak uyan\u0131rken en erkenci ku\u015fun sesiyle, Ben de uyan\u0131rd\u0131m, bir tek kanad\u0131m yoktu. Rengarenk kelebeklere benzeyen, Ba\u015fka bir kelebek oluverirdim k\u00f6y\u00fcn di\u011fer kanatl\u0131 \u00e7ocuklar\u0131 gibi. <\/p>\n","protected":false},"excerpt":{"rendered":"<p>Ye\u015filin koynunda uyand\u0131\u011f\u0131m\u0131z zamanlara, Bahar derlerdi bizim oralarda. G\u00f6k sinirlenir, dereler ge\u00e7it vermezdi. Biz de yeni kanatlanan ku\u015f olurduk. Masal de\u011filmi\u015f bu, annemin \u00e7ocuklu\u011funda da hep<span class=\"excerpt-hellip\"> [\u2026]<\/span><\/p>\n","protected":false},"featured_media":0,"template":"","meta":{"_monsterinsights_skip_tracking":false,"_monsterinsights_sitenote_active":false,"_monsterinsights_sitenote_note":"","_monsterinsights_sitenote_category":0},"product_brand":[],"product_cat":[12291,12509],"product_tag":[],"class_list":{"0":"post-774408","1":"product","2":"type-product","3":"status-publish","5":"product_cat-edebiyat","6":"product_cat-siir","7":"pa_cilt-ciltsiz","8":"pa_tur-kitap","9":"pa_yayinevi-efsun-yayincilik","10":"pa_yazar-seyrani-gol","12":"first","13":"instock","14":"sale","15":"shipping-taxable","16":"purchasable","17":"product-type-simple"},"_links":{"self":[{"href":"https:\/\/roveyayinevi.com.tr\/index.php\/wp-json\/wp\/v2\/product\/774408","targetHints":{"allow":["GET"]}}],"collection":[{"href":"https:\/\/roveyayinevi.com.tr\/index.php\/wp-json\/wp\/v2\/product"}],"about":[{"href":"https:\/\/roveyayinevi.com.tr\/index.php\/wp-json\/wp\/v2\/types\/product"}],"wp:attachment":[{"href":"https:\/\/roveyayinevi.com.tr\/index.php\/wp-json\/wp\/v2\/media?parent=774408"}],"wp:term":[{"taxonomy":"product_brand","embeddable":true,"href":"https:\/\/roveyayinevi.com.tr\/index.php\/wp-json\/wp\/v2\/product_brand?post=774408"},{"taxonomy":"product_cat","embeddable":true,"href":"https:\/\/roveyayinevi.com.tr\/index.php\/wp-json\/wp\/v2\/product_cat?post=774408"},{"taxonomy":"product_tag","embeddable":true,"href":"https:\/\/roveyayinevi.com.tr\/index.php\/wp-json\/wp\/v2\/product_tag?post=774408"}],"curies":[{"name":"wp","href":"https:\/\/api.w.org\/{rel}","templated":true}]}}