{"id":774405,"date":"2025-08-29T00:09:54","date_gmt":"2025-08-28T21:09:54","guid":{"rendered":"https:\/\/roveyayinevi.com.tr\/index.php\/urun\/tuhafarada-bir-gun\/"},"modified":"2026-04-16T03:13:04","modified_gmt":"2026-04-16T00:13:04","slug":"tuhafarada-bir-gun","status":"publish","type":"product","link":"https:\/\/roveyayinevi.com.tr\/index.php\/urun\/tuhafarada-bir-gun\/","title":{"rendered":"Tuhafara\u2019da Bir G\u00fcn"},"content":{"rendered":"<p>Tuhafara\u2019y\u0131 g\u00f6rd\u00fcn m\u00fc? O mavi g\u00f6k geyi\u011fini Yer bakarsan a\u011fa\u00e7t\u0131r Geyik ki y\u00fcr\u00fcyen bir a\u011fa\u00e7 de\u011fil mi? Tuhafara her \u015feyin ba\u015flad\u0131\u011f\u0131 O ayk\u0131r\u0131 ayr\u0131l\u0131k orman\u0131 de\u011fil mi? Ve ceviz a\u011fa\u00e7lar\u0131 suyun kaydedicileri Ah toprak annelerin annesi Ta\u015f\u0131y\u0131p da tekrardan m\u00fcrekkep, Bunca kaba y\u00fck\u00fc, At\u0131p durur o diri y\u00fcrek yine de inceli\u011fe \u0130\u015fte bunlar Tuhafara\u2019da ba\u015flad\u0131 Hep Tuhafara\u2019da bitti ayn\u0131 anda belki de  Zaman yan\u0131lsamas\u0131nda Ye\u015fil, mavi ve kara burada birle\u015fti Ya\u015famak orda denizde su i\u00e7mek, Ak\u015fam h\u00fczn\u00fc tenine, Bir damla g\u00f6zya\u015f\u0131na banmak zorun ekme\u011fini, Tuhaft\u0131r, kimse g\u00f6rmez birbirini bu kalabal\u0131kta, Kimsesizdir herkes, Bu avuntu soka\u011f\u0131nda, Lal \u015fehirlerde lafaza, K\u00f6rler \u00e7ar\u015f\u0131s\u0131nda fenerdir&#8230;<\/p>\n","protected":false},"excerpt":{"rendered":"<p>Tuhafara\u2019y\u0131 g\u00f6rd\u00fcn m\u00fc? O mavi g\u00f6k geyi\u011fini Yer bakarsan a\u011fa\u00e7t\u0131r Geyik ki y\u00fcr\u00fcyen bir a\u011fa\u00e7 de\u011fil mi? Tuhafara her \u015feyin ba\u015flad\u0131\u011f\u0131 O ayk\u0131r\u0131 ayr\u0131l\u0131k orman\u0131 de\u011fil<span class=\"excerpt-hellip\"> [\u2026]<\/span><\/p>\n","protected":false},"featured_media":0,"template":"","meta":{"_monsterinsights_skip_tracking":false,"_monsterinsights_sitenote_active":false,"_monsterinsights_sitenote_note":"","_monsterinsights_sitenote_category":0},"product_brand":[],"product_cat":[12291,12509],"product_tag":[],"class_list":{"0":"post-774405","1":"product","2":"type-product","3":"status-publish","5":"product_cat-edebiyat","6":"product_cat-siir","7":"pa_cilt-ciltsiz","8":"pa_tur-kitap","9":"pa_yayinevi-luna-yayinlari","10":"pa_yazar-huseyin-ozdemir","12":"first","13":"instock","14":"sale","15":"shipping-taxable","16":"purchasable","17":"product-type-simple"},"_links":{"self":[{"href":"https:\/\/roveyayinevi.com.tr\/index.php\/wp-json\/wp\/v2\/product\/774405","targetHints":{"allow":["GET"]}}],"collection":[{"href":"https:\/\/roveyayinevi.com.tr\/index.php\/wp-json\/wp\/v2\/product"}],"about":[{"href":"https:\/\/roveyayinevi.com.tr\/index.php\/wp-json\/wp\/v2\/types\/product"}],"wp:attachment":[{"href":"https:\/\/roveyayinevi.com.tr\/index.php\/wp-json\/wp\/v2\/media?parent=774405"}],"wp:term":[{"taxonomy":"product_brand","embeddable":true,"href":"https:\/\/roveyayinevi.com.tr\/index.php\/wp-json\/wp\/v2\/product_brand?post=774405"},{"taxonomy":"product_cat","embeddable":true,"href":"https:\/\/roveyayinevi.com.tr\/index.php\/wp-json\/wp\/v2\/product_cat?post=774405"},{"taxonomy":"product_tag","embeddable":true,"href":"https:\/\/roveyayinevi.com.tr\/index.php\/wp-json\/wp\/v2\/product_tag?post=774405"}],"curies":[{"name":"wp","href":"https:\/\/api.w.org\/{rel}","templated":true}]}}