{"id":774404,"date":"2025-08-29T00:07:21","date_gmt":"2025-08-28T21:07:21","guid":{"rendered":"https:\/\/roveyayinevi.com.tr\/index.php\/urun\/cadilik-zanaati-golgeler-kitabi\/"},"modified":"2026-04-16T03:12:55","modified_gmt":"2026-04-16T00:12:55","slug":"cadilik-zanaati-golgeler-kitabi","status":"publish","type":"product","link":"https:\/\/roveyayinevi.com.tr\/index.php\/urun\/cadilik-zanaati-golgeler-kitabi\/","title":{"rendered":"Cad\u0131l\u0131k Zanaat\u0131 &#8211; G\u00f6lgeler Kitab\u0131"},"content":{"rendered":"<p>&#8220;Bana g\u00f6re cad\u0131, sezgilerinin eylemlerini y\u00f6nlendirmesine izin veren, \u00e7evresiyle b\u00fct\u00fcnle\u015febilen, zorluklarla y\u00fczle\u015fmekten korkmayan bir kad\u0131nd\u0131r.&#8221; -Paulo Coelho   &#8220;\u0130lk kez kendimi &#8216;Cad\u0131&#8217; olarak adland\u0131rd\u0131\u011f\u0131m an, hayat\u0131m\u0131n en b\u00fcy\u00fcl\u00fc an\u0131yd\u0131.&#8221; -Margot Adler   &#8220;Pop\u00fcler k\u00fclt\u00fcrde Orta\u00e7a\u011f&#8217;dan itibaren s\u00fcrekli olarak olumsuz imgelerle y\u00fcklenen Cad\u0131 fig\u00fcr\u00fc, merkezile\u015fen otoritenin dayatt\u0131\u011f\u0131 tek tip \u2018itaat ve biat\u2019 anlay\u0131\u015f\u0131n\u0131 reddedip, eski inan\u00e7 ve rit\u00fcel prati\u011fini kararl\u0131l\u0131kla s\u00fcrd\u00fcren kad\u0131nlardan ba\u015fkas\u0131 de\u011fildi asl\u0131nda. Do\u011fayla ve \u00e7evresiyle b\u00fct\u00fcnle\u015fmeyi bilen, evrenin i\u015fleyi\u015findeki ihti\u015fama hayranl\u0131k ve sayg\u0131 duyan, g\u00f6ky\u00fcz\u00fcn\u00fc ve y\u0131ld\u0131zlar\u0131 dikkatle izleyip kozmik m\u00fczi\u011fi\/\u015fiiri anlamaya \u00e7al\u0131\u015fan, evrendeki yarat\u0131c\u0131 di\u015fil g\u00fcc\u00fcn bilincinde olup onu s\u00fcrekli onurland\u0131ran, bitkileri tan\u0131y\u0131p onlardan ila\u00e7 ve sa\u011fl\u0131kl\u0131 i\u00e7ecekler \u00fcretmeyi bilen, \u015fifac\u0131 kad\u0131nlar&#8230; Bilinen Eski D\u00fcnya&#8217;n\u0131n hemen her co\u011frafyas\u0131nda, giderek sertle\u015fen bask\u0131 ve \u2018cad\u0131 avlar\u0131\u2019na ra\u011fmen, do\u011fru bildikleri ilkeler do\u011frultusunda pastoral ya\u015famlar\u0131n\u0131 ve inan\u00e7lar\u0131n\u0131 s\u00fcrd\u00fcren bu kad\u0131nlar, anneden k\u0131z\u0131na aktar\u0131lan bilgilerle bin y\u0131llard\u0131r bu kadim k\u00fclt\u00fcr ve gelene\u011fin ta\u015f\u0131y\u0131c\u0131s\u0131 oldular. Bu kitapta D\u0131rah\u015fan Ak\u0131n\u00f6z\u00fc, g\u00fcn\u00fcm\u00fcz d\u00fcnyas\u0131nda kendisine dek ula\u015fan bu kapsaml\u0131 bilgi birikiminin ana hatlar\u0131n\u0131, t\u00fcm y\u00f6nleriyle okurlar\u0131na aktar\u0131p onlarla payla\u015f\u0131yor. Gezegenler ve g\u00f6ksel sembollerden, Samhain ve Beltane gibi kadim festivallere ait rit\u00fcellere; \u015fifal\u0131 bitkilerden \u00fcretilmi\u015f merhem, ya\u011f ve i\u00e7eceklerin tariflerinden, ta\u015flar\u0131n ve kristallerin gizemli d\u00fcnyas\u0131na; mitolojinin g\u00f6rkemli Tanr\u0131\u00e7a ve Tanr\u0131lar\u0131ndan, yaz\u0131 ve kutsal gliflere; simyan\u0131n b\u00fcy\u00fcs\u00fcnden Feng-shui&#8217;nin elementler d\u00fcnyas\u0131na dek \u00e7ok geni\u015f bir yelpazeyi i\u00e7eren bu &#8216;G\u00f6lgeler Kitab\u0131&#8217;, cad\u0131l\u0131k ve cad\u0131larla ilgili merak etti\u011finiz her ayr\u0131nt\u0131y\u0131 bulaca\u011f\u0131n\u0131z bir ba\u015fvuru kayna\u011f\u0131 niteli\u011finde.&#8221; -Burak Eldem<\/p>\n","protected":false},"excerpt":{"rendered":"<p>&#8220;Bana g\u00f6re cad\u0131, sezgilerinin eylemlerini y\u00f6nlendirmesine izin veren, \u00e7evresiyle b\u00fct\u00fcnle\u015febilen, zorluklarla y\u00fczle\u015fmekten korkmayan bir kad\u0131nd\u0131r.&#8221; -Paulo Coelho &#8220;\u0130lk kez kendimi &#8216;Cad\u0131&#8217; olarak adland\u0131rd\u0131\u011f\u0131m an, hayat\u0131m\u0131n en<span class=\"excerpt-hellip\"> [\u2026]<\/span><\/p>\n","protected":false},"featured_media":0,"template":"","meta":{"_monsterinsights_skip_tracking":false,"_monsterinsights_sitenote_active":false,"_monsterinsights_sitenote_note":"","_monsterinsights_sitenote_category":0},"product_brand":[],"product_cat":[13835],"product_tag":[],"class_list":{"0":"post-774404","1":"product","2":"type-product","3":"status-publish","5":"product_cat-cok-satanlar","6":"pa_cilt-ciltsiz","7":"pa_tur-kitap","8":"pa_yayinevi-luna-yayinlari","9":"pa_yazar-dirahsan-akinozu","11":"first","12":"instock","13":"sale","14":"shipping-taxable","15":"purchasable","16":"product-type-simple"},"_links":{"self":[{"href":"https:\/\/roveyayinevi.com.tr\/index.php\/wp-json\/wp\/v2\/product\/774404","targetHints":{"allow":["GET"]}}],"collection":[{"href":"https:\/\/roveyayinevi.com.tr\/index.php\/wp-json\/wp\/v2\/product"}],"about":[{"href":"https:\/\/roveyayinevi.com.tr\/index.php\/wp-json\/wp\/v2\/types\/product"}],"wp:attachment":[{"href":"https:\/\/roveyayinevi.com.tr\/index.php\/wp-json\/wp\/v2\/media?parent=774404"}],"wp:term":[{"taxonomy":"product_brand","embeddable":true,"href":"https:\/\/roveyayinevi.com.tr\/index.php\/wp-json\/wp\/v2\/product_brand?post=774404"},{"taxonomy":"product_cat","embeddable":true,"href":"https:\/\/roveyayinevi.com.tr\/index.php\/wp-json\/wp\/v2\/product_cat?post=774404"},{"taxonomy":"product_tag","embeddable":true,"href":"https:\/\/roveyayinevi.com.tr\/index.php\/wp-json\/wp\/v2\/product_tag?post=774404"}],"curies":[{"name":"wp","href":"https:\/\/api.w.org\/{rel}","templated":true}]}}