{"id":774403,"date":"2025-08-29T00:04:22","date_gmt":"2025-08-28T21:04:22","guid":{"rendered":"https:\/\/roveyayinevi.com.tr\/index.php\/urun\/gonulden-dile-dilden-gunceye-kissalar\/"},"modified":"2026-04-16T03:12:30","modified_gmt":"2026-04-16T00:12:30","slug":"gonulden-dile-dilden-gunceye-kissalar","status":"publish","type":"product","link":"https:\/\/roveyayinevi.com.tr\/index.php\/urun\/gonulden-dile-dilden-gunceye-kissalar\/","title":{"rendered":"G\u00f6n\u00fclden Dile Dilden G\u00fcnceye: \u201cK\u0131ssalar\u201d"},"content":{"rendered":"<p>Darb-\u0131 Mesel olsun dedik, S\u00f6zde \u201chisse\u201d als\u0131n diye! Harbi masal olsun dedik, S\u00f6zde \u201chisse\u201d als\u0131n diye! \u00d6zde \u201ck\u0131ssa\u201d kals\u0131n diye!   Y\u00fcz dolan\u0131r g\u00f6ze d\u00fc\u015fer, G\u00f6z dolan\u0131r s\u00f6ze d\u00fc\u015fer! S\u00f6z dolan\u0131r \u00f6ze d\u00fc\u015fer, S\u00f6zde \u201chisse\u201d als\u0131n diye! \u00d6zde \u201ck\u0131ssa\u201d kals\u0131n diye!   Niceleri tin s\u00f6z eder, Geceleri sin s\u00f6z eder, Heceleri bin s\u00f6z eder, S\u00f6zde \u201chisse\u201d als\u0131n diye! \u00d6zde \u201ck\u0131ssa\u201d kals\u0131n diye!   Pir-\u00ee F\u00e2n\u00ee der ki; a\u011f\u0131m, \u0130\u00e7imdedir dost ve ya\u011f\u0131m! Haydi anlat der dima\u011f\u0131m, S\u00f6zde \u201chisse\u201d als\u0131n diye! \u00d6zde \u201ck\u0131ssa\u201d kals\u0131n diye! <\/p>\n","protected":false},"excerpt":{"rendered":"<p>Darb-\u0131 Mesel olsun dedik, S\u00f6zde \u201chisse\u201d als\u0131n diye! Harbi masal olsun dedik, S\u00f6zde \u201chisse\u201d als\u0131n diye! \u00d6zde \u201ck\u0131ssa\u201d kals\u0131n diye! Y\u00fcz dolan\u0131r g\u00f6ze d\u00fc\u015fer, G\u00f6z dolan\u0131r<span class=\"excerpt-hellip\"> [\u2026]<\/span><\/p>\n","protected":false},"featured_media":0,"template":"","meta":{"_monsterinsights_skip_tracking":false,"_monsterinsights_sitenote_active":false,"_monsterinsights_sitenote_note":"","_monsterinsights_sitenote_category":0},"product_brand":[],"product_cat":[12291,12509],"product_tag":[],"class_list":{"0":"post-774403","1":"product","2":"type-product","3":"status-publish","5":"product_cat-edebiyat","6":"product_cat-siir","7":"pa_cilt-ciltsiz","8":"pa_tur-kitap","9":"pa_yayinevi-doksan-dokuz-yayinlari","10":"pa_yazar-mehmet-sahan","12":"first","13":"instock","14":"sale","15":"shipping-taxable","16":"purchasable","17":"product-type-simple"},"_links":{"self":[{"href":"https:\/\/roveyayinevi.com.tr\/index.php\/wp-json\/wp\/v2\/product\/774403","targetHints":{"allow":["GET"]}}],"collection":[{"href":"https:\/\/roveyayinevi.com.tr\/index.php\/wp-json\/wp\/v2\/product"}],"about":[{"href":"https:\/\/roveyayinevi.com.tr\/index.php\/wp-json\/wp\/v2\/types\/product"}],"wp:attachment":[{"href":"https:\/\/roveyayinevi.com.tr\/index.php\/wp-json\/wp\/v2\/media?parent=774403"}],"wp:term":[{"taxonomy":"product_brand","embeddable":true,"href":"https:\/\/roveyayinevi.com.tr\/index.php\/wp-json\/wp\/v2\/product_brand?post=774403"},{"taxonomy":"product_cat","embeddable":true,"href":"https:\/\/roveyayinevi.com.tr\/index.php\/wp-json\/wp\/v2\/product_cat?post=774403"},{"taxonomy":"product_tag","embeddable":true,"href":"https:\/\/roveyayinevi.com.tr\/index.php\/wp-json\/wp\/v2\/product_tag?post=774403"}],"curies":[{"name":"wp","href":"https:\/\/api.w.org\/{rel}","templated":true}]}}