{"id":774402,"date":"2025-08-29T00:02:17","date_gmt":"2025-08-28T21:02:17","guid":{"rendered":"https:\/\/roveyayinevi.com.tr\/index.php\/urun\/kurtuldum\/"},"modified":"2026-04-12T03:15:54","modified_gmt":"2026-04-12T00:15:54","slug":"kurtuldum","status":"publish","type":"product","link":"https:\/\/roveyayinevi.com.tr\/index.php\/urun\/kurtuldum\/","title":{"rendered":"Kurtuldum"},"content":{"rendered":"<p>Kendimi bilmeye ba\u015flad\u0131\u011f\u0131mdan beri hep aray\u0131\u015f i\u00e7inde oldum. Her yeni g\u00fcn, hayat\u0131n i\u00e7inde canl\u0131 ve cans\u0131z t\u00fcm varl\u0131klar, olaylar\u0131 ke\u015ffetme duygusu ve \u00f6\u011fretisi beni hep heyecanland\u0131rm\u0131\u015ft\u0131r. G\u00f6rd\u00fcklerimle anlad\u0131klar\u0131m ise hep \u015fa\u015f\u0131rtm\u0131\u015ft\u0131r. Kitaplar\u0131 tan\u0131d\u0131\u011f\u0131mdan beri okumak, \u00f6\u011frenmek vazge\u00e7emedi\u011fim tutkum olmu\u015ftur. \u00d6\u011frenmek, ya\u015fam\u0131 okumak bilgiye ula\u015ft\u0131rd\u0131 beni. Bilgi ise yeni kap\u0131lara. Ve\u2026 O kap\u0131lar, kap\u0131lar\u2026 Anlad\u0131m ki, kap\u0131lar\u0131n ve bilginin sonu yok. Montaigne\u2019in dedi\u011fi gibi, Herkes kendisi i\u00e7in derstir; elverir ki insan kendini yak\u0131ndan g\u00f6rmesini bilsin. \u201cBenim yapt\u0131\u011f\u0131m, bildiklerimi s\u00f6ylemek de\u011fil, kendimi \u00f6\u011frenmektir; ba\u015fkas\u0131na de\u011fil kendime ders veriyorum. Ama bunlar\u0131 ba\u015fkalar\u0131na anlatmakla, k\u00f6t\u00fc bir i\u015f yapm\u0131yorum. Bana yarar\u0131 olan bu i\u015fin, belki ba\u015fkas\u0131na da yarar\u0131 olabilir.\u201d  Kurtuldum\u2019da ya\u015fam yolculu\u011fumu deneyimlerken ben mi \u201cO\u201dnu yazd\u0131m  \u201cO\u201dmu beni yazd\u0131, emin de\u011filim. \u015eunu belirtmeliyim ki, \u201cKar\u0131nca Misali\u201d madde yan\u0131msa \u201cKurtuldum\u201d m\u00e2n\u00e2 taraf\u0131md\u0131r. <\/p>\n","protected":false},"excerpt":{"rendered":"<p>Kendimi bilmeye ba\u015flad\u0131\u011f\u0131mdan beri hep aray\u0131\u015f i\u00e7inde oldum. Her yeni g\u00fcn, hayat\u0131n i\u00e7inde canl\u0131 ve cans\u0131z t\u00fcm varl\u0131klar, olaylar\u0131 ke\u015ffetme duygusu ve \u00f6\u011fretisi beni hep heyecanland\u0131rm\u0131\u015ft\u0131r.<span class=\"excerpt-hellip\"> [\u2026]<\/span><\/p>\n","protected":false},"featured_media":0,"template":"","meta":{"_monsterinsights_skip_tracking":false,"_monsterinsights_sitenote_active":false,"_monsterinsights_sitenote_note":"","_monsterinsights_sitenote_category":0},"product_brand":[],"product_cat":[12364,12376],"product_tag":[],"class_list":{"0":"post-774402","1":"product","2":"type-product","3":"status-publish","5":"product_cat-genel-konular","6":"product_cat-kisisel-gelisim","7":"pa_cilt-ciltsiz","8":"pa_tur-kitap","9":"pa_yayinevi-korkut-yayinlari","10":"pa_yazar-aysegul-akay","12":"first","13":"instock","14":"sale","15":"shipping-taxable","16":"purchasable","17":"product-type-simple"},"_links":{"self":[{"href":"https:\/\/roveyayinevi.com.tr\/index.php\/wp-json\/wp\/v2\/product\/774402","targetHints":{"allow":["GET"]}}],"collection":[{"href":"https:\/\/roveyayinevi.com.tr\/index.php\/wp-json\/wp\/v2\/product"}],"about":[{"href":"https:\/\/roveyayinevi.com.tr\/index.php\/wp-json\/wp\/v2\/types\/product"}],"wp:attachment":[{"href":"https:\/\/roveyayinevi.com.tr\/index.php\/wp-json\/wp\/v2\/media?parent=774402"}],"wp:term":[{"taxonomy":"product_brand","embeddable":true,"href":"https:\/\/roveyayinevi.com.tr\/index.php\/wp-json\/wp\/v2\/product_brand?post=774402"},{"taxonomy":"product_cat","embeddable":true,"href":"https:\/\/roveyayinevi.com.tr\/index.php\/wp-json\/wp\/v2\/product_cat?post=774402"},{"taxonomy":"product_tag","embeddable":true,"href":"https:\/\/roveyayinevi.com.tr\/index.php\/wp-json\/wp\/v2\/product_tag?post=774402"}],"curies":[{"name":"wp","href":"https:\/\/api.w.org\/{rel}","templated":true}]}}