{"id":774400,"date":"2025-08-28T23:53:02","date_gmt":"2025-08-28T20:53:02","guid":{"rendered":"https:\/\/roveyayinevi.com.tr\/index.php\/urun\/aykiri-fabllar\/"},"modified":"2026-04-16T03:10:40","modified_gmt":"2026-04-16T00:10:40","slug":"aykiri-fabllar","status":"publish","type":"product","link":"https:\/\/roveyayinevi.com.tr\/index.php\/urun\/aykiri-fabllar\/","title":{"rendered":"Ayk\u0131r\u0131 Fabllar"},"content":{"rendered":"<p>Sevgili \u00f6\u011frenciler, bug\u00fcne kadar kitaplardan okudu\u011funuz t\u00fcm fabllar\u0131 unutun. \u00c7\u00fcnk\u00fc bu kitapta okuyaca\u011f\u0131n\u0131z fabllar y\u0131llard\u0131r okunanlardan uzak, bilinen karakter ve olaylar\u0131n aksine pek \u00e7o\u011fu tersinden yaz\u0131ld\u0131. \u0130yi okumalar\u2026 <\/p>\n","protected":false},"excerpt":{"rendered":"<p>Sevgili \u00f6\u011frenciler, bug\u00fcne kadar kitaplardan okudu\u011funuz t\u00fcm fabllar\u0131 unutun. \u00c7\u00fcnk\u00fc bu kitapta okuyaca\u011f\u0131n\u0131z fabllar y\u0131llard\u0131r okunanlardan uzak, bilinen karakter ve olaylar\u0131n aksine pek \u00e7o\u011fu tersinden yaz\u0131ld\u0131.<span class=\"excerpt-hellip\"> [\u2026]<\/span><\/p>\n","protected":false},"featured_media":0,"template":"","meta":{"_monsterinsights_skip_tracking":false,"_monsterinsights_sitenote_active":false,"_monsterinsights_sitenote_note":"","_monsterinsights_sitenote_category":0},"product_brand":[],"product_cat":[12291,18202],"product_tag":[],"class_list":{"0":"post-774400","1":"product","2":"type-product","3":"status-publish","5":"product_cat-edebiyat","6":"product_cat-hikaye","7":"pa_cilt-ciltsiz","8":"pa_tur-kitap","9":"pa_yayinevi-zet-yayinlari","10":"pa_yazar-ayhan-dayan","12":"first","13":"instock","14":"sale","15":"shipping-taxable","16":"purchasable","17":"product-type-simple"},"_links":{"self":[{"href":"https:\/\/roveyayinevi.com.tr\/index.php\/wp-json\/wp\/v2\/product\/774400","targetHints":{"allow":["GET"]}}],"collection":[{"href":"https:\/\/roveyayinevi.com.tr\/index.php\/wp-json\/wp\/v2\/product"}],"about":[{"href":"https:\/\/roveyayinevi.com.tr\/index.php\/wp-json\/wp\/v2\/types\/product"}],"wp:attachment":[{"href":"https:\/\/roveyayinevi.com.tr\/index.php\/wp-json\/wp\/v2\/media?parent=774400"}],"wp:term":[{"taxonomy":"product_brand","embeddable":true,"href":"https:\/\/roveyayinevi.com.tr\/index.php\/wp-json\/wp\/v2\/product_brand?post=774400"},{"taxonomy":"product_cat","embeddable":true,"href":"https:\/\/roveyayinevi.com.tr\/index.php\/wp-json\/wp\/v2\/product_cat?post=774400"},{"taxonomy":"product_tag","embeddable":true,"href":"https:\/\/roveyayinevi.com.tr\/index.php\/wp-json\/wp\/v2\/product_tag?post=774400"}],"curies":[{"name":"wp","href":"https:\/\/api.w.org\/{rel}","templated":true}]}}