{"id":774398,"date":"2025-08-28T23:49:22","date_gmt":"2025-08-28T20:49:22","guid":{"rendered":"https:\/\/roveyayinevi.com.tr\/index.php\/urun\/goc-eden-karincalar\/"},"modified":"2026-04-16T03:09:58","modified_gmt":"2026-04-16T00:09:58","slug":"goc-eden-karincalar","status":"publish","type":"product","link":"https:\/\/roveyayinevi.com.tr\/index.php\/urun\/goc-eden-karincalar\/","title":{"rendered":"G\u00f6\u00e7 Eden Kar\u0131ncalar"},"content":{"rendered":"<p>\u00c7am\u00f6z\u00fc istasyonunda b\u00fcy\u00fck bir karga\u015fa vard\u0131. Tilki sesleri tav\u015fan seslerine kar\u0131\u015fm\u0131\u015ft\u0131. Tavuk sesleri de vard\u0131, do\u011fal olarak. Tavuklar k\u00f6r k\u00f6r, \u015fa\u015fk\u0131n \u015fa\u015fk\u0131n dola\u015f\u0131yorlard\u0131. Seslerden anla\u015f\u0131l\u0131yordu ki hi\u00e7 kimse \u015fark\u0131 s\u00f6ylemiyordu. Farkl\u0131 farkl\u0131 feryat figanlar, a\u011flama sesleri inletiyordu ortal\u0131\u011f\u0131. \u00d6ndeki y\u00fcr\u00fcb\u00fcs\u00fcn ard\u0131ndaki b\u00fct\u00fcn y\u00fcr\u00fcb\u00fcsler durdu. En \u00f6ndeki y\u00fcr\u00fcb\u00fcsteki baba kar\u0131nca yere indi. Elindeki bir avu\u00e7 ate\u015fb\u00f6ce\u011fini havaya b\u0131rakt\u0131. Ate\u015f b\u00f6cekleri havada, \u201cTehlike var,\u201d diye yazd\u0131lar. B\u00fct\u00fcn y\u00fcr\u00fcb\u00fcsler, istasyonun yan\u0131ndaki sahaya girip, d\u00fczenli bir \u015fekilde park ettiler. Her y\u00fcr\u00fcb\u00fcs\u00fcn sorumlular\u0131, baba kar\u0131ncan\u0131n yan\u0131nda topland\u0131lar. Y\u00fcz at kar\u0131ncas\u0131 inceleme yapmak i\u00e7in ko\u015farak istasyona gittiler. Olup biteni \u00f6\u011frenip geldiler. Baba kar\u0131nca ve yan\u0131ndakilere durumu rapor ettiler.  G\u00f6\u00e7 Eden Kar\u0131ncalar Sar\u0131 at kar\u0131ncas\u0131 \u201c\u0130stasyonda kaza olmu\u015f. Bir y\u00fcr\u00fcb\u00fcs raylar \u00fcst\u00fcnde bozulmu\u015f. Mersin\u2019den gelen tren bu y\u00fcr\u00fcb\u00fcse \u00e7arpm\u0131\u015f. Y\u00fcr\u00fcb\u00fcsteki tilkiler ve tavuklar \u00e7ok k\u00f6t\u00fc olmu\u015flar. Trenin \u00f6n vagonlar\u0131ndaki tav\u015fanlar da camlardan f\u0131rlay\u0131p yaralanm\u0131\u015flar. Durum \u00e7ok k\u00f6t\u00fc \u00e7ok!\u201d dedi. Baba kar\u0131nca: \u201cBak\u0131n! Bir y\u00fcr\u00fcb\u00fcs i\u00e7inde birlikte yolculuk yapan tilkilerle tavuklar\u0131n arkada\u015fl\u0131\u011f\u0131ndan ya da dostlu\u011fundan bir \u015fey anlamad\u0131m ben. \u00c7eli\u015fkili, tilkilerin tabiat\u0131na ayk\u0131r\u0131 bir durum bu. Tav\u015fanlar\u0131 anlar\u0131m. En g\u00fczel sebzelerin yeti\u015ftirildi\u011fi Adana\u2019dan Mersin\u2019den Erdemli\u2019den T\u00f6m\u00fck\u2019ten geliyorlard\u0131r. Ya bu tilkiler? \u0130lgin\u00e7!\u201d dedi. <\/p>\n","protected":false},"excerpt":{"rendered":"<p>\u00c7am\u00f6z\u00fc istasyonunda b\u00fcy\u00fck bir karga\u015fa vard\u0131. Tilki sesleri tav\u015fan seslerine kar\u0131\u015fm\u0131\u015ft\u0131. Tavuk sesleri de vard\u0131, do\u011fal olarak. Tavuklar k\u00f6r k\u00f6r, \u015fa\u015fk\u0131n \u015fa\u015fk\u0131n dola\u015f\u0131yorlard\u0131. Seslerden anla\u015f\u0131l\u0131yordu ki<span class=\"excerpt-hellip\"> [\u2026]<\/span><\/p>\n","protected":false},"featured_media":0,"template":"","meta":{"_monsterinsights_skip_tracking":false,"_monsterinsights_sitenote_active":false,"_monsterinsights_sitenote_note":"","_monsterinsights_sitenote_category":0},"product_brand":[],"product_cat":[12274,12284],"product_tag":[],"class_list":{"0":"post-774398","1":"product","2":"type-product","3":"status-publish","5":"product_cat-cocuk-ve-genclik-kitaplari","6":"product_cat-hikayeler","7":"pa_cilt-ciltsiz","8":"pa_tur-kitap","9":"pa_yayinevi-vaveyla-yayincilik","10":"pa_yazar-suayip-odabasi","12":"first","13":"instock","14":"sale","15":"shipping-taxable","16":"purchasable","17":"product-type-simple"},"_links":{"self":[{"href":"https:\/\/roveyayinevi.com.tr\/index.php\/wp-json\/wp\/v2\/product\/774398","targetHints":{"allow":["GET"]}}],"collection":[{"href":"https:\/\/roveyayinevi.com.tr\/index.php\/wp-json\/wp\/v2\/product"}],"about":[{"href":"https:\/\/roveyayinevi.com.tr\/index.php\/wp-json\/wp\/v2\/types\/product"}],"wp:attachment":[{"href":"https:\/\/roveyayinevi.com.tr\/index.php\/wp-json\/wp\/v2\/media?parent=774398"}],"wp:term":[{"taxonomy":"product_brand","embeddable":true,"href":"https:\/\/roveyayinevi.com.tr\/index.php\/wp-json\/wp\/v2\/product_brand?post=774398"},{"taxonomy":"product_cat","embeddable":true,"href":"https:\/\/roveyayinevi.com.tr\/index.php\/wp-json\/wp\/v2\/product_cat?post=774398"},{"taxonomy":"product_tag","embeddable":true,"href":"https:\/\/roveyayinevi.com.tr\/index.php\/wp-json\/wp\/v2\/product_tag?post=774398"}],"curies":[{"name":"wp","href":"https:\/\/api.w.org\/{rel}","templated":true}]}}