{"id":774397,"date":"2025-08-28T23:48:53","date_gmt":"2025-08-28T20:48:53","guid":{"rendered":"https:\/\/roveyayinevi.com.tr\/index.php\/urun\/susarsam-matem-et\/"},"modified":"2025-11-21T09:56:28","modified_gmt":"2025-11-21T06:56:28","slug":"susarsam-matem-et","status":"publish","type":"product","link":"https:\/\/roveyayinevi.com.tr\/index.php\/urun\/susarsam-matem-et\/","title":{"rendered":"Susarsam Matem Et"},"content":{"rendered":"<p>S\u00f6zler bazen s\u00fck\u00fbta b\u00fcr\u00fcn\u00fcr, sessizli\u011fin alt\u0131nda yank\u0131lan\u0131r ve toplumun yaras\u0131na merhem olur. &#8221; Susarsam Matem Et&#8221; adl\u0131 \u015fiir kitab\u0131m, bu sessiz \u00e7\u0131\u011fl\u0131klar\u0131n \u015fiirsel bir anlat\u0131ya d\u00f6n\u00fc\u015ft\u00fc\u011f\u00fc bir eserdir.        Kitap, zaman zaman hiciv t\u00fcr\u00fcn\u00fcn kullan\u0131ld\u0131\u011f\u0131, toplumsal meselelerin ve y\u00f6netim sistemlerinin ele\u015ftirisi ile dolu. Ben, kalemimi adaletsizli\u011fe, haks\u0131zl\u0131\u011fa ve yanl\u0131\u015f y\u00f6nlendirmelere kar\u015f\u0131 bir kalkan gibi kulland\u0131m. Her m\u0131sra i\u00e7inde gizli bir isyan\u0131n ve de\u011fi\u015fim arzusunun izlerini ta\u015f\u0131yor.        S\u00f6z\u00fcn g\u00fcc\u00fc bu kitapta yeniden canlan\u0131yor. Her dizenin alt\u0131nda bir fikir yat\u0131yor, her \u015fiir bir sorumluluk \u00e7a\u011fr\u0131s\u0131 gibi, m\u0131sralar sizi d\u00fc\u015f\u00fcnmeye ve harekete ge\u00e7meye davet ediyor. &#8220;Susarsam Matem Et&#8221; adl\u0131 bu eseri, toplumun size yans\u0131yan bir aynas\u0131 olarak g\u00f6r\u00fcn. Y\u00fcrekten gelen meselelere duydu\u011fum ba\u011fl\u0131l\u0131\u011f\u0131 ve sitemi sayfalar aras\u0131nda bulacaks\u0131n\u0131z. S\u00f6zlerin sessizli\u011fi k\u0131rmas\u0131na izin verin ve bu \u015fiirlerle matemi, umudu ve de\u011fi\u015fimi bir arada bulun. Umar\u0131m bu kitap sizi d\u00fc\u015f\u00fcnmeye, hissetmeye ve de\u011fi\u015fmeye te\u015fvik eder.   Keyifli okumalar dilerim. BA\u00c7 <\/p>\n","protected":false},"excerpt":{"rendered":"<p>S\u00f6zler bazen s\u00fck\u00fbta b\u00fcr\u00fcn\u00fcr, sessizli\u011fin alt\u0131nda yank\u0131lan\u0131r ve toplumun yaras\u0131na merhem olur. &#8221; Susarsam Matem Et&#8221; adl\u0131 \u015fiir kitab\u0131m, bu sessiz \u00e7\u0131\u011fl\u0131klar\u0131n \u015fiirsel bir anlat\u0131ya d\u00f6n\u00fc\u015ft\u00fc\u011f\u00fc<span class=\"excerpt-hellip\"> [\u2026]<\/span><\/p>\n","protected":false},"featured_media":0,"template":"","meta":{"_monsterinsights_skip_tracking":false,"_monsterinsights_sitenote_active":false,"_monsterinsights_sitenote_note":"","_monsterinsights_sitenote_category":0},"product_brand":[],"product_cat":[12291,12509],"product_tag":[],"class_list":{"0":"post-774397","1":"product","2":"type-product","3":"status-publish","5":"product_cat-edebiyat","6":"product_cat-siir","7":"pa_cilt-ciltsiz","8":"pa_tur-kitap","9":"pa_yayinevi-semenderkitap-yayinlari","10":"pa_yazar-bayram-ali-celikten","12":"first","13":"instock","14":"sale","15":"shipping-taxable","16":"purchasable","17":"product-type-simple"},"_links":{"self":[{"href":"https:\/\/roveyayinevi.com.tr\/index.php\/wp-json\/wp\/v2\/product\/774397","targetHints":{"allow":["GET"]}}],"collection":[{"href":"https:\/\/roveyayinevi.com.tr\/index.php\/wp-json\/wp\/v2\/product"}],"about":[{"href":"https:\/\/roveyayinevi.com.tr\/index.php\/wp-json\/wp\/v2\/types\/product"}],"wp:attachment":[{"href":"https:\/\/roveyayinevi.com.tr\/index.php\/wp-json\/wp\/v2\/media?parent=774397"}],"wp:term":[{"taxonomy":"product_brand","embeddable":true,"href":"https:\/\/roveyayinevi.com.tr\/index.php\/wp-json\/wp\/v2\/product_brand?post=774397"},{"taxonomy":"product_cat","embeddable":true,"href":"https:\/\/roveyayinevi.com.tr\/index.php\/wp-json\/wp\/v2\/product_cat?post=774397"},{"taxonomy":"product_tag","embeddable":true,"href":"https:\/\/roveyayinevi.com.tr\/index.php\/wp-json\/wp\/v2\/product_tag?post=774397"}],"curies":[{"name":"wp","href":"https:\/\/api.w.org\/{rel}","templated":true}]}}