{"id":774388,"date":"2025-08-28T23:33:41","date_gmt":"2025-08-28T20:33:41","guid":{"rendered":"https:\/\/roveyayinevi.com.tr\/index.php\/urun\/101-sarkida-askin-tarifi-2\/"},"modified":"2026-04-16T03:07:47","modified_gmt":"2026-04-16T00:07:47","slug":"101-sarkida-askin-tarifi-2","status":"publish","type":"product","link":"https:\/\/roveyayinevi.com.tr\/index.php\/urun\/101-sarkida-askin-tarifi-2\/","title":{"rendered":"101 \u015eark\u0131da A\u015fk\u0131n Tarifi-2"},"content":{"rendered":"<p>A\u015fk\u0131n tarifi olur mu? \u201c101 \u015eark\u0131da A\u015fk\u0131n Tarifi\u201d, haz\u0131r bir re\u00e7eteyi sunmaktan \u00f6te, ula\u015ft\u0131\u011f\u0131 herkese kendini arama yolculu\u011funda bir deniz feneri oluyor. A\u015fk deryas\u0131na yelken a\u00e7anlar\u0131n kula\u011f\u0131na r\u00fczg\u00e2r\u0131n getirdi\u011fi t\u0131n\u0131lar\u0131 m\u0131r\u0131ldan\u0131yor. Yolcuyu bir k\u0131y\u0131dan di\u011ferine al\u0131p g\u00f6t\u00fcr\u00fcrken d\u00f6n\u00fc\u015ft\u00fcren, d\u00fc\u015fmek \u00fczereyken elinden tutan, sa\u011faltan\u2026 Bekir \u00dcst\u00fcn, ikinci m\u00fczik derlemesinde ilkinin dokusunu korurken renklerini \u00e7o\u011falt\u0131yor, ruhumuza bamba\u015fka yerlerden dokunuyor. Sanki tek bir nota \u00e7\u0131ksa, anlam kaybolacak. <\/p>\n","protected":false},"excerpt":{"rendered":"<p>A\u015fk\u0131n tarifi olur mu? \u201c101 \u015eark\u0131da A\u015fk\u0131n Tarifi\u201d, haz\u0131r bir re\u00e7eteyi sunmaktan \u00f6te, ula\u015ft\u0131\u011f\u0131 herkese kendini arama yolculu\u011funda bir deniz feneri oluyor. A\u015fk deryas\u0131na yelken a\u00e7anlar\u0131n<span class=\"excerpt-hellip\"> [\u2026]<\/span><\/p>\n","protected":false},"featured_media":0,"template":"","meta":{"_monsterinsights_skip_tracking":false,"_monsterinsights_sitenote_active":false,"_monsterinsights_sitenote_note":"","_monsterinsights_sitenote_category":0},"product_brand":[],"product_cat":[12291],"product_tag":[],"class_list":{"0":"post-774388","1":"product","2":"type-product","3":"status-publish","5":"product_cat-edebiyat","6":"pa_cilt-ciltsiz","7":"pa_tur-kitap","8":"pa_yayinevi-zet-yayinlari","9":"pa_yazar-bekir-ustun","11":"first","12":"instock","13":"sale","14":"shipping-taxable","15":"purchasable","16":"product-type-simple"},"_links":{"self":[{"href":"https:\/\/roveyayinevi.com.tr\/index.php\/wp-json\/wp\/v2\/product\/774388","targetHints":{"allow":["GET"]}}],"collection":[{"href":"https:\/\/roveyayinevi.com.tr\/index.php\/wp-json\/wp\/v2\/product"}],"about":[{"href":"https:\/\/roveyayinevi.com.tr\/index.php\/wp-json\/wp\/v2\/types\/product"}],"wp:attachment":[{"href":"https:\/\/roveyayinevi.com.tr\/index.php\/wp-json\/wp\/v2\/media?parent=774388"}],"wp:term":[{"taxonomy":"product_brand","embeddable":true,"href":"https:\/\/roveyayinevi.com.tr\/index.php\/wp-json\/wp\/v2\/product_brand?post=774388"},{"taxonomy":"product_cat","embeddable":true,"href":"https:\/\/roveyayinevi.com.tr\/index.php\/wp-json\/wp\/v2\/product_cat?post=774388"},{"taxonomy":"product_tag","embeddable":true,"href":"https:\/\/roveyayinevi.com.tr\/index.php\/wp-json\/wp\/v2\/product_tag?post=774388"}],"curies":[{"name":"wp","href":"https:\/\/api.w.org\/{rel}","templated":true}]}}