{"id":774387,"date":"2025-08-28T23:25:18","date_gmt":"2025-08-28T20:25:18","guid":{"rendered":"https:\/\/roveyayinevi.com.tr\/index.php\/urun\/roza-bebegimi-beklerken\/"},"modified":"2025-12-30T11:12:12","modified_gmt":"2025-12-30T08:12:12","slug":"roza-bebegimi-beklerken","status":"publish","type":"product","link":"https:\/\/roveyayinevi.com.tr\/index.php\/urun\/roza-bebegimi-beklerken\/","title":{"rendered":"Roza Bebe\u011fimi Beklerken"},"content":{"rendered":"<p>D\u00fcnya \u00fczerinde beni en \u00e7ok heyecanland\u0131ran olay, bir h\u00fccrenin insan bedeninde b\u00f6l\u00fcn\u00fcp \u00e7o\u011falarak yeni bir insan meydana getirmesidir. Bu mucizeye defalarca, ba\u015f\u0131ndan sonuna kadar tan\u0131k oldum. Gebeli\u011fin kad\u0131n bedeninde ve zihninde neler yapt\u0131\u011f\u0131n\u0131; v\u00fccudun bebe\u011fin geli\u015fimi i\u00e7in nas\u0131l de\u011fi\u015fimlere u\u011frad\u0131\u011f\u0131n\u0131 g\u00f6rd\u00fcm. Ancak bir insan\u0131n i\u00e7inden yeni bir insan\u0131n \u00e7\u0131kmas\u0131, her ne kadar muhte\u015fem bir eylem olsa da bu s\u00fcre\u00e7te ya\u015fanan zor olaylara da tan\u0131k oldum.    Meslek hayat\u0131mda en \u00e7ok kar\u015f\u0131la\u015ft\u0131\u011f\u0131m sorulardan biri, \u201cHocam, gebelik s\u0131ras\u0131nda hangi kitab\u0131 okumam\u0131 tavsiye edersiniz?\u201d olmu\u015ftur. Gebelik s\u00fcrecindeki hormonlar\u0131n kad\u0131n beyninde; \u2018Beyin Sisi&#8217; ad\u0131 verilen bir duygusall\u0131k, konsantrasyon eksikli\u011fi, karar vermede zorluk gibi durumlara yol a\u00e7mas\u0131 nedeniyle gebelerin ders kitab\u0131 tarz\u0131nda yaz\u0131lan bilgilendirme kitaplar\u0131n\u0131 okumakta zorland\u0131klar\u0131n\u0131 ve yar\u0131m b\u0131rakt\u0131klar\u0131n\u0131 deneyimledim. Bu nedenle gebelikte s\u0131kl\u0131kla kar\u015f\u0131la\u015ft\u0131\u011f\u0131m\u0131z \u015fik\u00e2yetleri ve doktorlar\u0131n uygulamalar\u0131n\u0131 bir do\u011fum hik\u00e2yesine d\u00f6n\u00fc\u015ft\u00fcrerek okunmas\u0131n\u0131 ve kavranmas\u0131n\u0131 kolayla\u015ft\u0131rmak istedim. Bu kitapta \u00fc\u00e7 farkl\u0131 karakterin g\u00f6z\u00fcnden gebelik ve do\u011fum s\u00fcrecini roman dilinde anlatmaya \u00e7al\u0131\u015ft\u0131m.    Romana ismini veren Roza, g\u00fcn\u00fcm\u00fcz kad\u0131nlar\u0131n\u0131 temsil ederken Sonnur ise y\u0131llar \u00f6nce ya\u015fad\u0131\u011f\u0131 gebelik s\u00fcrecini anlat\u0131yor. \u00dc\u00e7\u00fcnc\u00fc karakter ise her ikisinin ortak paydas\u0131 olan Doktor Ertan. Ertan, gebelik s\u00fcrecini kad\u0131n hastal\u0131klar\u0131 ve do\u011fum uzman\u0131 g\u00f6z\u00fcnden yorumluyor. Romana doktor bak\u0131\u015f a\u00e7\u0131s\u0131n\u0131 katmam\u0131n nedeni ise hastalar\u0131m\u0131z\u0131n, biz onlara hizmet verirken neler ya\u015fad\u0131\u011f\u0131m\u0131z\u0131 ve hissetti\u011fimizi anlamalar\u0131n\u0131 ve bizi sadece doktor olarak de\u011fil de insan olarak kabul ederek empati yapmalar\u0131n\u0131 sa\u011flamakt\u0131. Otuz y\u0131la yak\u0131n verdi\u011fim gebelik takibi ve do\u011fum hizmetini; gebelik \u00f6ncesinden ba\u015flayarak ay ve ay t\u00fcm gebelik s\u00fcrecini, en sonunda da do\u011fum ve emzirme d\u00f6neminde ya\u015fan\u0131lan pek \u00e7ok \u00f6nemli sorunu, \u00fc\u00e7 karakterin dilinden ve g\u00f6z\u00fcnden anlatmaya \u00e7al\u0131\u015ft\u0131m. Bu roman\u0131 okurken gebelik \u00f6ncesi nelere dikkat etmeniz gerekti\u011fini, gebeli\u011fin her ay\u0131nda v\u00fccudunuzda meydana gelecek de\u011fi\u015fiklikleri, gebeli\u011fin hangi evresinde doktorlar\u0131n neler yapt\u0131\u011f\u0131n\u0131, s\u0131k\u00e7a kar\u015f\u0131la\u015f\u0131lan \u015fik\u00e2yetleri; bunlar\u0131n nedenlerini, nas\u0131l ba\u015fa \u00e7\u0131k\u0131ld\u0131\u011f\u0131n\u0131, doktorlar\u0131n do\u011fum s\u00fcrecini nas\u0131l y\u00f6nettiklerini bulacaks\u0131n\u0131z.    Gebelik d\u00fc\u015f\u00fcnen, gebelik ya\u015fayan ve do\u011fum yapm\u0131\u015f olan her kad\u0131n\u0131n kendinden bir \u015feyler bulaca\u011f\u0131 ve gebelik s\u00fcrecine faydal\u0131 olaca\u011f\u0131n\u0131 d\u00fc\u015f\u00fcnd\u00fc\u011f\u00fcm Roza: Bebe\u011fimi Beklerken roman\u0131n\u0131 umar\u0131m keyifle okursunuz. Dr. C\u00fcneyt Gen\u00e7<\/p>\n","protected":false},"excerpt":{"rendered":"<p>D\u00fcnya \u00fczerinde beni en \u00e7ok heyecanland\u0131ran olay, bir h\u00fccrenin insan bedeninde b\u00f6l\u00fcn\u00fcp \u00e7o\u011falarak yeni bir insan meydana getirmesidir. Bu mucizeye defalarca, ba\u015f\u0131ndan sonuna kadar tan\u0131k oldum.<span class=\"excerpt-hellip\"> [\u2026]<\/span><\/p>\n","protected":false},"featured_media":0,"template":"","meta":{"_monsterinsights_skip_tracking":false,"_monsterinsights_sitenote_active":false,"_monsterinsights_sitenote_note":"","_monsterinsights_sitenote_category":0},"product_brand":[],"product_cat":[13366,13365],"product_tag":[],"class_list":{"0":"post-774387","1":"product","2":"type-product","3":"status-publish","5":"product_cat-diger-saglik","6":"product_cat-saglik","7":"pa_cilt-ciltsiz","8":"pa_tur-kitap","9":"pa_yayinevi-hipokrat-kitabevi","10":"pa_yazar-cuneyt-genc","12":"first","13":"instock","14":"sale","15":"shipping-taxable","16":"purchasable","17":"product-type-simple"},"_links":{"self":[{"href":"https:\/\/roveyayinevi.com.tr\/index.php\/wp-json\/wp\/v2\/product\/774387","targetHints":{"allow":["GET"]}}],"collection":[{"href":"https:\/\/roveyayinevi.com.tr\/index.php\/wp-json\/wp\/v2\/product"}],"about":[{"href":"https:\/\/roveyayinevi.com.tr\/index.php\/wp-json\/wp\/v2\/types\/product"}],"wp:attachment":[{"href":"https:\/\/roveyayinevi.com.tr\/index.php\/wp-json\/wp\/v2\/media?parent=774387"}],"wp:term":[{"taxonomy":"product_brand","embeddable":true,"href":"https:\/\/roveyayinevi.com.tr\/index.php\/wp-json\/wp\/v2\/product_brand?post=774387"},{"taxonomy":"product_cat","embeddable":true,"href":"https:\/\/roveyayinevi.com.tr\/index.php\/wp-json\/wp\/v2\/product_cat?post=774387"},{"taxonomy":"product_tag","embeddable":true,"href":"https:\/\/roveyayinevi.com.tr\/index.php\/wp-json\/wp\/v2\/product_tag?post=774387"}],"curies":[{"name":"wp","href":"https:\/\/api.w.org\/{rel}","templated":true}]}}