{"id":774385,"date":"2025-08-28T23:14:35","date_gmt":"2025-08-28T20:14:35","guid":{"rendered":"https:\/\/roveyayinevi.com.tr\/index.php\/urun\/benim-hikayem-8\/"},"modified":"2026-04-16T03:04:44","modified_gmt":"2026-04-16T00:04:44","slug":"benim-hikayem-8","status":"publish","type":"product","link":"https:\/\/roveyayinevi.com.tr\/index.php\/urun\/benim-hikayem-8\/","title":{"rendered":"Benim Hikayem"},"content":{"rendered":"<p>Do\u011fum her \u015feyin ba\u015flang\u0131c\u0131, bir D\u00fcnya\u2019ya veda, ba\u015fka bir D\u00fcnya\u2019ya merhaba! Bu mucizevi olay, o kadar do\u011fal ve o kadar seyrinde ki\u2026 Ve bu heyecan, a\u015fk, b\u00fcy\u00fc, g\u00fc\u00e7, kuvvet dolu an\u0131 ya\u015fayan sadece siz olmayacaks\u0131n\u0131z. Bebe\u011finiz de, do\u011fumunuz ba\u015flad\u0131\u011f\u0131nda ayn\u0131 heyecanla size do\u011fru yava\u015f yava\u015f gelirken, sizi dinleyecek, duyacak ve hissedecek. Aran\u0131zdaki ak\u0131\u015fa izin verdi\u011finiz m\u00fcddet\u00e7e, her \u015fey daha kolay ve seyrinde olacak. Ve vakti zaman\u0131 geldi\u011finde yavrunuz, zaten o \u00e7ok iyi bildi\u011fi, ya\u015fad\u0131\u011f\u0131 do\u011fumunu tekrar sizden duymak isteyecek.   Bu \u00f6yk\u00fc, i\u015fte tam bu anlar i\u00e7in size ilham olmas\u0131 dile\u011fiyle yaz\u0131ld\u0131.<\/p>\n","protected":false},"excerpt":{"rendered":"<p>Do\u011fum her \u015feyin ba\u015flang\u0131c\u0131, bir D\u00fcnya\u2019ya veda, ba\u015fka bir D\u00fcnya\u2019ya merhaba! Bu mucizevi olay, o kadar do\u011fal ve o kadar seyrinde ki\u2026 Ve bu heyecan, a\u015fk,<span class=\"excerpt-hellip\"> [\u2026]<\/span><\/p>\n","protected":false},"featured_media":0,"template":"","meta":{"_monsterinsights_skip_tracking":false,"_monsterinsights_sitenote_active":false,"_monsterinsights_sitenote_note":"","_monsterinsights_sitenote_category":0},"product_brand":[],"product_cat":[12274,12284],"product_tag":[],"class_list":{"0":"post-774385","1":"product","2":"type-product","3":"status-publish","5":"product_cat-cocuk-ve-genclik-kitaplari","6":"product_cat-hikayeler","7":"pa_cilt-ciltsiz","8":"pa_tur-kitap","9":"pa_yayinevi-luna-cocuk-yayinlari","10":"pa_yazar-gulsah-alcan-capraz","12":"first","13":"instock","14":"sale","15":"shipping-taxable","16":"purchasable","17":"product-type-simple"},"_links":{"self":[{"href":"https:\/\/roveyayinevi.com.tr\/index.php\/wp-json\/wp\/v2\/product\/774385","targetHints":{"allow":["GET"]}}],"collection":[{"href":"https:\/\/roveyayinevi.com.tr\/index.php\/wp-json\/wp\/v2\/product"}],"about":[{"href":"https:\/\/roveyayinevi.com.tr\/index.php\/wp-json\/wp\/v2\/types\/product"}],"wp:attachment":[{"href":"https:\/\/roveyayinevi.com.tr\/index.php\/wp-json\/wp\/v2\/media?parent=774385"}],"wp:term":[{"taxonomy":"product_brand","embeddable":true,"href":"https:\/\/roveyayinevi.com.tr\/index.php\/wp-json\/wp\/v2\/product_brand?post=774385"},{"taxonomy":"product_cat","embeddable":true,"href":"https:\/\/roveyayinevi.com.tr\/index.php\/wp-json\/wp\/v2\/product_cat?post=774385"},{"taxonomy":"product_tag","embeddable":true,"href":"https:\/\/roveyayinevi.com.tr\/index.php\/wp-json\/wp\/v2\/product_tag?post=774385"}],"curies":[{"name":"wp","href":"https:\/\/api.w.org\/{rel}","templated":true}]}}