{"id":774384,"date":"2025-08-28T23:06:46","date_gmt":"2025-08-28T20:06:46","guid":{"rendered":"https:\/\/roveyayinevi.com.tr\/index.php\/urun\/turkiyede-mevzuat-baglaminda-afet-ve-acil-durum-yonetimi\/"},"modified":"2026-04-16T03:03:33","modified_gmt":"2026-04-16T00:03:33","slug":"turkiyede-mevzuat-baglaminda-afet-ve-acil-durum-yonetimi","status":"publish","type":"product","link":"https:\/\/roveyayinevi.com.tr\/index.php\/urun\/turkiyede-mevzuat-baglaminda-afet-ve-acil-durum-yonetimi\/","title":{"rendered":"T\u00fcrkiye\u2019de Mevzuat Ba\u011flam\u0131nda Afet ve Acil Durum Y\u00f6netimi"},"content":{"rendered":"<p>Afet y\u00f6netimi s\u00fcre\u00e7lerinin \u00f6z\u00fcnde, insan ya\u015fam\u0131n\u0131n korunmas\u0131 hakk\u0131 yer almaktad\u0131r. Bu hak, Anayasa taraf\u0131ndan, kamu kurum ve kuru\u015flar\u0131na, devlete ve \u00f6zel \u015fah\u0131slara bir g\u00f6rev olarak verilmi\u015ftir. Anayasa\u2019da, idarenin eylem ve i\u015flemlerinden dolay\u0131 sorumlulu\u011fu da d\u00fczenlenmi\u015ftir. Burada \u00e7er\u00e7evesi \u00e7izilen idari tasarruflar\u0131n hukuksal niteli\u011fi ilgili kanunlarla d\u00fczenlenmi\u015ftir. Bu ba\u011flamda, kamu g\u00fcc\u00fcn\u00fc kullanan idarenin afet y\u00f6netimi s\u00fcrecinde yapt\u0131\u011f\u0131 i\u015flem ve eylemlerden kaynaklanan sorumlulu\u011fu bulunmaktad\u0131r. Bu \u00e7al\u0131\u015fma, T\u00fcrkiye\u2019de afet mevzuat\u0131 konusunu ele almaktad\u0131r. Amac\u0131, T\u00fcrkiye\u2019de afet ve acil durum y\u00f6netimi konusundaki mevzuat\u0131 b\u00fct\u00fcnc\u00fcl bi\u00e7imde g\u00f6zden ge\u00e7irmektir. Bu ama\u00e7 do\u011frultusunda, 3 k\u0131s\u0131m i\u00e7inde 13 b\u00f6l\u00fcm alt\u0131nda konu ele al\u0131nmaktad\u0131r. <\/p>\n","protected":false},"excerpt":{"rendered":"<p>Afet y\u00f6netimi s\u00fcre\u00e7lerinin \u00f6z\u00fcnde, insan ya\u015fam\u0131n\u0131n korunmas\u0131 hakk\u0131 yer almaktad\u0131r. Bu hak, Anayasa taraf\u0131ndan, kamu kurum ve kuru\u015flar\u0131na, devlete ve \u00f6zel \u015fah\u0131slara bir g\u00f6rev olarak verilmi\u015ftir.<span class=\"excerpt-hellip\"> [\u2026]<\/span><\/p>\n","protected":false},"featured_media":0,"template":"","meta":{"_monsterinsights_skip_tracking":false,"_monsterinsights_sitenote_active":false,"_monsterinsights_sitenote_note":"","_monsterinsights_sitenote_category":0},"product_brand":[],"product_cat":[12325,12324],"product_tag":[],"class_list":{"0":"post-774384","1":"product","2":"type-product","3":"status-publish","5":"product_cat-diger-sosyoloji","6":"product_cat-sosyoloji","7":"pa_cilt-ciltsiz","8":"pa_tur-kitap","9":"pa_yayinevi-tiav","10":"pa_yazar-kolektif","12":"first","13":"instock","14":"sale","15":"shipping-taxable","16":"purchasable","17":"product-type-simple"},"_links":{"self":[{"href":"https:\/\/roveyayinevi.com.tr\/index.php\/wp-json\/wp\/v2\/product\/774384","targetHints":{"allow":["GET"]}}],"collection":[{"href":"https:\/\/roveyayinevi.com.tr\/index.php\/wp-json\/wp\/v2\/product"}],"about":[{"href":"https:\/\/roveyayinevi.com.tr\/index.php\/wp-json\/wp\/v2\/types\/product"}],"wp:attachment":[{"href":"https:\/\/roveyayinevi.com.tr\/index.php\/wp-json\/wp\/v2\/media?parent=774384"}],"wp:term":[{"taxonomy":"product_brand","embeddable":true,"href":"https:\/\/roveyayinevi.com.tr\/index.php\/wp-json\/wp\/v2\/product_brand?post=774384"},{"taxonomy":"product_cat","embeddable":true,"href":"https:\/\/roveyayinevi.com.tr\/index.php\/wp-json\/wp\/v2\/product_cat?post=774384"},{"taxonomy":"product_tag","embeddable":true,"href":"https:\/\/roveyayinevi.com.tr\/index.php\/wp-json\/wp\/v2\/product_tag?post=774384"}],"curies":[{"name":"wp","href":"https:\/\/api.w.org\/{rel}","templated":true}]}}